{"id":724285,"date":"2025-08-27T19:32:20","date_gmt":"2025-08-27T16:32:20","guid":{"rendered":"https:\/\/roveyayinevi.com.tr\/index.php\/urun\/gecmeyen-ne-var-hayatta\/"},"modified":"2026-04-16T02:32:16","modified_gmt":"2026-04-15T23:32:16","slug":"gecmeyen-ne-var-hayatta","status":"publish","type":"product","link":"https:\/\/roveyayinevi.com.tr\/index.php\/urun\/gecmeyen-ne-var-hayatta\/","title":{"rendered":"Ge\u00e7meyen Ne Var Hayatta"},"content":{"rendered":"<p>\u0130nsan vazge\u00e7meyi de bilmeli \u0130yi gelmeyenden, mutlu etmeyenden, Hay\u0131rl\u0131 olmayandan&#8230; Diretmemeli, Yeni kap\u0131lar\u0131n a\u00e7\u0131lmas\u0131 i\u00e7in eski kap\u0131lar\u0131 yava\u015f\u00e7a \u00f6rtmeli <\/p>\n","protected":false},"excerpt":{"rendered":"<p>\u0130nsan vazge\u00e7meyi de bilmeli \u0130yi gelmeyenden, mutlu etmeyenden, Hay\u0131rl\u0131 olmayandan&#8230; Diretmemeli, Yeni kap\u0131lar\u0131n a\u00e7\u0131lmas\u0131 i\u00e7in eski kap\u0131lar\u0131 yava\u015f\u00e7a \u00f6rtmeli<\/p>\n","protected":false},"featured_media":0,"template":"","meta":{"_monsterinsights_skip_tracking":false,"_monsterinsights_sitenote_active":false,"_monsterinsights_sitenote_note":"","_monsterinsights_sitenote_category":0},"product_brand":[],"product_cat":[12291,12509],"product_tag":[],"class_list":{"0":"post-724285","1":"product","2":"type-product","3":"status-publish","5":"product_cat-edebiyat","6":"product_cat-siir","7":"pa_cilt-ciltsiz","8":"pa_tur-kitap","9":"pa_yayinevi-luna-yayinlari","10":"pa_yazar-nese-kilic","12":"first","13":"instock","14":"sale","15":"shipping-taxable","16":"purchasable","17":"product-type-simple"},"_links":{"self":[{"href":"https:\/\/roveyayinevi.com.tr\/index.php\/wp-json\/wp\/v2\/product\/724285","targetHints":{"allow":["GET"]}}],"collection":[{"href":"https:\/\/roveyayinevi.com.tr\/index.php\/wp-json\/wp\/v2\/product"}],"about":[{"href":"https:\/\/roveyayinevi.com.tr\/index.php\/wp-json\/wp\/v2\/types\/product"}],"wp:attachment":[{"href":"https:\/\/roveyayinevi.com.tr\/index.php\/wp-json\/wp\/v2\/media?parent=724285"}],"wp:term":[{"taxonomy":"product_brand","embeddable":true,"href":"https:\/\/roveyayinevi.com.tr\/index.php\/wp-json\/wp\/v2\/product_brand?post=724285"},{"taxonomy":"product_cat","embeddable":true,"href":"https:\/\/roveyayinevi.com.tr\/index.php\/wp-json\/wp\/v2\/product_cat?post=724285"},{"taxonomy":"product_tag","embeddable":true,"href":"https:\/\/roveyayinevi.com.tr\/index.php\/wp-json\/wp\/v2\/product_tag?post=724285"}],"curies":[{"name":"wp","href":"https:\/\/api.w.org\/{rel}","templated":true}]}}