{"id":724281,"date":"2025-08-27T19:32:17","date_gmt":"2025-08-27T16:32:17","guid":{"rendered":"https:\/\/roveyayinevi.com.tr\/index.php\/urun\/felsefi-dusun-sayi-14-foucault\/"},"modified":"2026-04-16T02:32:16","modified_gmt":"2026-04-15T23:32:16","slug":"felsefi-dusun-sayi-14-foucault","status":"publish","type":"product","link":"https:\/\/roveyayinevi.com.tr\/index.php\/urun\/felsefi-dusun-sayi-14-foucault\/","title":{"rendered":"Felsefi D\u00fc\u015f\u00fcn Say\u0131 : 14 &#8211; Foucault"},"content":{"rendered":"<p>Ya\u015fama Sanatlar\u0131: Foucault Antik\u00e7a\u011f\u2019da Sokrates Okuyor * Yaylag\u00fcl CERAN KARATA\u015e Kendilik Problemi: Politik ve Metafizik Ba\u011flamda Bir Performatif Kendilik \u0130ncelemesi * Cevriye DEM\u0130R G\u00dcNE\u015e Michel Foucault\u2019nun Pierre Rivi\u00e8re\u2019i * Elif ERG\u00dcN \u00d6znenin Tahakk\u00fcm Nesnesine D\u00f6n\u00fc\u015f\u00fcm\u00fcnden Kendilik Tekniklerine: \u0130tiraf * Hakan G\u00dcNDO\u011eDU Spesifik Entelekt\u00fcel ve Foucault * Enis MEM\u0130\u015eO\u011eLU Foucault\u2019nun Yaz\u0131s\u0131nda Misalin Vaziyeti * Duygu ONAY-\u00c7\u00d6KER The Episteme of \u2018Virginity\u2019 in the Context of Foucault\u2019s Philosophy Foucault Felsefesi Ba\u011flam\u0131nda \u2018Bek\u00e2ret\u2019 Epistemesi * Utku \u00d6ZMAKAS \u0130ktidar: Yollar\u0131 \u00c7atallanan Bah\u00e7e * Murat M. T\u00dcRKMEN Foucault\u2019nun Ya\u015fam\u0131 Sanat Eseri K\u0131lma \u00c7a\u011fr\u0131s\u0131: \u2018Varolu\u015f Esteti\u011fi\u2019 * Veli URHAN Michel Foucault A\u00e7\u0131s\u0131ndan \u0130nsan ve \u0130nsan Bilimleri * Veli URHAN Michel Foucault\u2019da Etik ve Ahlak Ayr\u0131m\u0131     K\u0130TAP \u0130NCELEMES\u0130 Umut DA\u011e\/ Eric PARAS: Foucault \u00d6znenin Yitiminden Yeniden Do\u011fu\u015funa <\/p>\n","protected":false},"excerpt":{"rendered":"<p>Ya\u015fama Sanatlar\u0131: Foucault Antik\u00e7a\u011f\u2019da Sokrates Okuyor * Yaylag\u00fcl CERAN KARATA\u015e Kendilik Problemi: Politik ve Metafizik Ba\u011flamda Bir Performatif Kendilik \u0130ncelemesi * Cevriye DEM\u0130R G\u00dcNE\u015e Michel Foucault\u2019nun<span class=\"excerpt-hellip\"> [\u2026]<\/span><\/p>\n","protected":false},"featured_media":0,"template":"","meta":{"_monsterinsights_skip_tracking":false,"_monsterinsights_sitenote_active":false,"_monsterinsights_sitenote_note":"","_monsterinsights_sitenote_category":0},"product_brand":[],"product_cat":[13527],"product_tag":[],"class_list":{"0":"post-724281","1":"product","2":"type-product","3":"status-publish","5":"product_cat-sureli-yayinlar","6":"pa_cilt-ciltsiz","7":"pa_tur-dergi","8":"pa_yayinevi-pinhan-yayincilik","9":"pa_yazar-kolektif","11":"first","12":"instock","13":"sale","14":"shipping-taxable","15":"purchasable","16":"product-type-simple"},"_links":{"self":[{"href":"https:\/\/roveyayinevi.com.tr\/index.php\/wp-json\/wp\/v2\/product\/724281","targetHints":{"allow":["GET"]}}],"collection":[{"href":"https:\/\/roveyayinevi.com.tr\/index.php\/wp-json\/wp\/v2\/product"}],"about":[{"href":"https:\/\/roveyayinevi.com.tr\/index.php\/wp-json\/wp\/v2\/types\/product"}],"wp:attachment":[{"href":"https:\/\/roveyayinevi.com.tr\/index.php\/wp-json\/wp\/v2\/media?parent=724281"}],"wp:term":[{"taxonomy":"product_brand","embeddable":true,"href":"https:\/\/roveyayinevi.com.tr\/index.php\/wp-json\/wp\/v2\/product_brand?post=724281"},{"taxonomy":"product_cat","embeddable":true,"href":"https:\/\/roveyayinevi.com.tr\/index.php\/wp-json\/wp\/v2\/product_cat?post=724281"},{"taxonomy":"product_tag","embeddable":true,"href":"https:\/\/roveyayinevi.com.tr\/index.php\/wp-json\/wp\/v2\/product_tag?post=724281"}],"curies":[{"name":"wp","href":"https:\/\/api.w.org\/{rel}","templated":true}]}}