{"id":724279,"date":"2025-08-27T19:32:16","date_gmt":"2025-08-27T16:32:16","guid":{"rendered":"https:\/\/roveyayinevi.com.tr\/index.php\/urun\/catisma-yonetim-sistemi\/"},"modified":"2026-04-16T02:32:16","modified_gmt":"2026-04-15T23:32:16","slug":"catisma-yonetim-sistemi","status":"publish","type":"product","link":"https:\/\/roveyayinevi.com.tr\/index.php\/urun\/catisma-yonetim-sistemi\/","title":{"rendered":"\u00c7at\u0131\u015fma Y\u00f6netim Sistemi"},"content":{"rendered":"<p>Hayat\u0131m\u0131z\u0131n her \u00e2n\u0131nda, evde, okulda, i\u015fyerinde, dostlar aras\u0131nda, \u00e7e\u015fitli ihtiya\u00e7lar duyuyor, bunlar\u0131n tatmini i\u00e7in rekabet ediyor, \u00e7\u00f6z\u00fcm\u00fc i\u00e7in \u00e7at\u0131\u015fmalar ya\u015f\u0131yoruz. Kimileri hayat\u0131m\u0131zda yap\u0131c\u0131 bir yer edinirken, kimi y\u0131k\u0131c\u0131 etkiler bar\u0131nd\u0131r\u0131yor. Her birinin kayna\u011f\u0131 birbirinden ayr\u0131, geli\u015fim s\u00fcreci ve i\u00e7erdi\u011fi davran\u0131\u015flar bamba\u015fka g\u00f6r\u00fcn\u00fcyor. Bu nedenle \u00e7at\u0131\u015fma etkile\u015fimini anlamak, insan\u0131 ve toplu ya\u015fay\u0131\u015f\u0131 anlamadan m\u00fcmk\u00fcn g\u00f6r\u00fcnm\u00fcyor.   Bu kitap \u00e7al\u0131\u015fma hayat\u0131m\u0131zda ya\u015fad\u0131\u011f\u0131m\u0131z \u00e7at\u0131\u015fmalar\u0131m\u0131z\u0131 mercek alt\u0131na al\u0131yor. Bunu yaparken \u00e7e\u015fitli bilim dallar\u0131n\u0131n bulgular\u0131n\u0131 b\u00fct\u00fcnle\u015ftirmeyi, \u00e7at\u0131\u015fma etkile\u015fimine dair b\u00fcy\u00fck resmi ortaya koymay\u0131 hedefliyor. B\u00f6ylece hem i\u015fyerinde \u00e7at\u0131\u015fma, \u015fiddet, mobbing ya\u015fayan ki\u015filere ya\u015fad\u0131klar\u0131 etkile\u015fim hakk\u0131nda bir anlay\u0131\u015f elde etmeleri amac\u0131yla a\u00e7\u0131klamalar sunuyor, hem de i\u015fverenin \u00e7at\u0131\u015fmalar\u0131 nas\u0131l y\u00f6netebilece\u011fine dair tavsiyeler i\u00e7eriyor. <\/p>\n","protected":false},"excerpt":{"rendered":"<p>Hayat\u0131m\u0131z\u0131n her \u00e2n\u0131nda, evde, okulda, i\u015fyerinde, dostlar aras\u0131nda, \u00e7e\u015fitli ihtiya\u00e7lar duyuyor, bunlar\u0131n tatmini i\u00e7in rekabet ediyor, \u00e7\u00f6z\u00fcm\u00fc i\u00e7in \u00e7at\u0131\u015fmalar ya\u015f\u0131yoruz. Kimileri hayat\u0131m\u0131zda yap\u0131c\u0131 bir yer edinirken,<span class=\"excerpt-hellip\"> [\u2026]<\/span><\/p>\n","protected":false},"featured_media":0,"template":"","meta":{"_monsterinsights_skip_tracking":false,"_monsterinsights_sitenote_active":false,"_monsterinsights_sitenote_note":"","_monsterinsights_sitenote_category":0},"product_brand":[],"product_cat":[13043,19008],"product_tag":[],"class_list":{"0":"post-724279","1":"product","2":"type-product","3":"status-publish","5":"product_cat-ekonomi","6":"product_cat-yonetim","7":"pa_cilt-ciltsiz","8":"pa_tur-kitap","9":"pa_yayinevi-sola-unitas","10":"pa_yazar-sezil-durmus","12":"first","13":"instock","14":"sale","15":"shipping-taxable","16":"purchasable","17":"product-type-simple"},"_links":{"self":[{"href":"https:\/\/roveyayinevi.com.tr\/index.php\/wp-json\/wp\/v2\/product\/724279","targetHints":{"allow":["GET"]}}],"collection":[{"href":"https:\/\/roveyayinevi.com.tr\/index.php\/wp-json\/wp\/v2\/product"}],"about":[{"href":"https:\/\/roveyayinevi.com.tr\/index.php\/wp-json\/wp\/v2\/types\/product"}],"wp:attachment":[{"href":"https:\/\/roveyayinevi.com.tr\/index.php\/wp-json\/wp\/v2\/media?parent=724279"}],"wp:term":[{"taxonomy":"product_brand","embeddable":true,"href":"https:\/\/roveyayinevi.com.tr\/index.php\/wp-json\/wp\/v2\/product_brand?post=724279"},{"taxonomy":"product_cat","embeddable":true,"href":"https:\/\/roveyayinevi.com.tr\/index.php\/wp-json\/wp\/v2\/product_cat?post=724279"},{"taxonomy":"product_tag","embeddable":true,"href":"https:\/\/roveyayinevi.com.tr\/index.php\/wp-json\/wp\/v2\/product_tag?post=724279"}],"curies":[{"name":"wp","href":"https:\/\/api.w.org\/{rel}","templated":true}]}}