{"id":724278,"date":"2025-08-27T19:32:15","date_gmt":"2025-08-27T16:32:15","guid":{"rendered":"https:\/\/roveyayinevi.com.tr\/index.php\/urun\/akilli-virus-savascisi\/"},"modified":"2026-04-16T02:32:16","modified_gmt":"2026-04-15T23:32:16","slug":"akilli-virus-savascisi","status":"publish","type":"product","link":"https:\/\/roveyayinevi.com.tr\/index.php\/urun\/akilli-virus-savascisi\/","title":{"rendered":"Ak\u0131ll\u0131 Vir\u00fcs Sava\u015f\u00e7\u0131s\u0131!"},"content":{"rendered":"<p>\u0130nan\u0131lmaz bir vir\u00fcs sava\u015f\u00e7\u0131s\u0131 olman i\u00e7in gereken her \u015feyi \u00f6\u011fren!Kendini ve sevdiklerini pusuda bekleyen mikroplara kar\u015f\u0131 koru.Kendini ve evinizi vir\u00fcss\u00fcz hale getirmenin inceliklerini \u00f6\u011fren.Bir vir\u00fcs\u00fcn \u00e7evreye sa\u00e7\u0131lmas\u0131n\u0131 nas\u0131l \u00f6nleyece\u011fini ve bunu neden yapman gerekti\u011fini \u00f6\u011fren.<\/p>\n","protected":false},"excerpt":{"rendered":"<p>\u0130nan\u0131lmaz bir vir\u00fcs sava\u015f\u00e7\u0131s\u0131 olman i\u00e7in gereken her \u015feyi \u00f6\u011fren!Kendini ve sevdiklerini pusuda bekleyen mikroplara kar\u015f\u0131 koru.Kendini ve evinizi vir\u00fcss\u00fcz hale getirmenin inceliklerini \u00f6\u011fren.Bir vir\u00fcs\u00fcn \u00e7evreye<span class=\"excerpt-hellip\"> [\u2026]<\/span><\/p>\n","protected":false},"featured_media":0,"template":"","meta":{"_monsterinsights_skip_tracking":false,"_monsterinsights_sitenote_active":false,"_monsterinsights_sitenote_note":"","_monsterinsights_sitenote_category":0},"product_brand":[],"product_cat":[12274,12284],"product_tag":[],"class_list":{"0":"post-724278","1":"product","2":"type-product","3":"status-publish","5":"product_cat-cocuk-ve-genclik-kitaplari","6":"product_cat-hikayeler","7":"pa_cilt-ciltsiz","8":"pa_tur-kitap","9":"pa_yayinevi-is-bankasi-kultur-yayinlari","10":"pa_yazar-eloise-macgregor","12":"first","13":"instock","14":"sale","15":"shipping-taxable","16":"purchasable","17":"product-type-simple"},"_links":{"self":[{"href":"https:\/\/roveyayinevi.com.tr\/index.php\/wp-json\/wp\/v2\/product\/724278","targetHints":{"allow":["GET"]}}],"collection":[{"href":"https:\/\/roveyayinevi.com.tr\/index.php\/wp-json\/wp\/v2\/product"}],"about":[{"href":"https:\/\/roveyayinevi.com.tr\/index.php\/wp-json\/wp\/v2\/types\/product"}],"wp:attachment":[{"href":"https:\/\/roveyayinevi.com.tr\/index.php\/wp-json\/wp\/v2\/media?parent=724278"}],"wp:term":[{"taxonomy":"product_brand","embeddable":true,"href":"https:\/\/roveyayinevi.com.tr\/index.php\/wp-json\/wp\/v2\/product_brand?post=724278"},{"taxonomy":"product_cat","embeddable":true,"href":"https:\/\/roveyayinevi.com.tr\/index.php\/wp-json\/wp\/v2\/product_cat?post=724278"},{"taxonomy":"product_tag","embeddable":true,"href":"https:\/\/roveyayinevi.com.tr\/index.php\/wp-json\/wp\/v2\/product_tag?post=724278"}],"curies":[{"name":"wp","href":"https:\/\/api.w.org\/{rel}","templated":true}]}}