{"id":724275,"date":"2025-08-27T19:32:12","date_gmt":"2025-08-27T16:32:12","guid":{"rendered":"https:\/\/roveyayinevi.com.tr\/index.php\/urun\/elifin-uykusu-gelmiyor\/"},"modified":"2026-04-16T02:32:16","modified_gmt":"2026-04-15T23:32:16","slug":"elifin-uykusu-gelmiyor","status":"publish","type":"product","link":"https:\/\/roveyayinevi.com.tr\/index.php\/urun\/elifin-uykusu-gelmiyor\/","title":{"rendered":"Elif&#8217;in Uykusu Gelmiyor"},"content":{"rendered":"<p>Annesi, yatmas\u0131 gerekti\u011fini s\u00f6yledi\u011finde Elif, pijamalar\u0131n\u0131 giydi, di\u015flerini f\u0131r\u00e7alad\u0131 ve yatt\u0131. Babas\u0131 ona kitap okudu. Art\u0131k uyku zaman\u0131 gelmi\u015fti. Ne var ki Elif bir t\u00fcrl\u00fc uyuyam\u0131yordu. Bir s\u00fcr\u00fc bahaneyle yataktan kalk\u0131p tekrar yatan Elif, en sonunda nas\u0131l uykuya dald\u0131 acaba?<\/p>\n","protected":false},"excerpt":{"rendered":"<p>Annesi, yatmas\u0131 gerekti\u011fini s\u00f6yledi\u011finde Elif, pijamalar\u0131n\u0131 giydi, di\u015flerini f\u0131r\u00e7alad\u0131 ve yatt\u0131. Babas\u0131 ona kitap okudu. Art\u0131k uyku zaman\u0131 gelmi\u015fti. Ne var ki Elif bir t\u00fcrl\u00fc uyuyam\u0131yordu.<span class=\"excerpt-hellip\"> [\u2026]<\/span><\/p>\n","protected":false},"featured_media":0,"template":"","meta":{"_monsterinsights_skip_tracking":false,"_monsterinsights_sitenote_active":false,"_monsterinsights_sitenote_note":"","_monsterinsights_sitenote_category":0},"product_brand":[],"product_cat":[12274,12284],"product_tag":[],"class_list":{"0":"post-724275","1":"product","2":"type-product","3":"status-publish","5":"product_cat-cocuk-ve-genclik-kitaplari","6":"product_cat-hikayeler","7":"pa_cilt-ciltsiz","8":"pa_tur-kitap","9":"pa_yayinevi-is-bankasi-kultur-yayinlari","10":"pa_yazar-liane-schneider","12":"first","13":"instock","14":"sale","15":"shipping-taxable","16":"purchasable","17":"product-type-simple"},"_links":{"self":[{"href":"https:\/\/roveyayinevi.com.tr\/index.php\/wp-json\/wp\/v2\/product\/724275","targetHints":{"allow":["GET"]}}],"collection":[{"href":"https:\/\/roveyayinevi.com.tr\/index.php\/wp-json\/wp\/v2\/product"}],"about":[{"href":"https:\/\/roveyayinevi.com.tr\/index.php\/wp-json\/wp\/v2\/types\/product"}],"wp:attachment":[{"href":"https:\/\/roveyayinevi.com.tr\/index.php\/wp-json\/wp\/v2\/media?parent=724275"}],"wp:term":[{"taxonomy":"product_brand","embeddable":true,"href":"https:\/\/roveyayinevi.com.tr\/index.php\/wp-json\/wp\/v2\/product_brand?post=724275"},{"taxonomy":"product_cat","embeddable":true,"href":"https:\/\/roveyayinevi.com.tr\/index.php\/wp-json\/wp\/v2\/product_cat?post=724275"},{"taxonomy":"product_tag","embeddable":true,"href":"https:\/\/roveyayinevi.com.tr\/index.php\/wp-json\/wp\/v2\/product_tag?post=724275"}],"curies":[{"name":"wp","href":"https:\/\/api.w.org\/{rel}","templated":true}]}}