{"id":724274,"date":"2025-08-27T19:32:12","date_gmt":"2025-08-27T16:32:12","guid":{"rendered":"https:\/\/roveyayinevi.com.tr\/index.php\/urun\/gizli-bahce-11\/"},"modified":"2026-04-16T02:32:16","modified_gmt":"2026-04-15T23:32:16","slug":"gizli-bahce-11","status":"publish","type":"product","link":"https:\/\/roveyayinevi.com.tr\/index.php\/urun\/gizli-bahce-11\/","title":{"rendered":"Gizli Bah\u00e7e"},"content":{"rendered":"<p>\u0130ngiltere\u2019nin u\u00e7suz bucaks\u0131z fundal\u0131k arazilerinden birinde yer alan Misselthweite Malik\u00e2nesi, kap\u0131s\u0131 kilitli y\u00fcz odas\u0131, geceleri duyulan tekinsiz a\u011flama sesleri ve duvarla \u00e7evrelenmi\u015f bah\u00e7eleriyle birlikte de\u011fi\u015fim, kurtulu\u015f ve ar\u0131nma temal\u0131 bir hik\u00e2yeye ev sahipli\u011fi yapar. Frances Hodgson Burnett\u2019\u0131n Gizli Bah\u00e7e\u2019si, Victoria d\u00f6neminde tasvir edilen gelenekselle\u015fmi\u015f yetim \u00e7ocuk imgesini ba\u015fka bir noktaya ta\u015f\u0131r. Oliver Twist, Jane Eyre ya da Heidi gibi munis, utanga\u00e7 ve sinik bir karakter olmayan Mary Lennox, \u015f\u0131mar\u0131k, bencil ve kimi zaman da \u015fiddete meyillidir. Onun kendini tan\u0131y\u0131p s\u00f6m\u00fcrgeci bir k\u00fclt\u00fcrde yeti\u015fmenin etkilerinden s\u0131yr\u0131lma yolculu\u011fu, anahtar\u0131 topra\u011fa g\u00f6m\u00fcl\u00fc bir bah\u00e7e kap\u0131s\u0131n\u0131n a\u00e7\u0131lmas\u0131yla ba\u015flar. Mary\u2019nin kendisi gibi sevgisiz bir \u00e7ocukluk ge\u00e7iren kuzeni Colin\u2019in onu \u00e7epe\u00e7evre saran buhrandan kurtulmas\u0131n\u0131n s\u0131rr\u0131 da ayn\u0131 kap\u0131n\u0131n ard\u0131nda gizlidir.1911\u2019den beri say\u0131s\u0131z \u00e7ocu\u011fu ve yeti\u015fkini a\u011f\u0131rlayan Gizli Bah\u00e7e, g\u00fcn\u00fcm\u00fczde \u00e7ocuk edebiyat\u0131 kanonuna dahil edilse de ilk olarak hedef kitlesi yeti\u015fkinler olan bir dergide tefrika edilmi\u015ftir. Yazar\u0131n Britanya\u2019n\u0131n s\u00f6m\u00fcrgeci politikas\u0131na, d\u00f6nemin \u00e7ocuk yeti\u015ftirme y\u00f6ntemlerine ve bi\u00e7ilmi\u015f cinsiyet rollerine y\u00f6neltti\u011fi ele\u015ftirilerin yan\u0131 s\u0131ra, holistik t\u0131p yanl\u0131s\u0131 yakla\u015f\u0131m\u0131 da h\u00e2l\u00e2 g\u00fcncelli\u011fini korumaktad\u0131r.<\/p>\n","protected":false},"excerpt":{"rendered":"<p>\u0130ngiltere\u2019nin u\u00e7suz bucaks\u0131z fundal\u0131k arazilerinden birinde yer alan Misselthweite Malik\u00e2nesi, kap\u0131s\u0131 kilitli y\u00fcz odas\u0131, geceleri duyulan tekinsiz a\u011flama sesleri ve duvarla \u00e7evrelenmi\u015f bah\u00e7eleriyle birlikte de\u011fi\u015fim, kurtulu\u015f<span class=\"excerpt-hellip\"> [\u2026]<\/span><\/p>\n","protected":false},"featured_media":0,"template":"","meta":{"_monsterinsights_skip_tracking":false,"_monsterinsights_sitenote_active":false,"_monsterinsights_sitenote_note":"","_monsterinsights_sitenote_category":0},"product_brand":[],"product_cat":[13835],"product_tag":[],"class_list":{"0":"post-724274","1":"product","2":"type-product","3":"status-publish","5":"product_cat-cok-satanlar","6":"pa_cilt-ciltsiz","7":"pa_tur-kitap","8":"pa_yayinevi-is-bankasi-kultur-yayinlari","9":"pa_yazar-frances-hodgson-burnett","11":"first","12":"instock","13":"sale","14":"shipping-taxable","15":"purchasable","16":"product-type-simple"},"_links":{"self":[{"href":"https:\/\/roveyayinevi.com.tr\/index.php\/wp-json\/wp\/v2\/product\/724274","targetHints":{"allow":["GET"]}}],"collection":[{"href":"https:\/\/roveyayinevi.com.tr\/index.php\/wp-json\/wp\/v2\/product"}],"about":[{"href":"https:\/\/roveyayinevi.com.tr\/index.php\/wp-json\/wp\/v2\/types\/product"}],"wp:attachment":[{"href":"https:\/\/roveyayinevi.com.tr\/index.php\/wp-json\/wp\/v2\/media?parent=724274"}],"wp:term":[{"taxonomy":"product_brand","embeddable":true,"href":"https:\/\/roveyayinevi.com.tr\/index.php\/wp-json\/wp\/v2\/product_brand?post=724274"},{"taxonomy":"product_cat","embeddable":true,"href":"https:\/\/roveyayinevi.com.tr\/index.php\/wp-json\/wp\/v2\/product_cat?post=724274"},{"taxonomy":"product_tag","embeddable":true,"href":"https:\/\/roveyayinevi.com.tr\/index.php\/wp-json\/wp\/v2\/product_tag?post=724274"}],"curies":[{"name":"wp","href":"https:\/\/api.w.org\/{rel}","templated":true}]}}