{"id":724270,"date":"2025-08-27T19:32:08","date_gmt":"2025-08-27T16:32:08","guid":{"rendered":"https:\/\/roveyayinevi.com.tr\/index.php\/urun\/yontem-uzerine-konusma-3\/"},"modified":"2026-04-16T02:32:16","modified_gmt":"2026-04-15T23:32:16","slug":"yontem-uzerine-konusma-3","status":"publish","type":"product","link":"https:\/\/roveyayinevi.com.tr\/index.php\/urun\/yontem-uzerine-konusma-3\/","title":{"rendered":"Y\u00f6ntem \u00dczerine Konu\u015fma"},"content":{"rendered":"<p>Ren\u00e9 Descartes (1596-1650): Frans\u0131z matematik\u00e7i, bilim adam\u0131 ve filozof. Skolastik Aristoteles\u00e7ili\u011fi ilk terk edenlerdendir. Zihin-beden probleminin ilk modern versiyonunu form\u00fcle edip g\u00f6zlem ve deneyi temel alan yeni bir bilimin geli\u015fimine \u00f6nayak oldu\u011fu i\u00e7in modern felsefenin babas\u0131 olarak an\u0131l\u0131r. \u0130lk kez 1637\u2019de yazar\u0131n\u0131n ad\u0131 yer almaks\u0131z\u0131n yay\u0131mlanan Y\u00f6ntem \u00dczerine Konu\u015fma, Descartes\u2019\u0131n ge\u00e7mi\u015finin muhasebesini yapt\u0131\u011f\u0131 bir otobiyografi ve evrensel bilim projesinin giri\u015fini olu\u015fturan bir felsefe ve bilim eseridir. Otoritelerden ve alg\u0131lardan geldikleri i\u00e7in apa\u00e7\u0131km\u0131\u015f gibi g\u00f6r\u00fcnen b\u00fct\u00fcn bilgileri y\u00f6ntemsel \u015f\u00fcpheye tabi tutarak bilim i\u00e7in sars\u0131lmaz bir temel aram\u0131\u015f ve bunu ilk kez Y\u00f6ntem \u00dczerine Konu\u015fma\u2019da Frans\u0131zca ifade edilen \u201cd\u00fc\u015f\u00fcn\u00fcyorum, \u00f6yleyse var\u0131m\u201d form\u00fcl\u00fcnde bulmu\u015ftur. Tasavvur etti\u011fi d\u00fcnya kar\u015f\u0131s\u0131nda bilen \u00f6zne \u00fczerine dayanan bilim sistemini \u00f6zetleyen bu form\u00fcl daha \u00e7ok Latince \u00e7evirisiyle \u201cCogito, ergo sum\u201d diye bilinir.<\/p>\n","protected":false},"excerpt":{"rendered":"<p>Ren\u00e9 Descartes (1596-1650): Frans\u0131z matematik\u00e7i, bilim adam\u0131 ve filozof. Skolastik Aristoteles\u00e7ili\u011fi ilk terk edenlerdendir. Zihin-beden probleminin ilk modern versiyonunu form\u00fcle edip g\u00f6zlem ve deneyi temel alan<span class=\"excerpt-hellip\"> [\u2026]<\/span><\/p>\n","protected":false},"featured_media":0,"template":"","meta":{"_monsterinsights_skip_tracking":false,"_monsterinsights_sitenote_active":false,"_monsterinsights_sitenote_note":"","_monsterinsights_sitenote_category":0},"product_brand":[],"product_cat":[12364,12376],"product_tag":[],"class_list":{"0":"post-724270","1":"product","2":"type-product","3":"status-publish","5":"product_cat-genel-konular","6":"product_cat-kisisel-gelisim","7":"pa_cilt-ciltsiz","8":"pa_tur-kitap","9":"pa_yayinevi-is-bankasi-kultur-yayinlari","10":"pa_yazar-rene-descartes","12":"first","13":"instock","14":"sale","15":"shipping-taxable","16":"purchasable","17":"product-type-simple"},"_links":{"self":[{"href":"https:\/\/roveyayinevi.com.tr\/index.php\/wp-json\/wp\/v2\/product\/724270","targetHints":{"allow":["GET"]}}],"collection":[{"href":"https:\/\/roveyayinevi.com.tr\/index.php\/wp-json\/wp\/v2\/product"}],"about":[{"href":"https:\/\/roveyayinevi.com.tr\/index.php\/wp-json\/wp\/v2\/types\/product"}],"wp:attachment":[{"href":"https:\/\/roveyayinevi.com.tr\/index.php\/wp-json\/wp\/v2\/media?parent=724270"}],"wp:term":[{"taxonomy":"product_brand","embeddable":true,"href":"https:\/\/roveyayinevi.com.tr\/index.php\/wp-json\/wp\/v2\/product_brand?post=724270"},{"taxonomy":"product_cat","embeddable":true,"href":"https:\/\/roveyayinevi.com.tr\/index.php\/wp-json\/wp\/v2\/product_cat?post=724270"},{"taxonomy":"product_tag","embeddable":true,"href":"https:\/\/roveyayinevi.com.tr\/index.php\/wp-json\/wp\/v2\/product_tag?post=724270"}],"curies":[{"name":"wp","href":"https:\/\/api.w.org\/{rel}","templated":true}]}}