{"id":724268,"date":"2025-08-27T19:32:06","date_gmt":"2025-08-27T16:32:06","guid":{"rendered":"https:\/\/roveyayinevi.com.tr\/index.php\/urun\/yasli-cinar-agaci\/"},"modified":"2026-04-16T02:32:16","modified_gmt":"2026-04-15T23:32:16","slug":"yasli-cinar-agaci","status":"publish","type":"product","link":"https:\/\/roveyayinevi.com.tr\/index.php\/urun\/yasli-cinar-agaci\/","title":{"rendered":"Ya\u015fl\u0131 \u00c7\u0131nar A\u011fac\u0131"},"content":{"rendered":"<p>Ya\u015fl\u0131 \u00c7\u0131nar A\u011fac\u0131, ya\u015flanan bir \u00e7\u0131nar a\u011fac\u0131n\u0131n bir g\u00fcn kesilerek k\u00e2\u011f\u0131t olmak \u00fczere \u00e7\u0131kt\u0131\u011f\u0131 yolculu\u011fu anlatan bir \u00f6yk\u00fc. Kullan\u0131ld\u0131ktan sonra pek \u00e7ok farkl\u0131 yerde i\u015flevini s\u00fcrd\u00fcren ya\u015fl\u0131 \u00e7\u0131nar a\u011fac\u0131, bu sonsuz yolculukta pek \u00e7ok ser\u00fcven ya\u015f\u0131yor. Bizler bu geri d\u00f6n\u00fc\u015f\u00fcm \u00f6yk\u00fcs\u00fc sayesinde a\u011fa\u00e7lar\u0131n kesilmesinin \u00f6nlenebilece\u011fini ve bir a\u011fac\u0131n farkl\u0131 formlarla da olsa d\u00fcnyay\u0131 nas\u0131l gezebilece\u011fini \u00f6\u011freniyoruz.Bu kitab\u0131n g\u00f6rselleri sadece geri d\u00f6n\u00fc\u015f\u00fcml\u00fc k\u00e2\u011f\u0131tlar kullan\u0131larak haz\u0131rland\u0131.\u0130\u00e7inde ya\u015fad\u0131\u011f\u0131m\u0131z gezegen bizim hayat kayna\u011f\u0131m\u0131z. K\u00fc\u00e7\u00fck fark\u0131ndal\u0131klar, d\u00fcnyam\u0131z\u0131n kaynaklar\u0131n\u0131n do\u011fru kullan\u0131m\u0131 i\u00e7in at\u0131lanb\u00fcy\u00fck ad\u0131mlar demektir.Geri d\u00f6n\u00fc\u015f\u00fcm ve yeniden kullan\u0131m gibi \u00e7\u00f6z\u00fcmler d\u00fcnyam\u0131z\u0131 korumak i\u00e7in bireysel olarak yapabilece\u011fimiz en \u00f6nemli davran\u0131\u015flardand\u0131r.Unutmay\u0131n; \u00e7ocuklar\u0131m\u0131z\u0131n geri d\u00f6n\u00fc\u015f\u00fcm ve kaynaklar\u0131 do\u011fru kullanmayla ilgili erken ya\u015flarda kazanaca\u011f\u0131 bilgiler, zaman i\u00e7inde temel bir davran\u0131\u015fa d\u00f6n\u00fc\u015f\u00fcr.Elinizdeki kitap \u00e7ocuklar\u0131n do\u011fay\u0131 nas\u0131l koruyabilecekleri somutla\u015ft\u0131r\u0131larak anlatma \u00e7abas\u0131 i\u00e7indedir. Seriyi olu\u015fturan her bir \u00f6yk\u00fcdekikahramanla kurduklar\u0131 \u00f6zde\u015fim sayesinde gezegenimize kar\u015f\u0131 olan sorumluluklar\u0131n\u0131 yerine getirebileceklerine inan\u0131yoruz.<\/p>\n","protected":false},"excerpt":{"rendered":"<p>Ya\u015fl\u0131 \u00c7\u0131nar A\u011fac\u0131, ya\u015flanan bir \u00e7\u0131nar a\u011fac\u0131n\u0131n bir g\u00fcn kesilerek k\u00e2\u011f\u0131t olmak \u00fczere \u00e7\u0131kt\u0131\u011f\u0131 yolculu\u011fu anlatan bir \u00f6yk\u00fc. Kullan\u0131ld\u0131ktan sonra pek \u00e7ok farkl\u0131 yerde i\u015flevini s\u00fcrd\u00fcren<span class=\"excerpt-hellip\"> [\u2026]<\/span><\/p>\n","protected":false},"featured_media":0,"template":"","meta":{"_monsterinsights_skip_tracking":false,"_monsterinsights_sitenote_active":false,"_monsterinsights_sitenote_note":"","_monsterinsights_sitenote_category":0},"product_brand":[],"product_cat":[12274,12518],"product_tag":[],"class_list":{"0":"post-724268","1":"product","2":"type-product","3":"status-publish","5":"product_cat-cocuk-ve-genclik-kitaplari","6":"product_cat-okul-oncesi-kitaplar","7":"pa_cilt-ciltsiz","8":"pa_tur-kitap","9":"pa_yayinevi-altin-kitaplar","10":"pa_yazar-bilge-buhan-musa","12":"first","13":"instock","14":"sale","15":"shipping-taxable","16":"purchasable","17":"product-type-simple"},"_links":{"self":[{"href":"https:\/\/roveyayinevi.com.tr\/index.php\/wp-json\/wp\/v2\/product\/724268","targetHints":{"allow":["GET"]}}],"collection":[{"href":"https:\/\/roveyayinevi.com.tr\/index.php\/wp-json\/wp\/v2\/product"}],"about":[{"href":"https:\/\/roveyayinevi.com.tr\/index.php\/wp-json\/wp\/v2\/types\/product"}],"wp:attachment":[{"href":"https:\/\/roveyayinevi.com.tr\/index.php\/wp-json\/wp\/v2\/media?parent=724268"}],"wp:term":[{"taxonomy":"product_brand","embeddable":true,"href":"https:\/\/roveyayinevi.com.tr\/index.php\/wp-json\/wp\/v2\/product_brand?post=724268"},{"taxonomy":"product_cat","embeddable":true,"href":"https:\/\/roveyayinevi.com.tr\/index.php\/wp-json\/wp\/v2\/product_cat?post=724268"},{"taxonomy":"product_tag","embeddable":true,"href":"https:\/\/roveyayinevi.com.tr\/index.php\/wp-json\/wp\/v2\/product_tag?post=724268"}],"curies":[{"name":"wp","href":"https:\/\/api.w.org\/{rel}","templated":true}]}}