{"id":724266,"date":"2025-08-27T19:32:05","date_gmt":"2025-08-27T16:32:05","guid":{"rendered":"https:\/\/roveyayinevi.com.tr\/index.php\/urun\/beyaz-plastik-bardak\/"},"modified":"2026-04-16T02:32:16","modified_gmt":"2026-04-15T23:32:16","slug":"beyaz-plastik-bardak","status":"publish","type":"product","link":"https:\/\/roveyayinevi.com.tr\/index.php\/urun\/beyaz-plastik-bardak\/","title":{"rendered":"Beyaz Plastik Bardak"},"content":{"rendered":"<p>Beyaz Plastik Bardak, plasti\u011fin geri d\u00f6n\u00fc\u015f\u00fcm\u00fcn\u00fc ve do\u011fada kal\u0131rsa zararlar\u0131n neler olabilece\u011fini anlatan ger\u00e7ek\u00e7i bir \u00f6yk\u00fc. Bal\u0131k\u00e7\u0131lar\u0131n a\u011f\u0131na tak\u0131lan beyaz plastik barda\u011f\u0131n \u00f6yk\u00fcs\u00fc hepimize unutulmaz dersler veriyor. Bu kitab\u0131n\u0131n g\u00f6rselleri sadece plastik materyaller kullan\u0131larak haz\u0131rland\u0131.\u0130\u00e7inde ya\u015fad\u0131\u011f\u0131m\u0131z gezegen bizim hayat kayna\u011f\u0131m\u0131z. K\u00fc\u00e7\u00fck fark\u0131ndal\u0131klar, d\u00fcnyam\u0131z\u0131n kaynaklar\u0131n\u0131n do\u011fru kullan\u0131m\u0131 i\u00e7in at\u0131lanb\u00fcy\u00fck ad\u0131mlar demektir.Geri d\u00f6n\u00fc\u015f\u00fcm ve yeniden kullan\u0131m gibi \u00e7\u00f6z\u00fcmler d\u00fcnyam\u0131z\u0131 korumak i\u00e7in bireysel olarak yapabilece\u011fimiz en \u00f6nemli davran\u0131\u015flardand\u0131r.Unutmay\u0131n; \u00e7ocuklar\u0131m\u0131z\u0131n geri d\u00f6n\u00fc\u015f\u00fcm ve kaynaklar\u0131 do\u011fru kullanmayla ilgili erken ya\u015flarda kazanaca\u011f\u0131 bilgiler, zaman i\u00e7indetemel bir davran\u0131\u015fa d\u00f6n\u00fc\u015f\u00fcr.Elinizdeki kitap \u00e7ocuklar\u0131n do\u011fay\u0131 nas\u0131l koruyabilecekleri somutla\u015ft\u0131r\u0131larak anlatma \u00e7abas\u0131 i\u00e7indedir. Seriyi olu\u015fturan her bir \u00f6yk\u00fcdekikahramanla kurduklar\u0131 \u00f6zde\u015fim sayesinde gezegenimize kar\u015f\u0131 olan sorumluluklar\u0131n\u0131 yerine getirebileceklerine inan\u0131yoruz.<\/p>\n","protected":false},"excerpt":{"rendered":"<p>Beyaz Plastik Bardak, plasti\u011fin geri d\u00f6n\u00fc\u015f\u00fcm\u00fcn\u00fc ve do\u011fada kal\u0131rsa zararlar\u0131n neler olabilece\u011fini anlatan ger\u00e7ek\u00e7i bir \u00f6yk\u00fc. Bal\u0131k\u00e7\u0131lar\u0131n a\u011f\u0131na tak\u0131lan beyaz plastik barda\u011f\u0131n \u00f6yk\u00fcs\u00fc hepimize unutulmaz dersler<span class=\"excerpt-hellip\"> [\u2026]<\/span><\/p>\n","protected":false},"featured_media":0,"template":"","meta":{"_monsterinsights_skip_tracking":false,"_monsterinsights_sitenote_active":false,"_monsterinsights_sitenote_note":"","_monsterinsights_sitenote_category":0},"product_brand":[],"product_cat":[12274,12518],"product_tag":[],"class_list":{"0":"post-724266","1":"product","2":"type-product","3":"status-publish","5":"product_cat-cocuk-ve-genclik-kitaplari","6":"product_cat-okul-oncesi-kitaplar","7":"pa_cilt-ciltsiz","8":"pa_tur-kitap","9":"pa_yayinevi-altin-kitaplar","10":"pa_yazar-bilge-buhan-musa","12":"first","13":"instock","14":"sale","15":"shipping-taxable","16":"purchasable","17":"product-type-simple"},"_links":{"self":[{"href":"https:\/\/roveyayinevi.com.tr\/index.php\/wp-json\/wp\/v2\/product\/724266","targetHints":{"allow":["GET"]}}],"collection":[{"href":"https:\/\/roveyayinevi.com.tr\/index.php\/wp-json\/wp\/v2\/product"}],"about":[{"href":"https:\/\/roveyayinevi.com.tr\/index.php\/wp-json\/wp\/v2\/types\/product"}],"wp:attachment":[{"href":"https:\/\/roveyayinevi.com.tr\/index.php\/wp-json\/wp\/v2\/media?parent=724266"}],"wp:term":[{"taxonomy":"product_brand","embeddable":true,"href":"https:\/\/roveyayinevi.com.tr\/index.php\/wp-json\/wp\/v2\/product_brand?post=724266"},{"taxonomy":"product_cat","embeddable":true,"href":"https:\/\/roveyayinevi.com.tr\/index.php\/wp-json\/wp\/v2\/product_cat?post=724266"},{"taxonomy":"product_tag","embeddable":true,"href":"https:\/\/roveyayinevi.com.tr\/index.php\/wp-json\/wp\/v2\/product_tag?post=724266"}],"curies":[{"name":"wp","href":"https:\/\/api.w.org\/{rel}","templated":true}]}}