{"id":724265,"date":"2025-08-27T19:32:04","date_gmt":"2025-08-27T16:32:04","guid":{"rendered":"https:\/\/roveyayinevi.com.tr\/index.php\/urun\/theta-healing-derin-inanclari-bulun\/"},"modified":"2026-04-16T02:32:16","modified_gmt":"2026-04-15T23:32:16","slug":"theta-healing-derin-inanclari-bulun","status":"publish","type":"product","link":"https:\/\/roveyayinevi.com.tr\/index.php\/urun\/theta-healing-derin-inanclari-bulun\/","title":{"rendered":"Theta Healing &#8211; Derin \u0130nan\u00e7lar\u0131 Bulun"},"content":{"rendered":"<p>\u0130nan\u00e7lar t\u0131pk\u0131 an\u0131lar gibi beynimize kaydedilir. Peki bunlar\u0131 nas\u0131l de\u011fi\u015ftirebiliriz?   ThetaHealing\u00ae, Stibal taraf\u0131ndan geli\u015ftirilen, ki\u015finin derin bir meditasyon durumuna girerek beynin Theta dalgalar\u0131na ula\u015fmas\u0131na ve inan\u0131lmaz iyile\u015ftirici g\u00fc\u00e7leri harekete ge\u00e7irmesine olanak sa\u011flayan devrim niteli\u011finde bir tekniktir. Saf ve ilahi Theta zihin durumunda, Var Olan Her \u015eeyin Yarat\u0131c\u0131s\u0131 ile ba\u011flant\u0131 kurabilir, odaklanm\u0131\u015f dua ile b\u00fcy\u00fcleyici bilgiye eri\u015febilir ve sadece kendi hayat\u0131m\u0131z\u0131 de\u011fil, ba\u015fkalar\u0131n\u0131n hayatlar\u0131n\u0131 da de\u011fi\u015ftirebiliriz.  Bir inan\u00e7 zihin taraf\u0131ndan &#8220;do\u011fru&#8221; olarak kabul edildi\u011finde, olumlu ya da olumsuz durumlara yol a\u00e7abilecek bir &#8220;Program&#8221; haline gelir. ThetaHealing\u00ae&#8217;deki derin inan\u00e7lar\u0131 kazma s\u00fcreci, bu olumsuz \u0130nan\u00e7lar\u0131 tan\u0131mlamam\u0131z\u0131 ve bilin\u00e7alt\u0131m\u0131z\u0131 yeniden programlamam\u0131z\u0131, Var Olan Her \u015eeyin Yarat\u0131c\u0131s\u0131&#8217;ndan destekleyici y\u00fcklemeler almam\u0131z\u0131 ve derin, i\u00e7sel bir iyile\u015fme elde etmemizi sa\u011flar. Stibal&#8217;in orijinal \u00f6\u011fretilerine dayanan bu kitap, \u00f6\u011frenciye bu ilahi \u015fifa durumuna ula\u015fmas\u0131 i\u00e7in ihtiya\u00e7 duyaca\u011f\u0131 ara\u00e7lar\u0131 sunar. B\u00fct\u00fcn ThetaHealing\u00ae \u00f6\u011frencileri i\u00e7in gerekli bir kitapt\u0131r. VIANNA STIBAL bir ressam, yazar, e\u011fitmen ve sezgisel okuyucudur. Merkezi Montana, Amerika\u2019da bulunan \u015fifa paradigmas\u0131n\u0131 t\u00fcm d\u00fcnyaya yaymaya kararl\u0131d\u0131r ve 180&#8217;den fazla \u00fclkede \u00e7al\u0131\u015fan ThetaHealing\u00ae e\u011fitmenlerini, uygulay\u0131c\u0131lar\u0131n\u0131 e\u011fitmi\u015ftir. Vianna her \u0131rktan, inan\u00e7tan ve dinden insana ThetaHealing\u00ae&#8217;i  \u00f6\u011fretmek i\u00e7in d\u00fcnya \u00e7ap\u0131nda seminerler d\u00fczenlemektedir. <\/p>\n","protected":false},"excerpt":{"rendered":"<p>\u0130nan\u00e7lar t\u0131pk\u0131 an\u0131lar gibi beynimize kaydedilir. Peki bunlar\u0131 nas\u0131l de\u011fi\u015ftirebiliriz? ThetaHealing\u00ae, Stibal taraf\u0131ndan geli\u015ftirilen, ki\u015finin derin bir meditasyon durumuna girerek beynin Theta dalgalar\u0131na ula\u015fmas\u0131na ve inan\u0131lmaz<span class=\"excerpt-hellip\"> [\u2026]<\/span><\/p>\n","protected":false},"featured_media":0,"template":"","meta":{"_monsterinsights_skip_tracking":false,"_monsterinsights_sitenote_active":false,"_monsterinsights_sitenote_note":"","_monsterinsights_sitenote_category":0},"product_brand":[],"product_cat":[12364,12376],"product_tag":[],"class_list":{"0":"post-724265","1":"product","2":"type-product","3":"status-publish","5":"product_cat-genel-konular","6":"product_cat-kisisel-gelisim","7":"pa_cilt-ciltsiz","8":"pa_tur-kitap","9":"pa_yayinevi-nemesis-kitap","10":"pa_yazar-vianna-stibal","12":"first","13":"instock","14":"sale","15":"shipping-taxable","16":"purchasable","17":"product-type-simple"},"_links":{"self":[{"href":"https:\/\/roveyayinevi.com.tr\/index.php\/wp-json\/wp\/v2\/product\/724265","targetHints":{"allow":["GET"]}}],"collection":[{"href":"https:\/\/roveyayinevi.com.tr\/index.php\/wp-json\/wp\/v2\/product"}],"about":[{"href":"https:\/\/roveyayinevi.com.tr\/index.php\/wp-json\/wp\/v2\/types\/product"}],"wp:attachment":[{"href":"https:\/\/roveyayinevi.com.tr\/index.php\/wp-json\/wp\/v2\/media?parent=724265"}],"wp:term":[{"taxonomy":"product_brand","embeddable":true,"href":"https:\/\/roveyayinevi.com.tr\/index.php\/wp-json\/wp\/v2\/product_brand?post=724265"},{"taxonomy":"product_cat","embeddable":true,"href":"https:\/\/roveyayinevi.com.tr\/index.php\/wp-json\/wp\/v2\/product_cat?post=724265"},{"taxonomy":"product_tag","embeddable":true,"href":"https:\/\/roveyayinevi.com.tr\/index.php\/wp-json\/wp\/v2\/product_tag?post=724265"}],"curies":[{"name":"wp","href":"https:\/\/api.w.org\/{rel}","templated":true}]}}