{"id":724260,"date":"2025-08-27T19:32:01","date_gmt":"2025-08-27T16:32:01","guid":{"rendered":"https:\/\/roveyayinevi.com.tr\/index.php\/urun\/kumandanlar-seti-10-kitap-takim-kutulu\/"},"modified":"2026-04-16T02:32:15","modified_gmt":"2026-04-15T23:32:15","slug":"kumandanlar-seti-10-kitap-takim-kutulu","status":"publish","type":"product","link":"https:\/\/roveyayinevi.com.tr\/index.php\/urun\/kumandanlar-seti-10-kitap-takim-kutulu\/","title":{"rendered":"Kumandanlar Seti (10 Kitap Tak\u0131m Kutulu)"},"content":{"rendered":"<p>Gen\u00e7ler \u0130\u00e7in 10 Kitapl\u0131k Tarihi Roman Serisi.Ak\u0131l dolu taktiklerle d\u00fc\u015fmanlar\u0131n\u0131 bile kendine hayran b\u0131rakanlar&#8230;Hayatlar\u0131n\u0131 sava\u015f meydanlar\u0131nda \u00f6l\u00fcmle kol kola ya\u015fayanlar&#8230;Cesaret ve merhamet dolu y\u00fcrekleriyle isimlerini tarihe alt\u0131n harflerle kaz\u0131yan b\u00fcy\u00fck kahramanlar&#8230;1- Fatih Sultan Mehmet2- Mustafa Kemal Atat\u00fcrk3- Sultan Alp Arslan4- Yavuz Sultan Selim5- Kanuni Sultan S\u00fcleyman6- Mete Han7- Y\u0131ld\u0131r\u0131m Bayezid8- Attila9- Selahaddin Eyyubi10- Halid Bin VelidOn kitapl\u0131k bu dizi ile gen\u00e7lerin tarihe bak\u0131\u015f a\u00e7\u0131s\u0131 de\u011fi\u015fecek!<\/p>\n","protected":false},"excerpt":{"rendered":"<p>Gen\u00e7ler \u0130\u00e7in 10 Kitapl\u0131k Tarihi Roman Serisi.Ak\u0131l dolu taktiklerle d\u00fc\u015fmanlar\u0131n\u0131 bile kendine hayran b\u0131rakanlar&#8230;Hayatlar\u0131n\u0131 sava\u015f meydanlar\u0131nda \u00f6l\u00fcmle kol kola ya\u015fayanlar&#8230;Cesaret ve merhamet dolu y\u00fcrekleriyle isimlerini tarihe<span class=\"excerpt-hellip\"> [\u2026]<\/span><\/p>\n","protected":false},"featured_media":0,"template":"","meta":{"_monsterinsights_skip_tracking":false,"_monsterinsights_sitenote_active":false,"_monsterinsights_sitenote_note":"","_monsterinsights_sitenote_category":0},"product_brand":[],"product_cat":[12291,12745],"product_tag":[],"class_list":{"0":"post-724260","1":"product","2":"type-product","3":"status-publish","5":"product_cat-edebiyat","6":"product_cat-tarihi-roman","7":"pa_cilt-ciltsiz","8":"pa_tur-kitap","9":"pa_yayinevi-acayip-kitaplar","10":"pa_yazar-yigit-recep-efe","12":"first","13":"instock","14":"sale","15":"shipping-taxable","16":"purchasable","17":"product-type-simple"},"_links":{"self":[{"href":"https:\/\/roveyayinevi.com.tr\/index.php\/wp-json\/wp\/v2\/product\/724260","targetHints":{"allow":["GET"]}}],"collection":[{"href":"https:\/\/roveyayinevi.com.tr\/index.php\/wp-json\/wp\/v2\/product"}],"about":[{"href":"https:\/\/roveyayinevi.com.tr\/index.php\/wp-json\/wp\/v2\/types\/product"}],"wp:attachment":[{"href":"https:\/\/roveyayinevi.com.tr\/index.php\/wp-json\/wp\/v2\/media?parent=724260"}],"wp:term":[{"taxonomy":"product_brand","embeddable":true,"href":"https:\/\/roveyayinevi.com.tr\/index.php\/wp-json\/wp\/v2\/product_brand?post=724260"},{"taxonomy":"product_cat","embeddable":true,"href":"https:\/\/roveyayinevi.com.tr\/index.php\/wp-json\/wp\/v2\/product_cat?post=724260"},{"taxonomy":"product_tag","embeddable":true,"href":"https:\/\/roveyayinevi.com.tr\/index.php\/wp-json\/wp\/v2\/product_tag?post=724260"}],"curies":[{"name":"wp","href":"https:\/\/api.w.org\/{rel}","templated":true}]}}