{"id":724255,"date":"2025-08-27T19:31:57","date_gmt":"2025-08-27T16:31:57","guid":{"rendered":"https:\/\/roveyayinevi.com.tr\/index.php\/urun\/askin-hikayesi\/"},"modified":"2026-04-16T02:32:15","modified_gmt":"2026-04-15T23:32:15","slug":"askin-hikayesi","status":"publish","type":"product","link":"https:\/\/roveyayinevi.com.tr\/index.php\/urun\/askin-hikayesi\/","title":{"rendered":"A\u015fk\u0131n Hikayesi"},"content":{"rendered":"<p>Hz. Y\u00fbsuf hik\u00e2yesi, insan\u0131n k\u00e2mil olma yolunda Allah\u2019\u0131n izniyle att\u0131\u011f\u0131 ad\u0131mlar\u0131 \u00f6\u011fretir. Yani kendi kendiyle m\u00fccadelesi ve Allah\u2019\u0131n tecellisinin onda a\u00e7\u0131\u011fa \u00e7\u0131kmas\u0131d\u0131r. Bu y\u00fczden hik\u00e2yelerin en g\u00fczeli, Hz. Y\u00fbsuf\u2019un hik\u00e2yesidir.   Bu hik\u00e2yenin hak\u00eekati insan tekam\u00fcl\u00fcn\u00fcn nas\u0131l olu\u015ftu\u011fu, tek\u00e2m\u00fclde ba\u015f ve son aras\u0131ndaki s\u00fcrecin idrak edilebilmesidir. Hz. Y\u00fbsuf istidatl\u0131 kalbi anlat\u0131rken Hz. Yakub k\u00fcll\u00ee akl\u0131n temsilidir, zira k\u00fcll\u00ee ak\u0131l kalple ili\u015fkilidir.   Mesnev\u00ee\u2019den \u201cY\u00fbsuf\u2019un hik\u00e2yesi \u00f6yle bir hik\u00e2yedir ki ba\u015f\u0131 \u00fclfet ve \u00fcnsiyet, ortas\u0131 i\u015ftiyak ve hicret, sonu ismeti m\u00fc\u015ftemil rahmet ve ma\u011ffirettir\u201d beyitleri okundu\u011fu zaman Hz. Kenan er-Rif\u00e2\u00ee, \u015fu cevab\u0131 verir:   \u201cEvet, hak\u00eek\u00ee olan her hik\u00e2ye-i a\u015fk \u00f6yledir.\u201d <\/p>\n","protected":false},"excerpt":{"rendered":"<p>Hz. Y\u00fbsuf hik\u00e2yesi, insan\u0131n k\u00e2mil olma yolunda Allah\u2019\u0131n izniyle att\u0131\u011f\u0131 ad\u0131mlar\u0131 \u00f6\u011fretir. Yani kendi kendiyle m\u00fccadelesi ve Allah\u2019\u0131n tecellisinin onda a\u00e7\u0131\u011fa \u00e7\u0131kmas\u0131d\u0131r. Bu y\u00fczden hik\u00e2yelerin en<span class=\"excerpt-hellip\"> [\u2026]<\/span><\/p>\n","protected":false},"featured_media":0,"template":"","meta":{"_monsterinsights_skip_tracking":false,"_monsterinsights_sitenote_active":false,"_monsterinsights_sitenote_note":"","_monsterinsights_sitenote_category":0},"product_brand":[],"product_cat":[12718,12719,17284],"product_tag":[],"class_list":{"0":"post-724255","1":"product","2":"type-product","3":"status-publish","5":"product_cat-din","6":"product_cat-islam","7":"product_cat-kuran-ve-kuran-uzerine","8":"pa_cilt-ciltsiz","9":"pa_tur-kitap","10":"pa_yayinevi-nefes-yayincilik","11":"pa_yazar-cemalnur-sargut","13":"first","14":"instock","15":"sale","16":"shipping-taxable","17":"purchasable","18":"product-type-simple"},"_links":{"self":[{"href":"https:\/\/roveyayinevi.com.tr\/index.php\/wp-json\/wp\/v2\/product\/724255","targetHints":{"allow":["GET"]}}],"collection":[{"href":"https:\/\/roveyayinevi.com.tr\/index.php\/wp-json\/wp\/v2\/product"}],"about":[{"href":"https:\/\/roveyayinevi.com.tr\/index.php\/wp-json\/wp\/v2\/types\/product"}],"wp:attachment":[{"href":"https:\/\/roveyayinevi.com.tr\/index.php\/wp-json\/wp\/v2\/media?parent=724255"}],"wp:term":[{"taxonomy":"product_brand","embeddable":true,"href":"https:\/\/roveyayinevi.com.tr\/index.php\/wp-json\/wp\/v2\/product_brand?post=724255"},{"taxonomy":"product_cat","embeddable":true,"href":"https:\/\/roveyayinevi.com.tr\/index.php\/wp-json\/wp\/v2\/product_cat?post=724255"},{"taxonomy":"product_tag","embeddable":true,"href":"https:\/\/roveyayinevi.com.tr\/index.php\/wp-json\/wp\/v2\/product_tag?post=724255"}],"curies":[{"name":"wp","href":"https:\/\/api.w.org\/{rel}","templated":true}]}}