{"id":724254,"date":"2025-08-27T19:31:56","date_gmt":"2025-08-27T16:31:56","guid":{"rendered":"https:\/\/roveyayinevi.com.tr\/index.php\/urun\/son-kure\/"},"modified":"2026-04-16T02:32:15","modified_gmt":"2026-04-15T23:32:15","slug":"son-kure","status":"publish","type":"product","link":"https:\/\/roveyayinevi.com.tr\/index.php\/urun\/son-kure\/","title":{"rendered":"Son K\u00fcre"},"content":{"rendered":"<p>Ne kadar oldu\u011funu bilemedi\u011fi bir s\u00fcredir bo\u015fluktayd\u0131. Hi\u00e7bir duyusu yoktu, bo\u015flukta oldu\u011funu hissedecek kadar bile. Yava\u015f yava\u015f geri d\u00f6nmeye ba\u015flad\u0131klar\u0131nda alg\u0131lam\u0131\u015ft\u0131, az \u00f6nce hi\u00e7bir hissinin, olmad\u0131\u011f\u0131n\u0131. Belki de do\u011fum gibiydi bu ya\u015fad\u0131\u011f\u0131 deneyim. Yeniden mi do\u011fuyordu acaba? Annesinin karn\u0131nda m\u0131yd\u0131? Bir \u015feyin karn\u0131nda gibiydi asl\u0131nda ama birinin karn\u0131nda olmak nas\u0131ld\u0131 onu bilmiyordu. Birazdan hayata kavu\u015facakt\u0131, t\u00fcm hisleriyle beraber. Nefes al\u0131yor, kalbi at\u0131yordu. \u015eimdi de kula\u011f\u0131na birtak\u0131m sesler geliyordu. Birisi y\u00fcr\u00fcyordu ve bir kap\u0131 a\u00e7\u0131ld\u0131. G\u00f6rmek istedi. G\u00f6zlerini a\u00e7t\u0131. Kar\u015f\u0131s\u0131nda bir kad\u0131n vard\u0131. iyice bakt\u0131 y\u00fcz\u00fcne. &#8220;Einar?&#8221; &#8220;Benim ad\u0131m bu, bir hayat\u0131m vard\u0131.&#8221; diye d\u00fc\u015f\u00fcnd\u00fc.Bizler, insanl\u0131k olarak belirli bir seviyede t\u0131kand\u0131\u011f\u0131m\u0131z\u0131 ve daha fazla ilerleyemedi\u011fimizi d\u00fc\u015f\u00fcn\u00fcyoruz. S\u00f6ylediklerimi yaln\u0131zca teknolojik ilerleyi\u015f olarak alg\u0131lama l\u00fctfen, bunun yan\u0131nda varl\u0131\u011f\u0131m\u0131z da ilerlemiyor. Duygular\u0131m\u0131z, alg\u0131lar\u0131m\u0131z, d\u00fc\u015f\u00fcnce \u015feklimiz&#8230; Yani benli\u011fimiz t\u0131kanm\u0131\u015f durumda. Ge\u00e7mi\u015fe bakt\u0131\u011f\u0131m\u0131zda insanl\u0131\u011f\u0131n geli\u015fiminin giderek h\u0131zland\u0131\u011f\u0131n\u0131 biliyoruz. \u00d6zellikle ge\u00e7ti\u011fimiz y\u00fczy\u0131lda bunu konsantre bi\u00e7imde g\u00f6rd\u00fck. Fakat bulundu\u011fumuz y\u00fczy\u0131lda, oldu\u011fumuz seviyede t\u0131kan\u0131p kald\u0131k. Ge\u00e7mi\u015fte insanl\u0131\u011f\u0131n bundan \u00e7ok daha uzun s\u00fcreler boyunca hi\u00e7 ilerleme kat etmedi\u011fi oldu. Fakat bu yaln\u0131zca o d\u00f6nem i\u00e7in kabul edilebilir bir durum. \u00c7\u00fcnk\u00fc o zaman h\u00e2lk bir \u00f6ncekine k\u0131yasla daha s\u0131k geli\u015fmi\u015f oluyorduk. Burada \u00f6nemli olan, att\u0131\u011f\u0131m\u0131z geli\u015fim ad\u0131mlar\u0131n\u0131n s\u0131kl\u0131\u011f\u0131n\u0131n asla azalmamas\u0131. \u015eu an insanl\u0131\u011f\u0131n ya\u015fad\u0131\u011f\u0131 ise yava\u015flama ile ifade edilemez, tamamen durmu\u015f haldeyiz.<\/p>\n","protected":false},"excerpt":{"rendered":"<p>Ne kadar oldu\u011funu bilemedi\u011fi bir s\u00fcredir bo\u015fluktayd\u0131. Hi\u00e7bir duyusu yoktu, bo\u015flukta oldu\u011funu hissedecek kadar bile. Yava\u015f yava\u015f geri d\u00f6nmeye ba\u015flad\u0131klar\u0131nda alg\u0131lam\u0131\u015ft\u0131, az \u00f6nce hi\u00e7bir hissinin, olmad\u0131\u011f\u0131n\u0131.<span class=\"excerpt-hellip\"> [\u2026]<\/span><\/p>\n","protected":false},"featured_media":0,"template":"","meta":{"_monsterinsights_skip_tracking":false,"_monsterinsights_sitenote_active":false,"_monsterinsights_sitenote_note":"","_monsterinsights_sitenote_category":0},"product_brand":[],"product_cat":[12291,14777],"product_tag":[],"class_list":{"0":"post-724254","1":"product","2":"type-product","3":"status-publish","5":"product_cat-edebiyat","6":"product_cat-fantastik","7":"pa_cilt-ciltsiz","8":"pa_tur-kitap","9":"pa_yayinevi-elpis-yayinlari","10":"pa_yazar-erdem-unlu","12":"first","13":"instock","14":"sale","15":"shipping-taxable","16":"purchasable","17":"product-type-simple"},"_links":{"self":[{"href":"https:\/\/roveyayinevi.com.tr\/index.php\/wp-json\/wp\/v2\/product\/724254","targetHints":{"allow":["GET"]}}],"collection":[{"href":"https:\/\/roveyayinevi.com.tr\/index.php\/wp-json\/wp\/v2\/product"}],"about":[{"href":"https:\/\/roveyayinevi.com.tr\/index.php\/wp-json\/wp\/v2\/types\/product"}],"wp:attachment":[{"href":"https:\/\/roveyayinevi.com.tr\/index.php\/wp-json\/wp\/v2\/media?parent=724254"}],"wp:term":[{"taxonomy":"product_brand","embeddable":true,"href":"https:\/\/roveyayinevi.com.tr\/index.php\/wp-json\/wp\/v2\/product_brand?post=724254"},{"taxonomy":"product_cat","embeddable":true,"href":"https:\/\/roveyayinevi.com.tr\/index.php\/wp-json\/wp\/v2\/product_cat?post=724254"},{"taxonomy":"product_tag","embeddable":true,"href":"https:\/\/roveyayinevi.com.tr\/index.php\/wp-json\/wp\/v2\/product_tag?post=724254"}],"curies":[{"name":"wp","href":"https:\/\/api.w.org\/{rel}","templated":true}]}}