{"id":724252,"date":"2025-08-27T19:31:54","date_gmt":"2025-08-27T16:31:54","guid":{"rendered":"https:\/\/roveyayinevi.com.tr\/index.php\/urun\/yeniden-matematik-asisi\/"},"modified":"2026-04-16T02:32:15","modified_gmt":"2026-04-15T23:32:15","slug":"yeniden-matematik-asisi","status":"publish","type":"product","link":"https:\/\/roveyayinevi.com.tr\/index.php\/urun\/yeniden-matematik-asisi\/","title":{"rendered":"Yeniden Matematik A\u015f\u0131s\u0131"},"content":{"rendered":"<p>Sizin matematikle aran\u0131z nas\u0131l? Matematik dendi\u011finde sizde nas\u0131l bir his olu\u015fuyor? Sizce matematikten ba\u015far\u0131l\u0131 olmak i\u00e7in illa da \u00f6zel bir yetene\u011fe mi sahip olmak gerekir yoksa asl\u0131nda i\u015fin \u00f6z\u00fcn\u00fc anlayabilmi\u015f herkes bu matematikte belli d\u00fczeyde bir ba\u015far\u0131 sahibi olabilir mi? Bu kitap sizin b\u00fct\u00fcn matematik d\u00fcnyas\u0131n\u0131 bir anda \u00f6\u011frenip kavraman\u0131za yard\u0131mc\u0131 olmak gibi \u00e7ok sihirli bir vaatte bulunmasa da, i\u00e7erdi\u011fi en temel ve basit matematik s\u0131rlar\u0131 ve p\u00fcf noktalar\u0131 ile say\u0131lar d\u00fcnyas\u0131na bak\u0131\u015f\u0131n\u0131z\u0131 sonsuza dek de\u011fi\u015ftirecektir. \u0130ster inan\u0131n ister inanmay\u0131n, buradaki \u00e7ok basit baz\u0131 teknikleri \u00f6\u011frenerek uygulamaya ba\u015flaman\u0131z halinde; arkada\u015flar\u0131n\u0131z\u0131, ailenizi ve \u00f6\u011fretmenlerinizi hayrete d\u00fc\u015f\u00fcrecek derecede y\u0131ld\u0131r\u0131m h\u0131zl\u0131 hesaplamalar\u0131 yapabilirsiniz. \u00dcstelik bu kitaptaki k\u0131sa yollar i\u00e7in \u00f6zel bir matematik yetene\u011finizin olmas\u0131 da gerekmez. Normal aritmetik yapabiliyorsan\u0131z, bu y\u00f6ntemlerle herhangi bir sorun ya\u015famayacaks\u0131n\u0131z. Karma\u015f\u0131k form\u00fcller veya bilinmeyen jargonlar yoktur. Uzun ve karma\u015f\u0131k \u00e7oklu a\u015famal\u0131 s\u00f6zde \u00e7\u00f6z\u00fcm yollar\u0131 ya da egzersizlerde bulunmaz. Matemati\u011fe ba\u015flamak i\u00e7in hi\u00e7bir yetene\u011finiz olmasa bile, ba\u015f\u0131n\u0131zdaki zahmetsizce bir hesap makinesinden daha h\u0131zl\u0131 matematik yapmak i\u00e7in bu kitaptaki basit teknikleri kullanabilirsiniz. Sadece \u00f6\u011frenciler i\u00e7in de\u011fil, \u00f6\u011fretmenler, i\u015f adamlar\u0131, muhasebeciler, banka hesap uzmanlar\u0131&#8230; Gibi daha pek \u00e7ok say\u0131da ki\u015filer ve meslekler i\u00e7in&#8230; Say\u0131larla ve hesaplarla her daim i\u015fi olan ve bu konudaki i\u015flem h\u0131z\u0131n\u0131 ve aritmetik \u00e7evikli\u011fini art\u0131rmak isteyen herkes, burada verilen basit, temel ve takip edilmesi kolay tekniklerden yararlanabilir. Sadece sonuna kadar okuyun ve sonsuza kadar matematik yapma \u015feklinizin nas\u0131l de\u011fi\u015febilece\u011fini sizlerde hayretle \u015fahit olun. <\/p>\n","protected":false},"excerpt":{"rendered":"<p>Sizin matematikle aran\u0131z nas\u0131l? Matematik dendi\u011finde sizde nas\u0131l bir his olu\u015fuyor? Sizce matematikten ba\u015far\u0131l\u0131 olmak i\u00e7in illa da \u00f6zel bir yetene\u011fe mi sahip olmak gerekir yoksa<span class=\"excerpt-hellip\"> [\u2026]<\/span><\/p>\n","protected":false},"featured_media":0,"template":"","meta":{"_monsterinsights_skip_tracking":false,"_monsterinsights_sitenote_active":false,"_monsterinsights_sitenote_note":"","_monsterinsights_sitenote_category":0},"product_brand":[],"product_cat":[12364,12376],"product_tag":[],"class_list":{"0":"post-724252","1":"product","2":"type-product","3":"status-publish","5":"product_cat-genel-konular","6":"product_cat-kisisel-gelisim","7":"pa_cilt-ciltsiz","8":"pa_tur-kitap","9":"pa_yayinevi-gulnar-yayinlari","10":"pa_yazar-tugay-kececi","12":"first","13":"instock","14":"sale","15":"shipping-taxable","16":"purchasable","17":"product-type-simple"},"_links":{"self":[{"href":"https:\/\/roveyayinevi.com.tr\/index.php\/wp-json\/wp\/v2\/product\/724252","targetHints":{"allow":["GET"]}}],"collection":[{"href":"https:\/\/roveyayinevi.com.tr\/index.php\/wp-json\/wp\/v2\/product"}],"about":[{"href":"https:\/\/roveyayinevi.com.tr\/index.php\/wp-json\/wp\/v2\/types\/product"}],"wp:attachment":[{"href":"https:\/\/roveyayinevi.com.tr\/index.php\/wp-json\/wp\/v2\/media?parent=724252"}],"wp:term":[{"taxonomy":"product_brand","embeddable":true,"href":"https:\/\/roveyayinevi.com.tr\/index.php\/wp-json\/wp\/v2\/product_brand?post=724252"},{"taxonomy":"product_cat","embeddable":true,"href":"https:\/\/roveyayinevi.com.tr\/index.php\/wp-json\/wp\/v2\/product_cat?post=724252"},{"taxonomy":"product_tag","embeddable":true,"href":"https:\/\/roveyayinevi.com.tr\/index.php\/wp-json\/wp\/v2\/product_tag?post=724252"}],"curies":[{"name":"wp","href":"https:\/\/api.w.org\/{rel}","templated":true}]}}