{"id":724251,"date":"2025-08-27T19:31:53","date_gmt":"2025-08-27T16:31:53","guid":{"rendered":"https:\/\/roveyayinevi.com.tr\/index.php\/urun\/gulustugumuze-memnun-oldum\/"},"modified":"2026-02-03T02:46:33","modified_gmt":"2026-02-02T23:46:33","slug":"gulustugumuze-memnun-oldum","status":"publish","type":"product","link":"https:\/\/roveyayinevi.com.tr\/index.php\/urun\/gulustugumuze-memnun-oldum\/","title":{"rendered":"G\u00fcl\u00fc\u015ft\u00fc\u011f\u00fcm\u00fcze Memnun Oldum"},"content":{"rendered":"<p>G\u00fclmek \u0130leti\u015fimini kolayla\u015ft\u0131r\u0131r, sempatiyi geli\u015ftirir. G\u00fclen bir y\u00fczle insan k\u00f6t\u00fcl\u00fck yapamaz. Y\u00fczdeki g\u00fcl\u00fcmseme y\u00fcrekteki karanl\u0131\u011f\u0131 da\u011f\u0131t\u0131r. G\u00fclmek en insani davran\u0131\u015f\u0131m\u0131zd\u0131r. G\u00fclmek hepimizi e\u015fit hale getirir. Bizi g\u00fcld\u00fcren insanlar\u0131 severiz. Bize kendimizi iyi hissettirirler. G\u00fclmek hayata g\u00fcven duygusunu art\u0131r\u0131r. G\u00fclmek ba\u011f\u0131\u015f\u0131kl\u0131k sistemini g\u00fc\u00e7lendirir, bizi daha sa\u011fl\u0131kl\u0131 yapar. G\u00fclmek olumlu d\u00fc\u015f\u00fcncemizi besler, ba\u015far\u0131m\u0131za yard\u0131m eder. Mizah bizim g\u00fclmemizi sa\u011flayan en g\u00fczel malzemedir. Mizah yarat\u0131c\u0131 d\u00fc\u015f\u00fcnceyi geli\u015ftirir. Mizah \u00e7al\u0131\u015fan\u0131n i\u015f motivasyonunu, \u00f6\u011frencinin \u00f6\u011frenme motivasyonunu art\u0131r\u0131r. Mizahla hayat\u0131m\u0131za renk ve ne\u015fe katar\u0131z. Mizahla kendimizi daha rahat ifade ederiz. Mizahla dostluklar\u0131m\u0131z\u0131 g\u00fc\u00e7lendiririz. Mizah duygusu geli\u015fmi\u015f insan yaln\u0131z kalmaz. Mizah, hayatla ve kendimizle bar\u0131\u015f\u0131k olmam\u0131z\u0131 sa\u011flar. Bu kitap hayat\u0131n i\u00e7indeki mizah\u0131 size sunmaktad\u0131r. Ayr\u0131ca i\u00e7inizdeki mizah\u0131 a\u00e7\u0131\u011fa \u00e7\u0131karacak bilgiler vermektedir. Bu kitab\u0131 okuduktan sonra sohbetlerinizi daha zevkli hale getirmeniz m\u00fcmk\u00fcn olacakt\u0131r. Birlikte g\u00fclmek kalplerimizi birbirine yak\u0131nla\u015ft\u0131r\u0131r. A\u011flamay\u0131 yaln\u0131z yapar\u0131z ama g\u00fclerken hep ba\u015fkalar\u0131na ihtiya\u00e7 duyar\u0131z. Bu kitap g\u00fcl\u00fc\u015fmelerimizi art\u0131racakt\u0131r. Sonunda \u201cG\u00fcl\u00fc\u015ft\u00fc\u011f\u00fcm\u00fcze memnun oldum\u201d diyeceksiniz. Sadece foto\u011fraf \u00e7ektirirken objektife de\u011fil hayata kar\u015f\u0131 da g\u00fclelim. <\/p>\n","protected":false},"excerpt":{"rendered":"<p>G\u00fclmek \u0130leti\u015fimini kolayla\u015ft\u0131r\u0131r, sempatiyi geli\u015ftirir. G\u00fclen bir y\u00fczle insan k\u00f6t\u00fcl\u00fck yapamaz. Y\u00fczdeki g\u00fcl\u00fcmseme y\u00fcrekteki karanl\u0131\u011f\u0131 da\u011f\u0131t\u0131r. G\u00fclmek en insani davran\u0131\u015f\u0131m\u0131zd\u0131r. G\u00fclmek hepimizi e\u015fit hale getirir. Bizi<span class=\"excerpt-hellip\"> [\u2026]<\/span><\/p>\n","protected":false},"featured_media":0,"template":"","meta":{"_monsterinsights_skip_tracking":false,"_monsterinsights_sitenote_active":false,"_monsterinsights_sitenote_note":"","_monsterinsights_sitenote_category":0},"product_brand":[],"product_cat":[12291,14825],"product_tag":[],"class_list":{"0":"post-724251","1":"product","2":"type-product","3":"status-publish","5":"product_cat-edebiyat","6":"product_cat-mizah","7":"pa_cilt-ciltsiz","8":"pa_tur-kitap","9":"pa_yayinevi-gulnar-yayinlari","10":"pa_yazar-durdu-gunes","12":"first","13":"instock","14":"sale","15":"shipping-taxable","16":"purchasable","17":"product-type-simple"},"_links":{"self":[{"href":"https:\/\/roveyayinevi.com.tr\/index.php\/wp-json\/wp\/v2\/product\/724251","targetHints":{"allow":["GET"]}}],"collection":[{"href":"https:\/\/roveyayinevi.com.tr\/index.php\/wp-json\/wp\/v2\/product"}],"about":[{"href":"https:\/\/roveyayinevi.com.tr\/index.php\/wp-json\/wp\/v2\/types\/product"}],"wp:attachment":[{"href":"https:\/\/roveyayinevi.com.tr\/index.php\/wp-json\/wp\/v2\/media?parent=724251"}],"wp:term":[{"taxonomy":"product_brand","embeddable":true,"href":"https:\/\/roveyayinevi.com.tr\/index.php\/wp-json\/wp\/v2\/product_brand?post=724251"},{"taxonomy":"product_cat","embeddable":true,"href":"https:\/\/roveyayinevi.com.tr\/index.php\/wp-json\/wp\/v2\/product_cat?post=724251"},{"taxonomy":"product_tag","embeddable":true,"href":"https:\/\/roveyayinevi.com.tr\/index.php\/wp-json\/wp\/v2\/product_tag?post=724251"}],"curies":[{"name":"wp","href":"https:\/\/api.w.org\/{rel}","templated":true}]}}