{"id":724247,"date":"2025-08-27T19:31:50","date_gmt":"2025-08-27T16:31:50","guid":{"rendered":"https:\/\/roveyayinevi.com.tr\/index.php\/urun\/dunya-tarihine-yon-verenler-seti-6-kitap\/"},"modified":"2026-04-16T02:32:15","modified_gmt":"2026-04-15T23:32:15","slug":"dunya-tarihine-yon-verenler-seti-6-kitap","status":"publish","type":"product","link":"https:\/\/roveyayinevi.com.tr\/index.php\/urun\/dunya-tarihine-yon-verenler-seti-6-kitap\/","title":{"rendered":"D\u00fcnya Tarihine Y\u00f6n Verenler Seti (6 Kitap)"},"content":{"rendered":"<p>CENG\u0130Z HAN \u2013 JACK WEATHERFORD YA\u015eAMININ T\u00dcM Y\u00d6NLER\u0130YLE CENG\u0130Z HAN VE O\u011eULLARI\u2026 \u201cCengiz Han, d\u00fcnya tarihinin son b\u00fcy\u00fck kabile imparatoruydu. G\u00f6\u00e7ebe hayat\u0131 ya\u015fayan kabileler ile uygar d\u00fcnya aras\u0131ndaki 10.000 y\u0131ll\u0131k sava\u015f\u0131n, avc\u0131larla \u00e7obanlar\u0131n \u00e7ift\u00e7ilere kar\u015f\u0131 verdikleri m\u00fccadelenin miras\u00e7\u0131s\u0131yd\u0131. Karde\u015fi Habil\u2019i \u00f6ld\u00fcren Kabil\u2019in hik\u00e2yesi kadar eski bir hik\u00e2ye idi\u2026\u201d Jack Weatherford D\u00fcnya tarihinde \u00e7ok az lider Cengiz Han kadar farkl\u0131 unvanlara sahip olmu\u015ftur. Bir k\u0131s\u0131m tarih\u00e7iler taraf\u0131ndan barbar ve gaddar olarak anlat\u0131lan Cengiz Han, di\u011fer tarih\u00e7ilerin sayfalar\u0131nda cesur bir h\u00fck\u00fcmdar ya da efsane bir imparator olarak ge\u00e7er. \u015eu bir ger\u00e7ektir ki Cengiz Han hem olduk\u00e7a gizemli bir karaktere hem de nice topraklar\u0131 atlar\u0131yla ezip ge\u00e7mi\u015f devasa bir orduya sahip olmu\u015ftur. Bu ordu \u00e7o\u011fu zaman haritalar\u0131n ve n\u00fcfus hareketlerinin de\u011fi\u015fmesine, hatta son yap\u0131lan ara\u015ft\u0131rmalara g\u00f6re geri d\u00f6n\u00fc\u015f\u00fc olmayan iklim ve \u00e7evre de\u011fi\u015fikliklerine bile sebep olmu\u015ftur. Cengiz Han, \u00e7ocuk ya\u015flar\u0131ndan itibaren korkusuzca sava\u015fmay\u0131, ac\u0131mas\u0131z bir ortamda h\u0131rs, azim ve cesaret gibi bir sava\u015f\u00e7\u0131n\u0131n olmazsa olmaz \u00f6zelliklerini t\u00fcm detaylar\u0131yla \u00f6\u011frenmi\u015ftir. Kudreti h\u00e2l\u00e2 \u00e7\u00f6z\u00fclememi\u015f bir askeri te\u015fkil\u00e2t ile benzeri g\u00f6r\u00fclmemi\u015f bir posta a\u011f\u0131 kuracak kadar ilim ve teknik merak\u0131yla yeti\u015fmi\u015ftir. Son derece farkl\u0131 \u00e2detlere ve kanunlara sahip Mo\u011fol tarihinin bu unutulmaz ismine dair ara\u015ft\u0131rmalar g\u00fcn ge\u00e7tik\u00e7e daha fazla pop\u00fcler olmaktad\u0131r. \u00d6zellikle sava\u015f ve devlet y\u00f6netimi tarihi denince, Cengiz Han\u2019dan bahsedilmemesi imk\u00e2ns\u0131zd\u0131r. Mo\u011folistan\u2019daki Cengiz Han \u00dcniversitesi\u2019nden \u0130nsanl\u0131k Bilimi Doktorluk unvan\u0131 alm\u0131\u015f, d\u00fcnyaca \u00fcnl\u00fc bir ara\u015ft\u0131rmac\u0131 olan Jack Weatherford, bu kitab\u0131nda Cengiz Han ve onun torunlar\u0131n\u0131n \u015fa\u015f\u0131rt\u0131c\u0131 hik\u00e2yesinin ve fetihlerinin izini s\u00fcr\u00fcyor.   TONYUKUK \u2013 ERHAN AYDIN T\u00fcrklerin Bilge Atas\u0131 Bilge Tonyukuk Ve Yaz\u0131t\u0131\u2026 Ger\u00e7e\u011fe en yak\u0131n bilgilerle Tonyukuk kimdi? Unvanlar\u0131 ve g\u00f6revleri nelerdi? Yaz\u0131t\u0131nda neler anlatmaktayd\u0131? Tarih boyunca Tonyukuk ve yaz\u0131t\u0131 ile ilgili hangi \u00e7al\u0131\u015fmalar yap\u0131ld\u0131?T\u00fcrk ad\u0131n\u0131n ilk kez ge\u00e7ti\u011fi T\u00fcrk runik harfli metinler i\u00e7erisinde, \u00fczerinde en \u00e7ok konu\u015fulmu\u015f olan\u0131 ku\u015fkusuz Tonyukuk yaz\u0131t\u0131d\u0131r. Bizzat Tonyukuk\u2019un zihninden ve dilinden \u00e7\u0131kan bu yaz\u0131t, hem tarih\u00ee olaylara teferruat\u0131yla yer vermesi hem de T\u00fcrk diline ve k\u00fclt\u00fcr\u00fcne yapt\u0131\u011f\u0131 katk\u0131lar neticesinde olduk\u00e7a \u00f6nemli bir konumdad\u0131r. Tonyukuk yaz\u0131t\u0131 ilk bulundu\u011fu g\u00fcnden bug\u00fcne kadar genellikle dil ara\u015ft\u0131rmac\u0131lar\u0131 taraf\u0131ndan incelendi. \u00d6zellikle tarih ara\u015ft\u0131rmac\u0131lar\u0131, \u00c7in kaynaklar\u0131nda verilen bilgilerden hareket ederek Tonyukuk\u2019un kim oldu\u011fu konusunda yo\u011funla\u015ft\u0131lar. \u0130\u015fte ilk kez bu kitapla, hem \u00c7in kaynaklar\u0131ndaki olaylar hem de yaz\u0131ttaki olaylar kar\u015f\u0131la\u015ft\u0131r\u0131lm\u0131\u015f oluyor. Yaz\u0131ttaki her c\u00fcmle ve s\u00f6zc\u00fckte yer alan \u015fifreler \u00e7\u00f6z\u00fclerek hem Tonyukuk\u2019un kimli\u011fi hem de yaz\u0131t\u0131n\u0131n de\u011feri ortaya konuyor. \u00c7in kaynaklar\u0131yla eski T\u00fcrk yaz\u0131tlar\u0131nda a\u00e7\u0131k\u00e7a ifade edilmemi\u015f olsa da yaz\u0131tta yer alan i\u011fneleyici ve buruk ifadelerle Tonyukuk\u2019un Bilge Ka\u011fan\u2019la ya\u015fad\u0131\u011f\u0131 sorunlar g\u00f6zler \u00f6n\u00fcne seriliyor. Tonyukuk tarihten g\u00fcn\u00fcm\u00fcze, b\u00fcy\u00fck i\u015fler ba\u015faran T\u00fcrk b\u00fcy\u00fckleri aras\u0131nda \u015f\u00fcphesiz ki en \u00fcst s\u0131ralardad\u0131r. Di\u011fer yandan tarih\u00ee T\u00fcrk\u00e7enin s\u00f6z varl\u0131\u011f\u0131na yapt\u0131\u011f\u0131 katk\u0131lar\u0131yla, T\u00fcrk k\u00fclt\u00fcr\u00fcyle ilgili sa\u011flad\u0131\u011f\u0131 verilerle ve belki de en \u00f6nemlisi K\u00f6kt\u00fcrk tarihi i\u00e7in paha bi\u00e7ilemez bilgiler vermesiyle, Tonyukuk yaz\u0131t\u0131 \u00f6l\u00fcms\u00fcz konumdad\u0131r. \u201cTa\u015fa Kaz\u0131nan Tarih\u201d, \u201cSibirya\u2019da T\u00fcrk \u0130zleri\u201d kitaplar\u0131yla Orta Asya T\u00fcrk tarihini ana kaynaklar\u0131yla g\u00fcn\u00fcm\u00fcze ta\u015f\u0131yan Erhan Ayd\u0131n bu kez Tonyukuk\u2019u ve yaz\u0131t\u0131n\u0131 yeniden g\u00fcndeme ta\u015f\u0131yor.   B\u00dcY\u00dcK \u0130SKENDER \u2013 JONA LENDERING U\u00e7suz Bucaks\u0131z Bir \u0130mparatorlu\u011fun filozof H\u00fck\u00fcmdar\u0131: B\u00fcy\u00fck \u0130skender\u2026 \u201cB\u00fcy\u00fck \u0130skender, antik d\u00fcnyan\u0131n, belki de t\u00fcm tarihin en b\u00fcy\u00fck asker\u00ee lideriydi. Yaln\u0131zca d\u00f6rt sene i\u00e7inde, kararl\u0131 liderli\u011fi, zek\u00e2 kokan taktikleri ve sars\u0131lmaz azmi sayesinde Pers \u0130mparatorlu\u011fu\u2019nu dize getirmi\u015fti. Pers tac\u0131na el koyan \u0130skender, h\u00e2kimiyetini imparatorlu\u011fun do\u011fu topraklar\u0131na geni\u015fletti. Hen\u00fcz 33 ya\u015f\u0131ndayken \u00f6ld\u00fc\u011f\u00fcnde, yeni fetihler tasarlamakla me\u015fguld\u00fc. Kurdu\u011fu imparatorluk pek uzun \u00f6m\u00fcrl\u00fc olmasa da, \u0130skender\u2019in karizmatik gen\u00e7 d\u00fcnya fatihi imaj\u0131, kendinden sonra gelen h\u00fck\u00fcmdarlara ilham kayna\u011f\u0131, kimi zaman da y\u0131lg\u0131nl\u0131k sebebi olmaya devam etti.\u201d Jeremy Black Makedonya, Yunanistan ve Pers \u0130mparatorlu\u011fu, d\u00fcnya tarihinin en gizemli co\u011frafyalar\u0131na ev sahipli\u011fi yapm\u0131\u015ft\u0131r. Bu \u00fc\u00e7 imparatorluktan ilki, \u0130skender\u2019in veliahd olarak d\u00fcnyaya geldi\u011fi Makedonya\u2019d\u0131r. Yunanistan\u2019a \u0130skender\u2019in babas\u0131 Philippos h\u00fckmetmi\u015ftir. D\u00fcnya sava\u015f tarihinin en korkutucu ordusuna sahip Persleri ise \u0130skender fethetmi\u015ftir. \u0130skender, 11 Haziran 323 tarihinde Babil\u2019de \u00f6ld\u00fc\u011f\u00fcnde sadece 33 ya\u015f\u0131ndayd\u0131. Ard\u0131nda b\u0131rakt\u0131\u011f\u0131 imparatorluk Nil Nehri\u2019nden Himalaya\u2019ya, Balkanlar\u2019dan Hint Okyanusu kadar uzan\u0131yordu. Ancak devlet y\u00f6netimindeki baz\u0131 tutumlar\u0131, imparatorlu\u011funda sonradan \u00e7ok ciddi bir de\u011fi\u015fim ve d\u00f6n\u00fc\u015f\u00fcm yaratm\u0131\u015ft\u0131r. \u0130nsanl\u0131\u011f\u0131 Yunanlar ve barbarlar olarak s\u0131n\u0131fland\u0131rmas\u0131, Persleri hem se\u00e7kin a\u011f\u0131r s\u00fcvari birli\u011fi hetairoi\u2019ye hem de Avrupal\u0131 ordusuna d\u00e2hil etmeyi d\u00fc\u015f\u00fcnmesi, onlar\u0131 y\u00fcksek mevkilere atayarak imparatorluk y\u00f6netiminde s\u00f6z sahibi olmalar\u0131n\u0131 sa\u011flamas\u0131 imparatorluk felsefesinin neredeyse yeniden kurulmas\u0131na sebep olmu\u015ftur. Tarih\u00e7i Jona Lendering, B\u00fcy\u00fck \u0130skender adl\u0131 bu roman tad\u0131ndaki kitab\u0131nda; karakteriyle, sava\u015ft\u0131\u011f\u0131 ordularla, ileti\u015fimde oldu\u011fu devletlerle ve t\u00fcm felsefesiyle \u0130skender\u2019in hayat\u0131n\u0131 anlat\u0131yor. Antik\u00e7a\u011f Yunan hik\u00e2yelerinden, Babil h\u00fck\u00fcmdarl\u0131k kay\u0131tlar\u0131ndan, \u0130ran k\u00f6kenli belgelerden yararlanarak daha \u00f6nce benzeri g\u00f6r\u00fclmemi\u015f bir biyografik eser sunuyor.   T\u0130MURLENK \u2013 BEATRICE FORBES MANZ Bozk\u0131rlar\u0131n Son G\u00f6\u00e7ebe Fatihi Orta Asya Ve Orta Do\u011fu\u2019ya H\u00e2kim Bir H\u00fck\u00fcmdar, K\u00fc\u00e7\u00fck Asya\u2019ya Kadar Sava\u015fm\u0131\u015f Bir Fatih: Timur Avrasya\u2019n\u0131n her k\u00f6\u015fesinde bir kas\u0131rga gibi esen Timurlenk, bozk\u0131r fatihlerinin sonuncusuydu. D\u00fcnya tarihinde \u00f6mr\u00fcn\u00fcn neredeyse tamam\u0131n\u0131 seferlerde ge\u00e7irmi\u015f sava\u015f\u00e7\u0131-h\u00fck\u00fcmdar karakteri i\u00e7in akla gelen ilk isimlerdendir. \u201cKuvveti sonsuz\u201d olarak nitelendirilen ordular\u0131yla 1382\u2019den 1405\u2019e kadar \u00e7ok geni\u015f topraklar\u0131n tozunu dumana katm\u0131\u015ft\u0131r. Delhi\u2019den Moskova\u2019ya, Orta Asya\u2019dan Tanr\u0131 Da\u011flar\u0131\u2019na, Anadolu ve Toroslar \u00fczerinden Avrasya\u2019ya kadar yeni fetihler i\u00e7in kar\u015f\u0131s\u0131na \u00e7\u0131kan g\u00fc\u00e7leri halla\u00e7 pamu\u011fu gibi oradan oraya savurmu\u015ftur. \u015e\u00fcphe yok ki bir\u00e7ok kadim \u015fehri de yerle bir etmi\u015f, baz\u0131lar\u0131n\u0131 ise kudretinden esirgemi\u015ftir. Uzun y\u0131llar boyunca in\u015fa etti\u011fi T\u00fcrk-Mo\u011fol k\u00fclt\u00fcr\u00fc, \u00f6l\u00fcm\u00fcnden sonra yerini T\u00fcrk-\u0130slam k\u00fclt\u00fcr\u00fcne b\u0131rakm\u0131\u015f ve Osmanl\u0131lar, Safev\u00eeler, Bab\u00fcrl\u00fcler gibi b\u00fcy\u00fck imparatorluklar i\u00e7in ilham kayna\u011f\u0131 olmu\u015ftur. Timur\u2019un (Aksak Timur, Timurlenk, Tem\u00fcr) destans\u0131 ismi tarihteki unutulmaz yerini alm\u0131\u015ft\u0131r. Beatrice Forbes Manz, bu \u00e7al\u0131\u015fmas\u0131nda Timur\u2019u bir g\u00f6\u00e7ebe hanedan\u0131n kurucusu ve \u00e7ok yetenekli bir insan olarak ele al\u0131rken devlet kurma mekanizmalar\u0131, kabile politikalar\u0131n\u0131n dinamikleri ve ki\u015fisel y\u00f6netimin do\u011fas\u0131 gibi daha geni\u015f konular\u0131 da tart\u0131\u015fmaya a\u00e7\u0131yor. Timur\u2019un iktidara geldi\u011fi kabile konfederasyonu i\u00e7indeki siyasi k\u00fclt\u00fcr\u00fc inceleyerek, Timur\u2019un gev\u015fek ve isyank\u00e2r bir yap\u0131y\u0131 tek bir ki\u015fiye itaate dayal\u0131 disiplinli bir ordu haline nas\u0131l getirdi\u011fini ara\u015ft\u0131r\u0131yor. Timur d\u00f6neminin toplumsal-k\u00fclt\u00fcrel yap\u0131s\u0131 \u00fczerine ciddi \u00e7al\u0131\u015fmalar yapm\u0131\u015f Beatrice Forbes Manz\u2019\u0131n ak\u0131c\u0131 bir \u00fcslupla kaleme ald\u0131\u011f\u0131 T\u0130MURLENK: Bozk\u0131rlar\u0131n Son G\u00f6\u00e7ebe Fatihi adl\u0131 bu eserimizi, Zuhal Bilgin\u2019in e\u015fsiz \u00e7evirisiyle tarih tutkunlar\u0131n\u0131n be\u011fenisine sunuyoruz\u2026     IULIUS CAESAR \u2013 PHILIP FREEMAN Kahramanl\u0131k Ve Canilik Aras\u0131nda Tarih\u00ee Bir Efsane: Caesar\u2026 \u201cIulius Caesar, ya\u015fam\u0131na tarihin b\u00fcy\u00fck adamlar\u0131n\u0131n \u00e7o\u011funun ya\u015fam\u0131n\u0131n toplam\u0131ndan daha fazlas\u0131n\u0131 s\u0131\u011fd\u0131rd\u0131. Philip Freeman yetene\u011fi ve duru diliyle bu yo\u011fun ya\u015fam\u0131 ayr\u0131nt\u0131lar\u0131yla anlat\u0131yor. Freeman, okuyuculara heyecan verici ve s\u00fcrprizlerle dolu bir anlat\u0131 sunuyor. Bilim insanlar\u0131 bu kitapta hayran olacaklar\u0131 \u00e7ok \u015fey bulacak, ancak daha da \u00f6nemlisi Antik Roma konusuna yeni olan okuyucular kitab\u0131n sayfalar\u0131n\u0131 b\u00fcy\u00fck bir heyecan, ayd\u0131nlanma ve merak duygular\u0131yla \u00e7evirecekler.\u201d  \u2014 Anthony Everitt, Augustus ve Cicero\u2019nun yazar\u0131. \u201cZarif, bilgi dolu ve insan\u0131 okumaya zorlayan Iulius Caesar kapsaml\u0131 konular kadar parlak ayr\u0131nt\u0131lar\u0131 da i\u00e7eriyor. Freeman, tarihin en b\u00fcy\u00fck ve en korkun\u00e7 ki\u015filiklerinden birinin \u00f6yk\u00fcs\u00fcn\u00fc muzafferane bir bi\u00e7imde anlat\u0131yor. Kleopatra\u2019n\u0131n \u0130skenderiye\u2019sini tan\u0131d\u0131\u011f\u0131 derecede Kelt kabileleri hakk\u0131nda da bilgili olan Freeman, Roma Senatosu hakk\u0131nda adeta i\u00e7eriden biriymi\u015f gibi \u00f6zg\u00fcvenli bir \u015fekilde yaz\u0131yor.\u201d \u2014 Barry Strauss, The Trojan War\u2019\u0131n yazar\u0131 ve Tarih ve Klasik D\u00f6nem Profes\u00f6r\u00fc, Cornell \u00dcniversitesi Iulius Caesar\u2019\u0131 tarihin en \u00f6nemli ki\u015filiklerinden biri yapan \u00f6zellikleri nelerdi? Onun ad\u0131 yaln\u0131z Roma\u2019da de\u011fil Almanya ve uzak Rusya\u2019da bile neden \u201cimparator\u201d s\u00f6zc\u00fc\u011f\u00fcyle e\u015f tutuldu? General olarak hangi vas\u0131flara sahipti? Hatip, yazar, strateji ustas\u0131 bir siyaset\u00e7i gibi bir\u00e7ok yetene\u011fini nas\u0131l geli\u015ftirdi? Hem bir kahraman hem de ac\u0131mas\u0131z bir cani olan Iulius Caesar karma\u015f\u0131k bir ki\u015filikti. Son derece cesur ve h\u0131rsl\u0131yd\u0131, \u015ferefe ve g\u00f6steri\u015fe d\u00fc\u015fk\u00fcnd\u00fc. Uzun s\u00fcredir eski ihti\u015fam\u0131n\u0131 yitiren soylu bir ailede d\u00fcnyaya gelmekle birlikte, kurnazca hareket ederek kariyerinde ilerledi. \u0130lk ba\u015fta rahip olarak ba\u015flad\u0131\u011f\u0131 meslek ya\u015fam\u0131nda Roma\u2019n\u0131n en \u00f6nemli generali oldu. Rakipleriyle ittifaklar kurdu ve zaman\u0131 geldi\u011finde onlardan kurtuldu. \u00c7o\u011fu kez onun \u00e7evresinde toplanan Roma\u2019n\u0131n s\u0131radan halk\u0131n\u0131n s\u00f6zc\u00fcl\u00fc\u011f\u00fcn\u00fc yapt\u0131. Bununla birlikte fetihlerinden muazzam kazan\u00e7lar elde etti ve bolluk i\u00e7inde ya\u015fad\u0131. Tarihin en me\u015fhur suikastlar\u0131ndan birinin sonucunda \u00f6ld\u00fcr\u00fcld\u00fc. Caesar\u2019\u0131n \u00e7a\u011fda\u015flar\u0131 aras\u0131nda Marius, Sulla ve Pompeius gibi generaller; hatip ve hukuk\u00e7u Cicero ile Marcus Antonius ve Octavius (daha sonra Caesar Augustus) gibi Roma\u2019n\u0131n en me\u015fhur ki\u015filikleri vard\u0131r. Caesar\u2019\u0131n M\u0131s\u0131r krali\u00e7esi Kleopatra\u2019yla ya\u015fad\u0131\u011f\u0131 dillere destan olan a\u015fk bug\u00fcn h\u00e2l\u00e2 insanlar\u0131 b\u00fcy\u00fclemeye devam etmektedir.  Philip Freeman, t\u00fcm \u015fahsiyetiyle ve \u00e7eli\u015fkileriyle Caesar\u2019\u0131n ya\u015fam\u0131n\u0131 g\u00f6zler \u00f6n\u00fcne seriyor. Onun t\u00fcm kudretiyle Roma\u2019ya nas\u0131l egemen oldu\u011funu ve Roma\u2019n\u0131n kaderini nas\u0131l de\u011fi\u015ftirdi\u011fini anlat\u0131yor. Iulius Caesar, klasik d\u00fcnyaya derin ilgisi olan okurlar kadar, Caesar\u2019\u0131 ve antik Roma\u2019y\u0131 ilk kez ke\u015ffedecek yeni okurlar i\u00e7in de bir ba\u015fucu kitab\u0131\u2026   HANNIBAL \u2013 PATRICK N. HUNT Roma&#8217;n\u0131n B\u00fcy\u00fck D\u00fc\u015fman\u0131 Efsane Ve Ger\u00e7ek Aras\u0131nda Tarihin En Gizemli Komutan\u0131\u2026Hangi Hannibal efsane, hangisi ger\u00e7ek? M\u00d6 208 y\u0131l\u0131nda \u00fcnl\u00fc Alpleri ge\u00e7i\u015fi nas\u0131l ger\u00e7ekle\u015fti? Tarihin en dikkat \u00e7eken komutanlar\u0131ndan biri olmas\u0131n\u0131n sebepleri nelerdi? Ni\u00e7in kendisini alt edenlerden daha me\u015fhurdu? Strateji ve taktik dehas\u0131 m\u0131 yoksa kumarbaz ve \u015fansl\u0131 m\u0131? D\u00fcnya asker\u00ee tarihinde Hannibal ve icraatlar\u0131 nas\u0131l yorumlan\u0131yor? Stanford \u00dcniversitesi\u2019nde be\u015fer\u00ee bilimler, arkeoloji, mitoloji ve sanat dersleri veren Patrick Hunt, gen\u00e7li\u011finden beri hayal g\u00fcc\u00fcnde geni\u015f yer edinen Hannibal efsanesinin pe\u015fine d\u00fc\u015ft\u00fc\u011f\u00fc bu eserini, uzun y\u0131llar boyunca \u00fc\u00e7 k\u0131tada onun ayak izlerini takip ederek olu\u015fturdu. Antik kaynaklar ve arkeolojik saha ara\u015ft\u0131rmalar\u0131 e\u015fli\u011finde ilerleyen sayfalarda Hannibal\u2019\u0131n ola\u011fan\u00fcst\u00fc zorluklara kar\u015f\u0131 verdi\u011fi taktiksel kar\u015f\u0131l\u0131klar\u0131n de\u011fi\u015fkenli\u011fi ortaya \u00e7\u0131k\u0131yor. Bu da binlerce y\u0131ll\u0131k d\u00f6nemde Hannibal\u2019in neden b\u00fcy\u00fck bir muamma oldu\u011funu ve hakikatle efsanenin nas\u0131l birbirine kar\u0131\u015ft\u0131\u011f\u0131n\u0131 g\u00f6zler \u00f6n\u00fcne seriyor.Kitap, Hannibal\u2019in gen\u00e7lik d\u00f6nemiyle ve yemin t\u00f6reniyle a\u00e7\u0131l\u0131yor. Hannibal\u2019in ad\u0131m ad\u0131m ge\u00e7ti\u011fi \u0130spanya, Pireneler ve Alpler aras\u0131nda ya\u015fanan co\u011frafi ve iklimsel zorluklar\u0131n yan\u0131 s\u0131ra pusular da kitab\u0131n heyecan\u0131n\u0131 \u00e7ok \u00fcst seviyede tutuyor. Alplerin zirvesinden Apeninler ve Arno batakl\u0131klar\u0131na, Roma zaferinden Zama Muharebesi\u2019ne do\u011fru adeta bir roman gibi s\u00fcr\u00fckleyici bi\u00e7imde ilerleyen kitap, Hannibal\u2019\u0131n s\u00fcrg\u00fcn\u00fcyle ve miras\u0131yla son buluyor.D\u00fcnya kitap ele\u015ftirmenleri taraf\u0131ndan hayranl\u0131kla tarif edilen Hannibal\u2019in Samet \u00d6zg\u00fcler \u00e7evirisiyle tarih okurlar\u0131 i\u00e7in de unutulmaz olaca\u011f\u0131n\u0131 d\u00fc\u015f\u00fcn\u00fcyoruz\u2026<\/p>\n","protected":false},"excerpt":{"rendered":"<p>CENG\u0130Z HAN \u2013 JACK WEATHERFORD YA\u015eAMININ T\u00dcM Y\u00d6NLER\u0130YLE CENG\u0130Z HAN VE O\u011eULLARI\u2026 \u201cCengiz Han, d\u00fcnya tarihinin son b\u00fcy\u00fck kabile imparatoruydu. G\u00f6\u00e7ebe hayat\u0131 ya\u015fayan kabileler ile uygar<span class=\"excerpt-hellip\"> [\u2026]<\/span><\/p>\n","protected":false},"featured_media":0,"template":"","meta":{"_monsterinsights_skip_tracking":false,"_monsterinsights_sitenote_active":false,"_monsterinsights_sitenote_note":"","_monsterinsights_sitenote_category":0},"product_brand":[],"product_cat":[12370,12304],"product_tag":[],"class_list":{"0":"post-724247","1":"product","2":"type-product","3":"status-publish","5":"product_cat-arastirma-inceleme","6":"product_cat-tarih","7":"pa_cilt-ciltsiz","8":"pa_tur-kitap","9":"pa_yayinevi-kronik-kitap","10":"pa_yazar-kolektif","12":"first","13":"instock","14":"sale","15":"shipping-taxable","16":"purchasable","17":"product-type-simple"},"_links":{"self":[{"href":"https:\/\/roveyayinevi.com.tr\/index.php\/wp-json\/wp\/v2\/product\/724247","targetHints":{"allow":["GET"]}}],"collection":[{"href":"https:\/\/roveyayinevi.com.tr\/index.php\/wp-json\/wp\/v2\/product"}],"about":[{"href":"https:\/\/roveyayinevi.com.tr\/index.php\/wp-json\/wp\/v2\/types\/product"}],"wp:attachment":[{"href":"https:\/\/roveyayinevi.com.tr\/index.php\/wp-json\/wp\/v2\/media?parent=724247"}],"wp:term":[{"taxonomy":"product_brand","embeddable":true,"href":"https:\/\/roveyayinevi.com.tr\/index.php\/wp-json\/wp\/v2\/product_brand?post=724247"},{"taxonomy":"product_cat","embeddable":true,"href":"https:\/\/roveyayinevi.com.tr\/index.php\/wp-json\/wp\/v2\/product_cat?post=724247"},{"taxonomy":"product_tag","embeddable":true,"href":"https:\/\/roveyayinevi.com.tr\/index.php\/wp-json\/wp\/v2\/product_tag?post=724247"}],"curies":[{"name":"wp","href":"https:\/\/api.w.org\/{rel}","templated":true}]}}