{"id":724246,"date":"2025-08-27T19:31:50","date_gmt":"2025-08-27T16:31:50","guid":{"rendered":"https:\/\/roveyayinevi.com.tr\/index.php\/urun\/gizli-teskilatlar-5-kitap\/"},"modified":"2026-04-16T02:32:15","modified_gmt":"2026-04-15T23:32:15","slug":"gizli-teskilatlar-5-kitap","status":"publish","type":"product","link":"https:\/\/roveyayinevi.com.tr\/index.php\/urun\/gizli-teskilatlar-5-kitap\/","title":{"rendered":"Gizli Te\u015fkilatlar (5 Kitap)"},"content":{"rendered":"<p>TE\u015eK\u0130LAT-I MAHSUSA \u2013 AR\u0130F CEM\u0130L Kafkasya ve Balkanlar\u2019da Operasyonlar Te\u015fkilat-I Mahsusa\u2019n\u0131n Kafkasya Ve Balkan Faaliyetleri Gayrinizami harp\u2026 Osmanl\u0131 ve Cumhuriyet d\u00f6nemi askeri tarihimizin en \u00f6nemli k\u00f6r noktalar\u0131ndan\u2026 Te\u015fkilat-\u0131 Mahsusa ise gayrinizami harp tarihimizde m\u00fcesses bir a\u015fama\u2026 Bir\u00e7o\u011fumuzun g\u00f6z\u00fcnde t\u00fcm operasyonel ve istihbar\u00ee sahaya hakim ezoterik bir \u00f6rg\u00fct, bir bilinmezlikler y\u0131\u011f\u0131n\u0131. Evet, bir\u00e7ok olay\u0131n Te\u015fkilat-\u0131 Mahsusa\u2019n\u0131n ola\u011fand\u0131\u015f\u0131l\u0131\u011f\u0131n\u0131 do\u011frulad\u0131\u011f\u0131 yads\u0131namaz. Yine de di\u011fer tarihi olaylarda oldu\u011fu gibi Te\u015fkilat-\u0131 Mahsusa\u2019n\u0131n da ger\u00e7ek insanlardan olu\u015fan ger\u00e7ek bir ge\u00e7mi\u015fe, k\u00f6\u015feleri olan bir tarihsel maceraya i\u015faret etti\u011fini kabul etmemiz gerekiyor. Yeter ki \u00f6rg\u00fct ideolojik, estetik veya ahlaki kayg\u0131larla de\u011fil konunun do\u011fas\u0131ndan kaynaklanan yan\u0131lt\u0131c\u0131l\u0131\u011fa kar\u015f\u0131 ihtiyatl\u0131 bir \u015fekilde, kaynaklar arac\u0131l\u0131\u011f\u0131yla bizlere seslenen ge\u00e7mi\u015fin pe\u015finden giderek \u00e7al\u0131\u015f\u0131ls\u0131n. Te\u015fkilat-\u0131 Mahsusa ile ilgili en \u00f6nemli kaynaklardan birinin, \u00f6rg\u00fctle organik ba\u011f\u0131 bulunan Arif Cemil Denker oldu\u011fu her t\u00fcrl\u00fc tart\u0131\u015fman\u0131n \u00f6tesindedir. Denker, erken Cumhuriyet d\u00f6neminde, Te\u015fkilat-\u0131 Mahsusa\u2019n\u0131n do\u011frudan devam\u0131 say\u0131labilecek \u00f6rg\u00fctlerin tarih sahnesinden silinmesinden yakla\u015f\u0131k 10 sene sonra Te\u015fkilat-\u0131 Mahsusa hakk\u0131nda ilk tefrikay\u0131 kaleme alm\u0131\u015ft\u0131r. Bu \u00f6nemine binaen, \u00fclkemizdeki gayrinizami harp tarihi \u00e7al\u0131\u015fmalar\u0131n\u0131n do\u011fru bir mecrada seyretmesine yard\u0131mc\u0131 olmay\u0131 ve bunlar\u0131 herkes i\u00e7in eri\u015filebilir k\u0131lmay\u0131 ama\u00e7layarak haz\u0131rlad\u0131\u011f\u0131m\u0131z Gizli Te\u015fkilatlar Serisi\u2019ne Denker\u2019in Umum-i Harp\u2019te Te\u015fkilat-\u0131 Mahsusa ad\u0131yla kaleme ald\u0131\u011f\u0131 tefrikas\u0131yla ba\u015fl\u0131yoruz. Denker bu kritik \u00e7al\u0131\u015fmas\u0131nda, bat\u0131da \u0130spanya\u2019dan do\u011fuda \u00c7in ve Endonezya\u2019ya, kuzeyde Rusya\u2019dan g\u00fcneyde Sudan\u2019a kadar olduk\u00e7a geni\u015f bir operasyonel co\u011frafyada varl\u0131k g\u00f6steren Te\u015fkilat-\u0131 Mahsusa\u2019n\u0131n Kafkasya ve Balkanlardaki faaliyetlerine mercek tutmu\u015ftur. Askeri tarih\u00e7i \u2013 yazar Erhan \u00c7ifci ise yay\u0131mland\u0131\u011f\u0131 d\u00f6nemin \u015fartlar\u0131nda gayet ak\u0131c\u0131 bir \u00fcslupla kaleme al\u0131nm\u0131\u015f olsa da art\u0131k anla\u015f\u0131lmas\u0131 zorla\u015fan bu \u00e7al\u0131\u015fmay\u0131 titiz edisyonuyla \u00e7ok daha anla\u015f\u0131l\u0131r ve kullan\u0131\u015fl\u0131 bir hale getirmi\u015ftir. Te\u015fkilat-\u0131 Mahsusa: Kafkasya ve Balkanlar\u2019da Operasyonlar ad\u0131yla yeniden piyasaya sundu\u011fumuz bu \u00e7al\u0131\u015fma umut ediyoruz ki Arif Cemil\u2019e literat\u00fcrde hak etti\u011fi sayg\u0131nl\u0131\u011f\u0131 kazand\u0131racakt\u0131r.   GAYR\u0130N\u0130ZAM\u0130 HARP \u2013 AL\u0130 G\u00dcNE\u015e Balkan Harbi\u2019nde Komita, \u00c7ete, Jandarma ve Milisler (1912-1913) Osmanl\u0131 Subaylar\u0131n\u0131n Gayrinizami Harp Tecr\u00fcbesi\u2026Gayrinizami harp nedir? 19. y\u00fczy\u0131ldan g\u00fcn\u00fcm\u00fcze kadar nas\u0131l bir rol oynam\u0131\u015ft\u0131r? Modern gayrinizami harp teorisinin temelleri nas\u0131l at\u0131lm\u0131\u015ft\u0131r? G\u00fcn\u00fcm\u00fczde gayrinizami harp alan\u0131nda otorite kabul edilen ABD\u2019nin modern teoriye katk\u0131s\u0131 ne y\u00f6nde olmu\u015ftur? Balkan Harbi \u00f6ncesinde ya\u015fanan ayaklanma hareketleri ve \u00e7ete muharebeleri ile Makedonya Sorunu ba\u011flam\u0131nda te\u015fkil edilen komitalar\u0131n Osmanl\u0131 gayrinizami harp tecr\u00fcbelerine nas\u0131l bir etkisi olmu\u015ftur? Osmanl\u0131 Devleti\u2019nin Balkan Harbi i\u00e7in haz\u0131rlad\u0131\u011f\u0131 harek\u00e2t planlar\u0131nda gayrinizami harbe y\u00f6nelik hangi hususlar kurgulanm\u0131\u015ft\u0131r? Harp esnas\u0131nda hangi unsurlara gayrinizami harp g\u00f6revleri verilmi\u015ftir? G\u00fcn\u00fcm\u00fczde k\u00fcresel silahl\u0131 \u00e7at\u0131\u015fmalar\u0131n haritas\u0131na bak\u0131ld\u0131\u011f\u0131nda en fazla \u00f6ne \u00e7\u0131kan muharebe t\u00fcr\u00fcn\u00fcn gayrinizami harp ve gayrinizami kuvvetlere kar\u015f\u0131 harek\u00e2t oldu\u011funu s\u00f6ylemek m\u00fcmk\u00fcnd\u00fcr. Gayrinizami harp, ge\u00e7mi\u015ften g\u00fcn\u00fcm\u00fcze her d\u00f6nemde \u00e7o\u011funlukla zay\u0131f\u0131n g\u00fc\u00e7l\u00fcye kar\u015f\u0131 kulland\u0131\u011f\u0131 bir silah olsa da g\u00fcn\u00fcm\u00fczde g\u00fc\u00e7l\u00fcn\u00fcn de zay\u0131fa veya dengine kar\u015f\u0131 dolayl\u0131 strateji kapsam\u0131nda ba\u015fvurdu\u011fu bir kuvvet \u00e7arpan\u0131d\u0131r. 1826-1912 y\u0131llar\u0131 aras\u0131nda yeni d\u00fczenli ordu ve \u00f6zellikle 1878-1912 Makedonya Sorunu d\u00f6neminde Osmanl\u0131 askeriyesi, gayrinizami harp harekat\u0131n\u0131n en aktif uygulay\u0131c\u0131lar\u0131 aras\u0131nda yer alm\u0131\u015ft\u0131r. Osmanl\u0131 \u0130mparatorlu\u011fu\u2019nun ge\u00e7 d\u00f6nem asker\u00ee tarihi, gayrinizami harp incelemesi i\u00e7in b\u00fcy\u00fck potansiyele sahiptir.Elinizdeki eser Osmanl\u0131 gayrinizami harp tecr\u00fcbesini Balkan Harbi \u00f6zelinde yeniden d\u00fc\u015f\u00fcnmeyi ama\u00e7lamaktad\u0131r. Eser, akademik \u00e7evrelerin bug\u00fcne kadar yeterince incelememi\u015f olduklar\u0131 Osmanl\u0131 gayrinizami harp tecr\u00fcbesinin, g\u00fcn\u00fcm\u00fczde asker\u00ee doktrin \u00fcretmede ba\u015f\u0131 \u00e7eken NATO eksenindeki ABD\u2019nin ortaya koydu\u011fu ve b\u00fct\u00fcn d\u00fcnyada kabul g\u00f6ren modern gayrinizami harp doktrini ile benze\u015fen y\u00f6nlerini ortaya koymaktad\u0131r.Ali G\u00fcne\u015f\u2019in hem teorik-kavramsal hem de tarih\u00ee bir analiz olarak i\u015fledi\u011fi Gizli Te\u015fkilatlar Serisi\u2019nin yeni kitab\u0131 Gayrinizami Harp, yaln\u0131zca bu sahada \u00e7al\u0131\u015fanlar\u0131n de\u011fil,  alana merak duyanlar\u0131nda da ba\u015fucundan eksik etmeyecekleri bir kaynak eser\u2026     \u0130ST\u0130HBARAT SAVA\u015eLARI \u2013 H\u00dcSEY\u0130N AZ\u0130Z AKY\u00dcREK Birinci D\u00fcnya Sava\u015f\u0131\u2019nda Suriye ve L\u00fcbnan\u2019da Casusluk Faaliyetleri Elinizdeki \u00e7al\u0131\u015fma, Birinci D\u00fcnya Sava\u015f\u0131\u2019n\u0131n ikinci yar\u0131s\u0131nda Osmanl\u0131 Devleti\u2019nde Emniyet-i Umumiye M\u00fcd\u00fcr\u00fc olarak g\u00f6rev yapan Aziz Bey\u2019in (H\u00fcseyin Aziz Aky\u00fcrek) hat\u0131rat\u0131 olarak 1932-33\u2019te Beyrut merkezli el-Ahrar gazetesinde Arap\u00e7a olarak tefrika edildi ve akabinde Suriye ve L\u00fcbnan fi Harbi\u2019l-\u00c2lemiyye: el-\u0130stihbarat ve\u2019l-Casusiyye fi\u2019d-Devleti\u2019l-\u2018Usmaniyye ba\u015fl\u0131\u011f\u0131yla kitap olarak bas\u0131ld\u0131. \u0130stihbarat Sava\u015flar\u0131: Birinci D\u00fcnya Sava\u015f\u0131\u2019nda Suriye ve L\u00fcbnan\u2019da Casusluk Faaliyetleri ad\u0131yla T\u00fcrk\u00e7eye kazand\u0131rd\u0131\u011f\u0131m\u0131z bu kitap, \u00f6zellikle istihbarat, casusluk ve propaganda konular\u0131nda hayli zengin bir i\u00e7eri\u011fe sahip. Kitapta, Orta Do\u011fu\u2019daki gayrim\u00fcslim gruplardan ayr\u0131l\u0131k\u00e7\u0131 Arap hareketleri ve \u00f6rt\u00fcl\u00fc \u00e7al\u0131\u015fmalar\u0131na, Cemal Pa\u015fa\u2019n\u0131n Suriye ve L\u00fcbnan i\u00e7in Frans\u0131zlarla pazarl\u0131\u011f\u0131ndan Enver ve Talat Pa\u015falar\u0131n Suriye\u2019yi bir hidivli\u011fe d\u00f6n\u00fc\u015ft\u00fcrme planlar\u0131na, b\u00f6lgedeki Osmanl\u0131 istihbarat yap\u0131lanmas\u0131 ve kar\u015f\u0131 casusluk faaliyetlerinden gizli \u00f6deneklere, Siyonizm tehlikesi ve Nili casusluk \u015febekesinden b\u00f6lge bas\u0131n\u0131na kadar pek \u00e7ok durum ve olaya \u0131\u015f\u0131k tutuluyor. \u00d6te yandan, Osmanl\u0131 idaresindeki Arap topraklar\u0131 ve daha \u00f6zelde Suriye ve L\u00fcbnan\u2019da \u00f6ne \u00e7\u0131kan tarihi \u015fahsiyetler de mevzubahis ediliyor. Emir \u015eekib Arslan, Aziz Ali el-M\u0131sr\u00ee, \u015earl Debb\u00e2s, Thomas Edward Lawrence, Cevat Rifat Atilhan, \u0130zzet el-C\u00fcnd\u00ee ve Esad \u015eukayr\u00ee\u2019nin yan\u0131 s\u0131ra 4. Ordu istihbarat yap\u0131lanmas\u0131ndaki baz\u0131 isimler ile d\u00fc\u015fman casuslar\u0131, Osmanl\u0131 Devleti\u2019nin emniyet\u00e7isi ve istihbarat\u00e7\u0131s\u0131 olan bir \u015fahsiyetin g\u00f6z\u00fcnden de\u011ferlendiriliyor. Yay\u0131mland\u0131\u011f\u0131 g\u00fcnden bu yana ge\u00e7en 87 sene i\u00e7erisinde Arap\u00e7aya hakim tarih\u00e7iler, T\u00fcrk\u00e7e asl\u0131 bulunmayan bu hat\u0131rat\u0131, \u00f6nemine binaen muteber bir kaynak olarak kabul ederek \u00e7al\u0131\u015fmalar\u0131nda kulland\u0131lar. Ancak, Aziz Bey\u2019in hat\u0131rata konu olan d\u00f6nemde Suriye ve L\u00fcbnan\u2019da bulunmad\u0131\u011f\u0131na dair kuvvetli delilleri ve bu delillerin beraberinde getirebilece\u011fi sorular\u0131 g\u00f6z ard\u0131 ettiler.  Dr. Polat Safi, hat\u0131rat\u0131 ger\u00e7ekte Aziz Bey\u2019in yaz\u0131p yazmad\u0131\u011f\u0131 sorusundan hareketle kaleme ald\u0131\u011f\u0131 takdim yaz\u0131s\u0131nda, kitaba konu olan d\u00f6nem, mekan ve \u015fah\u0131slar\u0131, kitab\u0131n yay\u0131mland\u0131\u011f\u0131 ba\u011flam \u00fczerinden okuyarak metnin tarih, \u00f6zellikle de istihbarat tarihi a\u00e7\u0131s\u0131ndan sahip oldu\u011fu \u00f6nemin alt\u0131n\u0131 \u00e7iziyor, derin ve katmanl\u0131 operasyonel de\u011ferine dikkat \u00e7ekiyor. Ayn\u0131 zamanda, T\u00fcrk istihbarat ve gayrinizami harp tarihimizi hen\u00fcz kurulu\u015f a\u015famas\u0131nda nas\u0131l etkiledi\u011fini irdeliyor.     SINIRLARI \u00c7\u0130ZEN KADIN \u2013 TAHA N\u0130YAZ\u0130 KARACA \u0130ngiliz Casus Gertrude Bell Ortado\u011fu S\u0131n\u0131rlar\u0131n\u0131 \u00c7izen Kad\u0131n: \u0130ngiliz Casus Gertrude Bell\u2026Gertrude Bell\u2019in Ortado\u011fu\u2019nun \u015fekillenmesinde oynad\u0131\u011f\u0131 rol neydi? Yazar, arkeolog, seyyah ve casus olarak bilinen Gertrude Bell asl\u0131nda kimdi? Nas\u0131l bir s\u00fcre\u00e7ten ge\u00e7erek Osmanl\u0131 \u0130mparatorlu\u011fu\u2019nun y\u0131k\u0131lmas\u0131 i\u00e7in \u00e7al\u0131\u015fan bir ajan durumuna gelmi\u015fti?   Prof. Dr. Taha Niyazi Karaca, ilk defa ba\u015fvurulan ar\u015fivler ve ke\u015ffedilen belgeler \u0131\u015f\u0131\u011f\u0131nda daha \u00f6nce bir\u00e7ok y\u00f6n\u00fc irdelenmemi\u015f Gertrude Bell\u2019in bamba\u015fka bir portresini ortaya \u00e7\u0131kar\u0131yor. \u201cD\u00fcnyaya medeniyet yayd\u0131\u011f\u0131na inand\u0131\u011f\u0131\u201d \u00fclkesine lay\u0131k olmak i\u00e7in var g\u00fcc\u00fcyle \u00e7al\u0131\u015fm\u0131\u015f Gertrude Bell\u2019in yaln\u0131z ba\u015f\u0131na Arap \u00e7\u00f6llerine girecek cesareti bulabildi\u011fi s\u0131rad\u0131\u015f\u0131 ya\u015fam\u0131 t\u00fcm hik\u00e2yesiyle g\u00f6zler \u00f6n\u00fcne seriliyor. Bu kitap, Gertrude Bell\u2019i biyografik olarak sunmakla kalm\u0131yor, onun Orta Do\u011fu\u2019nun \u015fekillenmesinde rol oynam\u0131\u015f ki\u015filerden biri oldu\u011funu teferruat\u0131yla anlat\u0131yor. Bir taraftan \u00f6\u011frencili\u011fi, tarih\u00e7ili\u011fi, arkeoloji \u00e7al\u0131\u015fmalar\u0131 ve gezilerinden bahsederken di\u011fer taraftan da yeniden \u015fekillenen Orta Do\u011fu\u2019daki geli\u015fmelerin seyrini, n\u00fcfuz m\u00fccadelelerini irdeliyor. Bu a\u00e7\u0131dan kitapta Gertrude Bell\u2019in \u00f6zel ya\u015fam\u0131na paralel olarak 19. y\u00fczy\u0131l\u0131 \u015fekillendiren \u00f6nemli olaylar da yer buluyor. \u0130ngiltere\u2019nin Kut\u00fclamare yenilgisi ve b\u00f6lge politikas\u0131na etkisi, \u0130ngiliz-Frans\u0131z ortakl\u0131\u011f\u0131 ve Sykes-Picot Anla\u015fmas\u0131, Balfour Deklarasyonu, Paris Bar\u0131\u015f Konferans\u0131, Percy Cox ve Mezopotamya Sivil \u0130daresi\u2019nin kurulmas\u0131, Fransa\u2019n\u0131n Suriye\u2019yi i\u015fgali, Kahire Konferans\u0131, Faysal\u2019\u0131n Irak Kral\u0131 yap\u0131lmas\u0131 gibi son derece kritik meseleler Gertrude Bell\u2019in d\u00fc\u015f\u00fcnceleri ve tarihi ger\u00e7ekler e\u015fli\u011finde a\u00e7\u0131klan\u0131yor. S\u0131n\u0131rlar\u0131 \u00c7izen Kad\u0131n: \u0130ngiliz Casus Gertrude Bell, haritalar\u0131yla ve foto\u011fraflar\u0131yla soluk solu\u011fa okunacak bir kaynak niteli\u011fi ta\u015f\u0131yor\u2026     SINIRDAK\u0130 CASUS \u2013 AHMET Y\u00dcKSEL Osmanl\u0131 Topraklar\u0131nda Bir Rus Ajan\u0131 Kafkasyal\u0131 Mehdi Kulu \u015eirvani Ba\u011fdat\u2019tan Payitahta Kafkasyal\u0131 Bir Casus\u2026Mehdi Kulu \u015eirvan\u00ee\u2026 Tarih ara\u015ft\u0131rmalar\u0131nda bug\u00fcne kadar ismine rastlanmam\u0131\u015f, kitaplarda yer edinememi\u015f Kafkas k\u00f6kenli bir Rus vatanda\u015f\u0131\u2026 B\u00f6yle bir ara\u015ft\u0131rmaya konu olmas\u0131 hem bir hakikatin hem de bir tesad\u00fcf\u00fcn eseri. Hakikat; tarihin art\u0131k sadece devletlerden veya o devletlerin d\u00fcmeninde oturanlardan ibaret olmay\u0131\u015f\u0131. Tesad\u00fcf; Osmanl\u0131 Ar\u015fivi\u2019nde \u201cSivas\u201d anahtar kelimesiyle yap\u0131lan taramalar s\u0131ras\u0131nda kar\u015f\u0131la\u015f\u0131lan bir vesikan\u0131n eseri. Bahse konu vesika, Ba\u011fdat\u2019ta ya\u015fayan Mehdi Kulu ad\u0131nda birisinin I. D\u00fcnya Sava\u015f\u0131\u2019n\u0131n devam etti\u011fi hengamede Rus casusu oldu\u011fu gerek\u00e7esiyle Sivas\u2019a s\u00fcrg\u00fcn edildi\u011fini haber veriyordu. Geni\u015fletilen taramalar neticesinde g\u00fcn y\u00fcz\u00fcne \u00e7\u0131kar\u0131lan di\u011fer vesikalar ise s\u00fcrg\u00fcne zemin haz\u0131rlayan daha nice faaliyetlerini\u2026   Mehd\u00ee Kulu \u015eirvan\u00ee kimdi? Neden ve ne zaman Ba\u011fdat\u2019a gidip yerle\u015fmi\u015fti? Osmanl\u0131 karar al\u0131c\u0131lar\u0131n\u0131 \u201cSivas\u2019\u0131n so\u011fu\u011funa tahamm\u00fcl edemeyip \u00f6lecek olursa memleket bir hainin v\u00fccudundan kurtulur\u201d dedirtecek denli bir nefreti nas\u0131l \u00fczerine \u00e7ekmi\u015fti? \u0130mparatorluklar\u0131n temelinden \u00e7at\u0131rdamaya ba\u015flad\u0131\u011f\u0131, s\u0131n\u0131rlar\u0131n s\u00fcratle de\u011fi\u015fti\u011fi ve g\u00fc\u00e7 dengelerinin alabora oldu\u011fu bir devirde s\u00fcrg\u00fcn edilmeyi gerektirir ne gibi casusluk faaliyetleri y\u00fcr\u00fctm\u00fc\u015ft\u00fc? Osmanl\u0131-Rus ili\u015fkilerinin alabildi\u011fine gergin oldu\u011fu ve taraflar\u0131n birbirine \u00fcst\u00fcnl\u00fck kurma gayretinin tavan yapt\u0131\u011f\u0131 bir d\u00f6neme\u00e7te Mehdi Kulu\u2019na nas\u0131l bir rol bi\u00e7ilmi\u015fti ve o, rol\u00fcn\u00fc tarihin sahnesinde kusursuz sergileyebilmi\u015f miydi? Sorular uzun, \u00f6m\u00fcr k\u0131sa\u2026 Sahi, 19. y\u00fczy\u0131lda \u015eirvan\u2019da ba\u015flayan bir ya\u015fam 20. y\u00fczy\u0131lda payitahta nas\u0131l uzanm\u0131\u015f, nerede ve ne zaman sonlanm\u0131\u015ft\u0131?       Osmanl\u0131 istihbarat tarihine kazand\u0131rd\u0131\u011f\u0131 \u00f6nemli \u00e7al\u0131\u015fmalar\u0131yla tan\u0131nan Do\u00e7. Dr. Ahmet Y\u00fcksel, elinizdeki \u00e7al\u0131\u015fmada, Mehdi Kulu\u2019nun Kaz\u0131miye\u2019den Necef\u2019e, Samara\u2019dan Urfa\u2019ya ve Kayseri\u2019den \u0130stanbul\u2019a uzanan takibi zor hayat\u0131n\u0131 inceleyerek bu ve benzeri sorulara cevap ar\u0131yor. Bu s\u0131rada d\u00f6nemin nabz\u0131n\u0131 tutmay\u0131 ihmal etmedi\u011fi gibi Mehdi Kulu etraf\u0131nda geli\u015fen olaylar\u0131n, Osmanl\u0131 makamlar\u0131yla Rusya\u2019n\u0131n diplomatik temsilcileri aras\u0131nda emperyal seviyede ya\u015fanan gerilimin bir numunesi oldu\u011funu ortaya koyuyor. Gizli Te\u015fkilatlar Serisi\u2019nin yeni kitab\u0131 S\u0131n\u0131rdaki Casus: Osmanl\u0131 ve Rusya Aras\u0131nda Bir Kafkasyal\u0131, okuyucuyu bir casusun pe\u015finden tansiyonu y\u00fcksek s\u0131n\u0131rlar aras\u0131nda gezdirerek literat\u00fcre ciddi bir katk\u0131 sa\u011fl\u0131yor.<\/p>\n","protected":false},"excerpt":{"rendered":"<p>TE\u015eK\u0130LAT-I MAHSUSA \u2013 AR\u0130F CEM\u0130L Kafkasya ve Balkanlar\u2019da Operasyonlar Te\u015fkilat-I Mahsusa\u2019n\u0131n Kafkasya Ve Balkan Faaliyetleri Gayrinizami harp\u2026 Osmanl\u0131 ve Cumhuriyet d\u00f6nemi askeri tarihimizin en \u00f6nemli k\u00f6r<span class=\"excerpt-hellip\"> [\u2026]<\/span><\/p>\n","protected":false},"featured_media":0,"template":"","meta":{"_monsterinsights_skip_tracking":false,"_monsterinsights_sitenote_active":false,"_monsterinsights_sitenote_note":"","_monsterinsights_sitenote_category":0},"product_brand":[],"product_cat":[12370,12304],"product_tag":[],"class_list":{"0":"post-724246","1":"product","2":"type-product","3":"status-publish","5":"product_cat-arastirma-inceleme","6":"product_cat-tarih","7":"pa_cilt-ciltsiz","8":"pa_tur-kitap","9":"pa_yayinevi-kronik-kitap","10":"pa_yazar-kolektif","12":"first","13":"instock","14":"sale","15":"shipping-taxable","16":"purchasable","17":"product-type-simple"},"_links":{"self":[{"href":"https:\/\/roveyayinevi.com.tr\/index.php\/wp-json\/wp\/v2\/product\/724246","targetHints":{"allow":["GET"]}}],"collection":[{"href":"https:\/\/roveyayinevi.com.tr\/index.php\/wp-json\/wp\/v2\/product"}],"about":[{"href":"https:\/\/roveyayinevi.com.tr\/index.php\/wp-json\/wp\/v2\/types\/product"}],"wp:attachment":[{"href":"https:\/\/roveyayinevi.com.tr\/index.php\/wp-json\/wp\/v2\/media?parent=724246"}],"wp:term":[{"taxonomy":"product_brand","embeddable":true,"href":"https:\/\/roveyayinevi.com.tr\/index.php\/wp-json\/wp\/v2\/product_brand?post=724246"},{"taxonomy":"product_cat","embeddable":true,"href":"https:\/\/roveyayinevi.com.tr\/index.php\/wp-json\/wp\/v2\/product_cat?post=724246"},{"taxonomy":"product_tag","embeddable":true,"href":"https:\/\/roveyayinevi.com.tr\/index.php\/wp-json\/wp\/v2\/product_tag?post=724246"}],"curies":[{"name":"wp","href":"https:\/\/api.w.org\/{rel}","templated":true}]}}