{"id":724242,"date":"2025-08-27T19:31:47","date_gmt":"2025-08-27T16:31:47","guid":{"rendered":"https:\/\/roveyayinevi.com.tr\/index.php\/urun\/adan-zye-hipnoterapi-benlik-saygisi-ve-kendine-guven\/"},"modified":"2026-04-16T02:32:15","modified_gmt":"2026-04-15T23:32:15","slug":"adan-zye-hipnoterapi-benlik-saygisi-ve-kendine-guven","status":"publish","type":"product","link":"https:\/\/roveyayinevi.com.tr\/index.php\/urun\/adan-zye-hipnoterapi-benlik-saygisi-ve-kendine-guven\/","title":{"rendered":"A\u2019dan Z\u2019ye Hipnoterapi &#8211; Benlik Sayg\u0131s\u0131 ve Kendine G\u00fcven"},"content":{"rendered":"<p>Bu kitap serisi, hem yeni e\u011fitim alm\u0131\u015f hem de deneyimli profesyonellerin klinik uygulamalar\u0131nda hipnoz kullanma konusunda rahat ve becerikli olmalar\u0131na yard\u0131mc\u0131 olmay\u0131 ama\u00e7lamaktad\u0131r. Bunu yaparken temel bir kaynak eser olma yolunda hipnozun hipnoterapiye evrilme s\u00fcrecini ad\u0131m ad\u0131m g\u00f6z \u00f6n\u00fcne sererken, hipnozla ilgili karma\u015f\u0131k bilgileri basit\u00e7e ve ileriye d\u00f6n\u00fck bir \u015fekilde A\u2019dan Z\u2019ye ad\u0131m ad\u0131m ortaya koyar. Hipnozun etkinli\u011finin ve artan kabul\u00fcn\u00fcn d\u00fcnya \u00e7ap\u0131ndaki dramatik Kan\u0131tlar\u0131na ra\u011fmen, psikoterapistlerin sadece k\u00fc\u00e7\u00fck bir y\u00fczdesi Hipnoterapinin sundu\u011fu kolayl\u0131klar\u0131 uygulamalar\u0131nda kullan\u0131r. Hipnozun bu yetersiz kullan\u0131m\u0131, daha \u00e7ok hipnoz ne yap\u0131yor, nas\u0131l yap\u0131yor ve bunu ne \u0130le yap\u0131yor gibi sorular\u0131n halen sa\u011fl\u0131kl\u0131, ger\u00e7ek\u00e7i ve bilimsel Bilgilere dayanmad\u0131\u011f\u0131 \u00f6n yarg\u0131s\u0131ndan kaynaklan\u0131yor gibi g\u00f6r\u00fcn\u00fcyor. Bu kitap serisi, s\u00f6z konusu \u00f6n yarg\u0131n\u0131n k\u0131r\u0131lmas\u0131na katk\u0131 sa\u011flamay\u0131 ama\u00e7lad\u0131\u011f\u0131 gibi alanda \u00e7al\u0131\u015fan profesyonellere y\u00f6nelik hipnoterapi ile ilgili yeni pencereler a\u00e7may\u0131 da g\u00f6rev edinmi\u015ftir. Bu anlamda, Hipnoterapistleri, gelene\u011fe dayanan hipnoz y\u00f6ntemlerinin k\u0131s\u0131tlamalar\u0131ndan kurtarmak ve dan\u0131\u015fanlar\u0131yla hemen kullanabilecekleri yeni becerileri aktarmak da ayr\u0131 bir zenginli\u011fidir.<\/p>\n","protected":false},"excerpt":{"rendered":"<p>Bu kitap serisi, hem yeni e\u011fitim alm\u0131\u015f hem de deneyimli profesyonellerin klinik uygulamalar\u0131nda hipnoz kullanma konusunda rahat ve becerikli olmalar\u0131na yard\u0131mc\u0131 olmay\u0131 ama\u00e7lamaktad\u0131r. Bunu yaparken temel<span class=\"excerpt-hellip\"> [\u2026]<\/span><\/p>\n","protected":false},"featured_media":0,"template":"","meta":{"_monsterinsights_skip_tracking":false,"_monsterinsights_sitenote_active":false,"_monsterinsights_sitenote_note":"","_monsterinsights_sitenote_category":0},"product_brand":[],"product_cat":[12573,12566],"product_tag":[],"class_list":{"0":"post-724242","1":"product","2":"type-product","3":"status-publish","5":"product_cat-akademik-kitaplar","6":"product_cat-egitim","7":"pa_cilt-ciltsiz","8":"pa_tur-kitap","9":"pa_yayinevi-nar-agaci-yayinlari","10":"pa_yazar-celalettin-uzuner","12":"first","13":"instock","14":"sale","15":"shipping-taxable","16":"purchasable","17":"product-type-simple"},"_links":{"self":[{"href":"https:\/\/roveyayinevi.com.tr\/index.php\/wp-json\/wp\/v2\/product\/724242","targetHints":{"allow":["GET"]}}],"collection":[{"href":"https:\/\/roveyayinevi.com.tr\/index.php\/wp-json\/wp\/v2\/product"}],"about":[{"href":"https:\/\/roveyayinevi.com.tr\/index.php\/wp-json\/wp\/v2\/types\/product"}],"wp:attachment":[{"href":"https:\/\/roveyayinevi.com.tr\/index.php\/wp-json\/wp\/v2\/media?parent=724242"}],"wp:term":[{"taxonomy":"product_brand","embeddable":true,"href":"https:\/\/roveyayinevi.com.tr\/index.php\/wp-json\/wp\/v2\/product_brand?post=724242"},{"taxonomy":"product_cat","embeddable":true,"href":"https:\/\/roveyayinevi.com.tr\/index.php\/wp-json\/wp\/v2\/product_cat?post=724242"},{"taxonomy":"product_tag","embeddable":true,"href":"https:\/\/roveyayinevi.com.tr\/index.php\/wp-json\/wp\/v2\/product_tag?post=724242"}],"curies":[{"name":"wp","href":"https:\/\/api.w.org\/{rel}","templated":true}]}}