{"id":724240,"date":"2025-08-27T19:31:45","date_gmt":"2025-08-27T16:31:45","guid":{"rendered":"https:\/\/roveyayinevi.com.tr\/index.php\/urun\/asker-dogmayanlar\/"},"modified":"2026-04-16T02:32:15","modified_gmt":"2026-04-15T23:32:15","slug":"asker-dogmayanlar","status":"publish","type":"product","link":"https:\/\/roveyayinevi.com.tr\/index.php\/urun\/asker-dogmayanlar\/","title":{"rendered":"Asker Do\u011fmayanlar"},"content":{"rendered":"<p>Hangisi daha cesur olan? Sava\u015fan m\u0131 yoksa sava\u015fmay\u0131 reddeden mi?Milyonlarca okura ula\u015fan \u00c7izgili Pijamal\u0131 \u00c7ocuk kitab\u0131n\u0131n yazar\u0131 John Boyne&#8217;nun kaleme ald\u0131\u011f\u0131 Asker Do\u011fmayanlar, sava\u015f\u0131n dayatt\u0131klar\u0131na direnen bir avu\u00e7 vicdani ret\u00e7inin a\u015fkla, \u00f6l\u00fcmle ve cesaretle s\u0131nanan onurlu hayat m\u00fccadelesini sayfalar\u0131na ta\u015f\u0131yor.Daha fazla can almak ile korkakl\u0131k ekseninde s\u0131k\u0131\u015fan &#8221;erkeklik&#8221; olgusunu, cephelerde ya\u015fanan kimi yak\u0131nla\u015fmalar\u0131n yaratt\u0131\u011f\u0131 utan\u00e7, ink\u00e2r ve su\u00e7luluk duygular\u0131 \u00fczerinden irdeleyen bu \u00e7okkatmanl\u0131 roman, sava\u015f\u0131n s\u0131n\u0131rlar\u0131 zorlayan \u015fartlar\u0131 alt\u0131nda insan olman\u0131n anlam\u0131n\u0131 sorguluyor.Sava\u015fa &#8221;kar\u015f\u0131&#8221; sava\u015fanlar\u0131n hayalleri ve tutkular\u0131ndan beslenerek lirik bir anlat\u0131m tutturan yazar, insanl\u0131\u011f\u0131n k\u0131r\u0131lgan ger\u00e7ekli\u011fini, toplumlardaki kaosu dizginlemeye yarayan ahlaki ve vicdani yapt\u0131r\u0131mlar\u0131n \u00f6nlenemez sonu\u00e7lar\u0131yla paralel bir \u015fekilde anlatmaya \u00e7al\u0131\u015f\u0131yor.   \u00c7ocuk ya\u015fta evinden kovulan, Birinci D\u00fcnya Sava\u015f\u0131&#8217;nda Fransa&#8217;n\u0131n kuzeyinde Almanlara kar\u015f\u0131 sava\u015fan Tristan Sadler&#8217;\u0131n elinde, Mirian Bancroft&#8217;a ula\u015ft\u0131rmak istedi\u011fi mektuplar vard\u0131r. Ancak silah arkada\u015f\u0131, dostu ve kar\u015f\u0131l\u0131ks\u0131z a\u015fk\u0131 Will&#8217;in ablas\u0131 Mirian ile bulu\u015fmas\u0131n\u0131n alt\u0131nda yatan tek sebep bu de\u011fildir. Er Bancroft&#8217;un \u00f6l\u00fcm\u00fcn\u00fcn ard\u0131ndaki s\u0131r, Tristan&#8217;\u0131n i\u00e7ini kemirmektedir, belki de bu bulu\u015fma bir t\u00fcr itiraf niteli\u011fi ta\u015f\u0131yacak, b\u00f6ylece bir anlamda af dileyebilecektir.    D\u00fcnya tarihinin d\u00f6n\u00fcm noktas\u0131 bir sava\u015f, birbirlerini &#8221;ama\u00e7s\u0131zca&#8221; \u00f6ld\u00fcren insanlar, &#8221;sava\u015f\u00e7\u0131 erkek&#8221; kavram\u0131na uymad\u0131klar\u0131 i\u00e7in korkakl\u0131kla ve hainlikle su\u00e7lanan mahk\u00fbmlar\u2026 \u00d6te yandan benli\u011fine direnerek arzular\u0131na h\u00fckmetmeye \u00e7al\u0131\u015fan \u00f6zg\u00fcr ruhlar, cephelerde filizlenen duygusal yak\u0131nla\u015fmalar, ink\u00e2r ve utan\u00e7 duygular\u0131yla \u00f6r\u00fcl\u00fc intikam hissi\u2026 Sava\u015f edebiyat\u0131na katt\u0131\u011f\u0131 onlarca eserle t\u00fcr\u00fcn en yetkin yazarlar\u0131ndan birine d\u00f6n\u00fc\u015fen John Boyne daha \u00f6nce anlat\u0131lmaya hi\u00e7 cesaret edilmemi\u015f, al\u0131\u015f\u0131lm\u0131\u015f\u0131n d\u0131\u015f\u0131nda bir sava\u015f hik\u00e2yesi anlat\u0131yor. &#8221;Korkaklar, y\u00fcreksiz olur. Ben y\u00fcreksiz de\u011filim, ilkeli bir insan\u0131m. Arada fark var.&#8221;<\/p>\n","protected":false},"excerpt":{"rendered":"<p>Hangisi daha cesur olan? Sava\u015fan m\u0131 yoksa sava\u015fmay\u0131 reddeden mi?Milyonlarca okura ula\u015fan \u00c7izgili Pijamal\u0131 \u00c7ocuk kitab\u0131n\u0131n yazar\u0131 John Boyne&#8217;nun kaleme ald\u0131\u011f\u0131 Asker Do\u011fmayanlar, sava\u015f\u0131n dayatt\u0131klar\u0131na direnen<span class=\"excerpt-hellip\"> [\u2026]<\/span><\/p>\n","protected":false},"featured_media":0,"template":"","meta":{"_monsterinsights_skip_tracking":false,"_monsterinsights_sitenote_active":false,"_monsterinsights_sitenote_note":"","_monsterinsights_sitenote_category":0},"product_brand":[],"product_cat":[12291,12745],"product_tag":[],"class_list":{"0":"post-724240","1":"product","2":"type-product","3":"status-publish","5":"product_cat-edebiyat","6":"product_cat-tarihi-roman","7":"pa_cilt-ciltsiz","8":"pa_tur-kitap","9":"pa_yayinevi-delidolu","10":"pa_yazar-john-boyne","12":"first","13":"instock","14":"sale","15":"shipping-taxable","16":"purchasable","17":"product-type-simple"},"_links":{"self":[{"href":"https:\/\/roveyayinevi.com.tr\/index.php\/wp-json\/wp\/v2\/product\/724240","targetHints":{"allow":["GET"]}}],"collection":[{"href":"https:\/\/roveyayinevi.com.tr\/index.php\/wp-json\/wp\/v2\/product"}],"about":[{"href":"https:\/\/roveyayinevi.com.tr\/index.php\/wp-json\/wp\/v2\/types\/product"}],"wp:attachment":[{"href":"https:\/\/roveyayinevi.com.tr\/index.php\/wp-json\/wp\/v2\/media?parent=724240"}],"wp:term":[{"taxonomy":"product_brand","embeddable":true,"href":"https:\/\/roveyayinevi.com.tr\/index.php\/wp-json\/wp\/v2\/product_brand?post=724240"},{"taxonomy":"product_cat","embeddable":true,"href":"https:\/\/roveyayinevi.com.tr\/index.php\/wp-json\/wp\/v2\/product_cat?post=724240"},{"taxonomy":"product_tag","embeddable":true,"href":"https:\/\/roveyayinevi.com.tr\/index.php\/wp-json\/wp\/v2\/product_tag?post=724240"}],"curies":[{"name":"wp","href":"https:\/\/api.w.org\/{rel}","templated":true}]}}