{"id":724238,"date":"2025-08-27T19:31:44","date_gmt":"2025-08-27T16:31:44","guid":{"rendered":"https:\/\/roveyayinevi.com.tr\/index.php\/urun\/kirilgan-sapmalar\/"},"modified":"2026-04-16T02:32:15","modified_gmt":"2026-04-15T23:32:15","slug":"kirilgan-sapmalar","status":"publish","type":"product","link":"https:\/\/roveyayinevi.com.tr\/index.php\/urun\/kirilgan-sapmalar\/","title":{"rendered":"K\u0131r\u0131lgan Sapmalar"},"content":{"rendered":"<p>\u201cNeoliberalizmin nihai kurnazl\u0131\u011f\u0131 militan depresyondur. Politik yenilgilerin bir sonucu olarak \u00e7o\u011fu, solun bile, kendisini yenilginin rehavetine b\u0131rak\u0131yor: alternatif bile yok! Oysa Engin Sustam bu kitab\u0131yla bizi, g\u00f6remedi\u011fimizi d\u00fc\u015f\u00fcnmeye davet ederek ayaklanmalar\u0131n \u00f6ng\u00f6r\u00fclemezligine i\u015faret ediyor. T\u00fcrkiye\u2019den Fransa\u2019ya, Ro*java\u2019dan Chiapas\u2019a veya Santiago\u2019dan Hong Kong\u2019a isyan, bu \u015feylerin d\u00fczenini ters \u00e7eviren devrim de\u011fil, ama bir ihlaldir: Umutsuz bir d\u00fcnyada, yeni ku\u015faklar bug\u00fcn umut alanlar\u0131 a\u00e7\u0131yor!\u201d   \u00c9ric Fassin   \u201cYeni ba\u015fkald\u0131r\u0131 dinamikleri \/ direni\u015f sahalar\u0131 kafkaesk bir ironiyle, karnavalesk bir dans\u0131 yan yana getiren ya\u015fam alanlar\u0131n\u0131n k\u0131r\u0131lgan ortakl\u0131\u011f\u0131n\u0131 imleyen, tali yollarda bulu\u015fan tekilliklerdir. Yani devlet ayg\u0131t\u0131n\u0131n, iktidar bi\u00e7imlerinin, iktidar\u0131 arzulayan m\u00fccadele makinelerinin kar\u015f\u0131s\u0131nda s\u00fcrekli hareket h\u00e2linde olan, daima olu\u015fan, yer de\u011fi\u015ftiren g\u00f6\u00e7ebe yeni proletaryan\u0131n herhangi bir zamanda ortaya \u00e7\u0131karken beklenilmeyen yeni bir dalgan\u0131n m\u00fc\u015fterekli\u011fi i\u00e7inde \u00f6ng\u00f6r\u00fclemez olu\u015fudur. \u2018K\u0131r\u0131lgan Sapmalar\u2019 deyim yerindeyse bug\u00fcn ortaya \u00e7\u0131kan b\u00fck\u00fclmelerin, k\u0131vr\u0131lmalar\u0131n sert ve dikey degil, transversal bir direni\u015fin \u00e7izimleri olarak tarif edilebilir. Bu \u015fey, tali yollarda dinlenmek, ana yoldan \u00e7\u0131k\u0131p, kendi yoluna ak\u0131\u015fkan olan bir isyan\u0131n defterini, haf\u0131zas\u0131n\u0131 tutmak, kurcalamakt\u0131r. Asl\u0131nda hem \u015fiirsel bir vurgu hem de sanat\u0131n da i\u00e7inde oldu\u011fu bu ba\u015fkald\u0131r\u0131lar\u0131n y\u00f6ntemlerine ve ifadelerine y\u00f6nelmeye \u00e7al\u0131\u015fmakt\u0131r. Belki de s\u0131rf bundan dolay\u0131 ba\u015fkald\u0131ranlar\u0131n bir nevi otokratik de\u011firmenlere direnen ya da kapitalizmin modernli\u011fiyle alay eden, isyanc\u0131 Don Ki\u015fot\u2019u imlediklerini s\u00f6ylemeliyiz. Don Ki\u015fot\u2019un inan\u0131lmaz boyutta hayran b\u0131rakan terk edilmi\u015f modern bir d\u00fcnyaya kar\u015f\u0131 \u2018\u00e7aresiz\u2019 direni\u015fi bir yenilgi parodisi ya da trajedi de\u011fildir, bilakis negatif bir olumsall\u0131kta y\u00fcklenen daha gotik bir direni\u015f sahas\u0131n\u0131n \u00f6znelli\u011fini, ba\u015fkald\u0131r\u0131y\u0131 heyecanl\u0131 k\u0131lan dans\u0131n i\u00e7inde y\u00fckselen m\u00fczi\u011fin karnavalesk imgesini ifade ediyor.\u201d   Engin Sustam <\/p>\n","protected":false},"excerpt":{"rendered":"<p>\u201cNeoliberalizmin nihai kurnazl\u0131\u011f\u0131 militan depresyondur. Politik yenilgilerin bir sonucu olarak \u00e7o\u011fu, solun bile, kendisini yenilginin rehavetine b\u0131rak\u0131yor: alternatif bile yok! Oysa Engin Sustam bu kitab\u0131yla bizi,<span class=\"excerpt-hellip\"> [\u2026]<\/span><\/p>\n","protected":false},"featured_media":0,"template":"","meta":{"_monsterinsights_skip_tracking":false,"_monsterinsights_sitenote_active":false,"_monsterinsights_sitenote_note":"","_monsterinsights_sitenote_category":0},"product_brand":[],"product_cat":[13590,12337],"product_tag":[],"class_list":{"0":"post-724238","1":"product","2":"type-product","3":"status-publish","5":"product_cat-arastirma-inceleme-politika-siyaset","6":"product_cat-politika-siyaset","7":"pa_cilt-ciltsiz","8":"pa_tur-kitap","9":"pa_yayinevi-kalkedon-yayincilik","10":"pa_yazar-engin-sustam","12":"first","13":"instock","14":"sale","15":"shipping-taxable","16":"purchasable","17":"product-type-simple"},"_links":{"self":[{"href":"https:\/\/roveyayinevi.com.tr\/index.php\/wp-json\/wp\/v2\/product\/724238","targetHints":{"allow":["GET"]}}],"collection":[{"href":"https:\/\/roveyayinevi.com.tr\/index.php\/wp-json\/wp\/v2\/product"}],"about":[{"href":"https:\/\/roveyayinevi.com.tr\/index.php\/wp-json\/wp\/v2\/types\/product"}],"wp:attachment":[{"href":"https:\/\/roveyayinevi.com.tr\/index.php\/wp-json\/wp\/v2\/media?parent=724238"}],"wp:term":[{"taxonomy":"product_brand","embeddable":true,"href":"https:\/\/roveyayinevi.com.tr\/index.php\/wp-json\/wp\/v2\/product_brand?post=724238"},{"taxonomy":"product_cat","embeddable":true,"href":"https:\/\/roveyayinevi.com.tr\/index.php\/wp-json\/wp\/v2\/product_cat?post=724238"},{"taxonomy":"product_tag","embeddable":true,"href":"https:\/\/roveyayinevi.com.tr\/index.php\/wp-json\/wp\/v2\/product_tag?post=724238"}],"curies":[{"name":"wp","href":"https:\/\/api.w.org\/{rel}","templated":true}]}}