{"id":724237,"date":"2025-08-27T19:31:43","date_gmt":"2025-08-27T16:31:43","guid":{"rendered":"https:\/\/roveyayinevi.com.tr\/index.php\/urun\/hayvanlar-eglenceli-sekiller-4-kitaplik-set\/"},"modified":"2026-04-16T02:32:15","modified_gmt":"2026-04-15T23:32:15","slug":"hayvanlar-eglenceli-sekiller-4-kitaplik-set","status":"publish","type":"product","link":"https:\/\/roveyayinevi.com.tr\/index.php\/urun\/hayvanlar-eglenceli-sekiller-4-kitaplik-set\/","title":{"rendered":"Hayvanlar E\u011flenceli \u015eekiller (4 Kitapl\u0131k Set)"},"content":{"rendered":"<p>Hayvanlar E\u011flenceli \u015eekiller: \u00c7iftlikHayvanlar E\u011flenceli \u015eekiller: DenizHayvanlar E\u011flenceli \u015eekiller: Hayvanat Bah\u00e7esiHayvanlar E\u011flenceli \u015eekiller: Orman<\/p>\n","protected":false},"excerpt":{"rendered":"<p>Hayvanlar E\u011flenceli \u015eekiller: \u00c7iftlikHayvanlar E\u011flenceli \u015eekiller: DenizHayvanlar E\u011flenceli \u015eekiller: Hayvanat Bah\u00e7esiHayvanlar E\u011flenceli \u015eekiller: Orman<\/p>\n","protected":false},"featured_media":0,"template":"","meta":{"_monsterinsights_skip_tracking":false,"_monsterinsights_sitenote_active":false,"_monsterinsights_sitenote_note":"","_monsterinsights_sitenote_category":0},"product_brand":[],"product_cat":[12554,12274],"product_tag":[],"class_list":{"0":"post-724237","1":"product","2":"type-product","3":"status-publish","5":"product_cat-cikartmali-kitaplar","6":"product_cat-cocuk-ve-genclik-kitaplari","7":"pa_cilt-ciltsiz","8":"pa_tur-kitap","9":"pa_yayinevi-eksik-parca-yayinlari","10":"pa_yazar-kolektif","12":"first","13":"instock","14":"sale","15":"shipping-taxable","16":"purchasable","17":"product-type-simple"},"_links":{"self":[{"href":"https:\/\/roveyayinevi.com.tr\/index.php\/wp-json\/wp\/v2\/product\/724237","targetHints":{"allow":["GET"]}}],"collection":[{"href":"https:\/\/roveyayinevi.com.tr\/index.php\/wp-json\/wp\/v2\/product"}],"about":[{"href":"https:\/\/roveyayinevi.com.tr\/index.php\/wp-json\/wp\/v2\/types\/product"}],"wp:attachment":[{"href":"https:\/\/roveyayinevi.com.tr\/index.php\/wp-json\/wp\/v2\/media?parent=724237"}],"wp:term":[{"taxonomy":"product_brand","embeddable":true,"href":"https:\/\/roveyayinevi.com.tr\/index.php\/wp-json\/wp\/v2\/product_brand?post=724237"},{"taxonomy":"product_cat","embeddable":true,"href":"https:\/\/roveyayinevi.com.tr\/index.php\/wp-json\/wp\/v2\/product_cat?post=724237"},{"taxonomy":"product_tag","embeddable":true,"href":"https:\/\/roveyayinevi.com.tr\/index.php\/wp-json\/wp\/v2\/product_tag?post=724237"}],"curies":[{"name":"wp","href":"https:\/\/api.w.org\/{rel}","templated":true}]}}