{"id":724235,"date":"2025-08-27T19:31:42","date_gmt":"2025-08-27T16:31:42","guid":{"rendered":"https:\/\/roveyayinevi.com.tr\/index.php\/urun\/kisisel-gelisim-3-kitaplik-set\/"},"modified":"2026-04-12T02:38:04","modified_gmt":"2026-04-11T23:38:04","slug":"kisisel-gelisim-3-kitaplik-set","status":"publish","type":"product","link":"https:\/\/roveyayinevi.com.tr\/index.php\/urun\/kisisel-gelisim-3-kitaplik-set\/","title":{"rendered":"Ki\u015fisel Geli\u015fim 3 Kitapl\u0131k Set"},"content":{"rendered":"<p>Ayurveda &#8211; Sa\u011fl\u0131kl\u0131 ve Mutlu Ya\u015fam\u0131n S\u0131rlar\u0131Kendinden Ka\u00e7arken Yakalad\u0131m Seni: Mutluluk K\u0131lavuzuYemin Ederim Bunu Ben de D\u00fc\u015f\u00fcnm\u00fc\u015ft\u00fcm: Giri\u015fim, Geli\u015fim, Hayat \u00dczerine<\/p>\n","protected":false},"excerpt":{"rendered":"<p>Ayurveda &#8211; Sa\u011fl\u0131kl\u0131 ve Mutlu Ya\u015fam\u0131n S\u0131rlar\u0131Kendinden Ka\u00e7arken Yakalad\u0131m Seni: Mutluluk K\u0131lavuzuYemin Ederim Bunu Ben de D\u00fc\u015f\u00fcnm\u00fc\u015ft\u00fcm: Giri\u015fim, Geli\u015fim, Hayat \u00dczerine<\/p>\n","protected":false},"featured_media":0,"template":"","meta":{"_monsterinsights_skip_tracking":false,"_monsterinsights_sitenote_active":false,"_monsterinsights_sitenote_note":"","_monsterinsights_sitenote_category":0},"product_brand":[],"product_cat":[12364,12376],"product_tag":[],"class_list":{"0":"post-724235","1":"product","2":"type-product","3":"status-publish","5":"product_cat-genel-konular","6":"product_cat-kisisel-gelisim","7":"pa_cilt-ciltsiz","8":"pa_tur-kitap","9":"pa_yayinevi-eksik-parca-yayinlari","10":"pa_yazar-kolektif","12":"first","13":"instock","14":"sale","15":"shipping-taxable","16":"purchasable","17":"product-type-simple"},"_links":{"self":[{"href":"https:\/\/roveyayinevi.com.tr\/index.php\/wp-json\/wp\/v2\/product\/724235","targetHints":{"allow":["GET"]}}],"collection":[{"href":"https:\/\/roveyayinevi.com.tr\/index.php\/wp-json\/wp\/v2\/product"}],"about":[{"href":"https:\/\/roveyayinevi.com.tr\/index.php\/wp-json\/wp\/v2\/types\/product"}],"wp:attachment":[{"href":"https:\/\/roveyayinevi.com.tr\/index.php\/wp-json\/wp\/v2\/media?parent=724235"}],"wp:term":[{"taxonomy":"product_brand","embeddable":true,"href":"https:\/\/roveyayinevi.com.tr\/index.php\/wp-json\/wp\/v2\/product_brand?post=724235"},{"taxonomy":"product_cat","embeddable":true,"href":"https:\/\/roveyayinevi.com.tr\/index.php\/wp-json\/wp\/v2\/product_cat?post=724235"},{"taxonomy":"product_tag","embeddable":true,"href":"https:\/\/roveyayinevi.com.tr\/index.php\/wp-json\/wp\/v2\/product_tag?post=724235"}],"curies":[{"name":"wp","href":"https:\/\/api.w.org\/{rel}","templated":true}]}}