{"id":724234,"date":"2025-08-27T19:31:41","date_gmt":"2025-08-27T16:31:41","guid":{"rendered":"https:\/\/roveyayinevi.com.tr\/index.php\/urun\/cinide-cani-sikilan-lale\/"},"modified":"2026-04-16T02:32:15","modified_gmt":"2026-04-15T23:32:15","slug":"cinide-cani-sikilan-lale","status":"publish","type":"product","link":"https:\/\/roveyayinevi.com.tr\/index.php\/urun\/cinide-cani-sikilan-lale\/","title":{"rendered":"\u00c7inide Can\u0131 S\u0131k\u0131lan Lale"},"content":{"rendered":"<p>R\u00fcstem Pa\u015fa Camisi\u2019nde s\u0131radan bir g\u00fcnd\u00fc. Oradaki harika \u00e7inileri g\u00f6rmek i\u00e7in gelen merakl\u0131 g\u00f6zler hi\u00e7bir ayr\u0131nt\u0131y\u0131 ka\u00e7\u0131rmamak i\u00e7in dikkatle etraf\u0131 izliyordu. B\u00fct\u00fcn bu heyecanl\u0131 ziyaretlerin yap\u0131ld\u0131\u011f\u0131 bu yerde, can\u0131 \u00e7ok s\u0131k\u0131lan bir lale vard\u0131.Acaba o insanlar nereden geliyordu?Acaba o duydu\u011fu ses kime aitti?Acaba \u015fu koku neredendi?<\/p>\n","protected":false},"excerpt":{"rendered":"<p>R\u00fcstem Pa\u015fa Camisi\u2019nde s\u0131radan bir g\u00fcnd\u00fc. Oradaki harika \u00e7inileri g\u00f6rmek i\u00e7in gelen merakl\u0131 g\u00f6zler hi\u00e7bir ayr\u0131nt\u0131y\u0131 ka\u00e7\u0131rmamak i\u00e7in dikkatle etraf\u0131 izliyordu. B\u00fct\u00fcn bu heyecanl\u0131 ziyaretlerin yap\u0131ld\u0131\u011f\u0131<span class=\"excerpt-hellip\"> [\u2026]<\/span><\/p>\n","protected":false},"featured_media":0,"template":"","meta":{"_monsterinsights_skip_tracking":false,"_monsterinsights_sitenote_active":false,"_monsterinsights_sitenote_note":"","_monsterinsights_sitenote_category":0},"product_brand":[],"product_cat":[12274,12284],"product_tag":[],"class_list":{"0":"post-724234","1":"product","2":"type-product","3":"status-publish","5":"product_cat-cocuk-ve-genclik-kitaplari","6":"product_cat-hikayeler","7":"pa_cilt-ciltsiz","8":"pa_tur-kitap","9":"pa_yayinevi-abm-yayinevi","10":"pa_yazar-yurdanur-ay-pasa","12":"first","13":"instock","14":"sale","15":"shipping-taxable","16":"purchasable","17":"product-type-simple"},"_links":{"self":[{"href":"https:\/\/roveyayinevi.com.tr\/index.php\/wp-json\/wp\/v2\/product\/724234","targetHints":{"allow":["GET"]}}],"collection":[{"href":"https:\/\/roveyayinevi.com.tr\/index.php\/wp-json\/wp\/v2\/product"}],"about":[{"href":"https:\/\/roveyayinevi.com.tr\/index.php\/wp-json\/wp\/v2\/types\/product"}],"wp:attachment":[{"href":"https:\/\/roveyayinevi.com.tr\/index.php\/wp-json\/wp\/v2\/media?parent=724234"}],"wp:term":[{"taxonomy":"product_brand","embeddable":true,"href":"https:\/\/roveyayinevi.com.tr\/index.php\/wp-json\/wp\/v2\/product_brand?post=724234"},{"taxonomy":"product_cat","embeddable":true,"href":"https:\/\/roveyayinevi.com.tr\/index.php\/wp-json\/wp\/v2\/product_cat?post=724234"},{"taxonomy":"product_tag","embeddable":true,"href":"https:\/\/roveyayinevi.com.tr\/index.php\/wp-json\/wp\/v2\/product_tag?post=724234"}],"curies":[{"name":"wp","href":"https:\/\/api.w.org\/{rel}","templated":true}]}}