{"id":724230,"date":"2025-08-27T19:31:38","date_gmt":"2025-08-27T16:31:38","guid":{"rendered":"https:\/\/roveyayinevi.com.tr\/index.php\/urun\/bu-havuzda-balina-var\/"},"modified":"2026-01-27T02:56:59","modified_gmt":"2026-01-26T23:56:59","slug":"bu-havuzda-balina-var","status":"publish","type":"product","link":"https:\/\/roveyayinevi.com.tr\/index.php\/urun\/bu-havuzda-balina-var\/","title":{"rendered":"Bu Havuzda Balina Var"},"content":{"rendered":"<p>Derya ilk y\u00fczme dersi i\u00e7in heyecanla mayosunu giydi, bonesini takt\u0131 ve havuzun kenar\u0131na geldi.Ancak hi\u00e7 beklemedi\u011fi bir \u015fey oldu&#8230;<\/p>\n","protected":false},"excerpt":{"rendered":"<p>Derya ilk y\u00fczme dersi i\u00e7in heyecanla mayosunu giydi, bonesini takt\u0131 ve havuzun kenar\u0131na geldi.Ancak hi\u00e7 beklemedi\u011fi bir \u015fey oldu&#8230;<\/p>\n","protected":false},"featured_media":0,"template":"","meta":{"_monsterinsights_skip_tracking":false,"_monsterinsights_sitenote_active":false,"_monsterinsights_sitenote_note":"","_monsterinsights_sitenote_category":0},"product_brand":[],"product_cat":[12274,12284],"product_tag":[],"class_list":{"0":"post-724230","1":"product","2":"type-product","3":"status-publish","5":"product_cat-cocuk-ve-genclik-kitaplari","6":"product_cat-hikayeler","7":"pa_cilt-ciltsiz","8":"pa_tur-kitap","9":"pa_yayinevi-abm-yayinevi","10":"pa_yazar-ozge-a-lokmanhekim","12":"first","13":"instock","14":"sale","15":"shipping-taxable","16":"purchasable","17":"product-type-simple"},"_links":{"self":[{"href":"https:\/\/roveyayinevi.com.tr\/index.php\/wp-json\/wp\/v2\/product\/724230","targetHints":{"allow":["GET"]}}],"collection":[{"href":"https:\/\/roveyayinevi.com.tr\/index.php\/wp-json\/wp\/v2\/product"}],"about":[{"href":"https:\/\/roveyayinevi.com.tr\/index.php\/wp-json\/wp\/v2\/types\/product"}],"wp:attachment":[{"href":"https:\/\/roveyayinevi.com.tr\/index.php\/wp-json\/wp\/v2\/media?parent=724230"}],"wp:term":[{"taxonomy":"product_brand","embeddable":true,"href":"https:\/\/roveyayinevi.com.tr\/index.php\/wp-json\/wp\/v2\/product_brand?post=724230"},{"taxonomy":"product_cat","embeddable":true,"href":"https:\/\/roveyayinevi.com.tr\/index.php\/wp-json\/wp\/v2\/product_cat?post=724230"},{"taxonomy":"product_tag","embeddable":true,"href":"https:\/\/roveyayinevi.com.tr\/index.php\/wp-json\/wp\/v2\/product_tag?post=724230"}],"curies":[{"name":"wp","href":"https:\/\/api.w.org\/{rel}","templated":true}]}}