{"id":724224,"date":"2025-08-27T19:30:59","date_gmt":"2025-08-27T16:30:59","guid":{"rendered":"https:\/\/roveyayinevi.com.tr\/index.php\/urun\/muhtisim-egitici-kartlar-carpim-tablosu\/"},"modified":"2025-08-31T16:34:02","modified_gmt":"2025-08-31T13:34:02","slug":"muhtisim-egitici-kartlar-carpim-tablosu","status":"publish","type":"product","link":"https:\/\/roveyayinevi.com.tr\/index.php\/urun\/muhtisim-egitici-kartlar-carpim-tablosu\/","title":{"rendered":"Muhti\u015fim E\u011fitici Kartlar! &#8211; \u00c7arp\u0131m Tablosu!"},"content":{"rendered":"<p>Muhti\u015fim E\u011fitici Kartlar!Hem De Artt\u0131r\u0131lm\u0131\u015f Ger\u00e7eklikle!Selam Arkada\u015flar ben \u015eakir! Herkesin bildi\u011fi ismimle Kral \u015eakir!Bu muhti\u015fim kart setimizde hem \u00e7oook e\u011fleniyor hem de \u00e7arp\u0131m tablosunu \u00f6\u011freniyoruz.Heyooo!Artt\u0131r\u0131lm\u0131\u015f ger\u00e7eklik teknolojisiyle ben, Fil Necati A\u011fabey ve di\u011ferleri adeta telefondan \u00e7\u0131k\u0131p yan\u0131n\u0131za geliyoruz! \u00c7ok E\u011fleniyoruz \u00e7ok!Sticker ve poster hediyemizden bahsetmi\u015f miydim?E hadi o zaman, ne duruyoruz, hemen maceraya ba\u015flayal\u0131m!<\/p>\n","protected":false},"excerpt":{"rendered":"<p>Muhti\u015fim E\u011fitici Kartlar!Hem De Artt\u0131r\u0131lm\u0131\u015f Ger\u00e7eklikle!Selam Arkada\u015flar ben \u015eakir! Herkesin bildi\u011fi ismimle Kral \u015eakir!Bu muhti\u015fim kart setimizde hem \u00e7oook e\u011fleniyor hem de \u00e7arp\u0131m tablosunu \u00f6\u011freniyoruz.Heyooo!Artt\u0131r\u0131lm\u0131\u015f ger\u00e7eklik<span class=\"excerpt-hellip\"> [\u2026]<\/span><\/p>\n","protected":false},"featured_media":0,"template":"","meta":{"_monsterinsights_skip_tracking":false,"_monsterinsights_sitenote_active":false,"_monsterinsights_sitenote_note":"","_monsterinsights_sitenote_category":0},"product_brand":[],"product_cat":[12274,24599],"product_tag":[],"class_list":{"0":"post-724224","1":"product","2":"type-product","3":"status-publish","5":"product_cat-cocuk-ve-genclik-kitaplari","6":"product_cat-zeka-gelisimi","7":"pa_cilt-ciltsiz","8":"pa_tur-kitap","9":"pa_yayinevi-eksik-parca-yayinlari","10":"pa_yazar-kolektif","12":"first","13":"instock","14":"sale","15":"shipping-taxable","16":"purchasable","17":"product-type-simple"},"_links":{"self":[{"href":"https:\/\/roveyayinevi.com.tr\/index.php\/wp-json\/wp\/v2\/product\/724224","targetHints":{"allow":["GET"]}}],"collection":[{"href":"https:\/\/roveyayinevi.com.tr\/index.php\/wp-json\/wp\/v2\/product"}],"about":[{"href":"https:\/\/roveyayinevi.com.tr\/index.php\/wp-json\/wp\/v2\/types\/product"}],"wp:attachment":[{"href":"https:\/\/roveyayinevi.com.tr\/index.php\/wp-json\/wp\/v2\/media?parent=724224"}],"wp:term":[{"taxonomy":"product_brand","embeddable":true,"href":"https:\/\/roveyayinevi.com.tr\/index.php\/wp-json\/wp\/v2\/product_brand?post=724224"},{"taxonomy":"product_cat","embeddable":true,"href":"https:\/\/roveyayinevi.com.tr\/index.php\/wp-json\/wp\/v2\/product_cat?post=724224"},{"taxonomy":"product_tag","embeddable":true,"href":"https:\/\/roveyayinevi.com.tr\/index.php\/wp-json\/wp\/v2\/product_tag?post=724224"}],"curies":[{"name":"wp","href":"https:\/\/api.w.org\/{rel}","templated":true}]}}