{"id":724223,"date":"2025-08-27T19:30:59","date_gmt":"2025-08-27T16:30:59","guid":{"rendered":"https:\/\/roveyayinevi.com.tr\/index.php\/urun\/salgin-psikolojisi\/"},"modified":"2026-04-16T02:32:15","modified_gmt":"2026-04-15T23:32:15","slug":"salgin-psikolojisi","status":"publish","type":"product","link":"https:\/\/roveyayinevi.com.tr\/index.php\/urun\/salgin-psikolojisi\/","title":{"rendered":"Salg\u0131n Psikolojisi"},"content":{"rendered":"<p>S\u0131tma, c\u00fczam, veba, grip, \u00e7i\u00e7ek hastal\u0131\u011f\u0131, verem, frengi&#8230; Salg\u0131nlar ve hastal\u0131klar insanl\u0131k tarihinde yeni de\u011fil&#8230; Ancak bug\u00fcn 21. y\u00fczy\u0131l insan\u0131 farkl\u0131 bir deneyimden ge\u00e7iyor, etkileri \u00e7ok sonradan ortaya \u00e7\u0131kacak bir travma deneyimi bu. T\u00fcketim al\u0131\u015fkanl\u0131klar\u0131n\u0131n de\u011fi\u015fmesi, teknolojinin geli\u015fmesi ve internetin insan ya\u015fam\u0131na girmesiyle insanl\u0131k b\u00fcy\u00fck bir s\u0131\u00e7rama kat etti. \u0130lk buharl\u0131 makinenin icad\u0131ndan bug\u00fcne epey yol ald\u0131. Peki, insan psikolojik a\u00e7\u0131dan bu h\u0131za yeti\u015febildi mi? Savunma mekanizmalar\u0131, sava\u015f-ka\u00e7 tepkileri bug\u00fcn\u00fcn d\u00fcnyas\u0131nda h\u00e2l\u00e2 i\u015flevsel mi? \u0130nsan beyni, davran\u0131\u015f ve d\u00fc\u015f\u00fcnceleri y\u00fcz binlerce y\u0131ll\u0131k evrim s\u00fcrecinde edindi\u011fi deneyimleri bug\u00fcn\u00fcn d\u00fcnyas\u0131na uyarlayabildi mi yoksa h\u00e2l\u00e2 son derece ilkel ve basit metotlarla m\u0131 hayatta kalmaya \u00e7al\u0131\u015f\u0131yor?   \u2022 Travma s\u00fcre\u00e7lerinde beyin nas\u0131l \u00e7al\u0131\u015f\u0131r, nas\u0131l duygular ve d\u00fc\u015f\u00fcnceler \u00fcretir? \u2022 Panik halindeyken kalabal\u0131k neden kolektif davran\u0131r? \u2022 Kitlesel histeri nedir? \u2022 \u00d6tekile\u015ftirme, su\u00e7lama, \u00f6fke, etiketleme neden travma s\u00fcre\u00e7lerinde y\u00fckseli\u015fe ge\u00e7er? \u2022 Salg\u0131n hastal\u0131klar\u0131n travmadan kayg\u0131ya psikiyatrik tablosu nas\u0131ld\u0131r? \u2022 Bedensel hijyene ek olarak \u201czihin\u201d ve \u201cdil\u201d hijyeni nas\u0131l sa\u011flan\u0131r? \u2022 \u00c7ocuklarla ve ya\u015fl\u0131larla salg\u0131n s\u00fcrecinde nas\u0131l ileti\u015fim kurulmal\u0131d\u0131r? \u2022 Yas s\u00fcreci sa\u011fl\u0131kl\u0131 bir \u015fekilde nas\u0131l ge\u00e7irilebilir? \u2022 Salg\u0131n s\u00fcre\u00e7lerinde ekonomik belirsizlik ve gelecek kayg\u0131s\u0131yla nas\u0131l ba\u015f edilir?   Psikiyatr Dr. Mahir Ye\u015fildal ve Uzman Psikolog Ela Reyhanl\u0131o\u011flu\u2019nun kaleme ald\u0131\u011f\u0131, T\u00fcrk literat\u00fcr\u00fcnde salg\u0131n hastal\u0131klar\u0131n psikiyatrik tablosunu ele alan ilk kitap olan SALGIN PS\u0130KOLOJ\u0130S\u0130, modern psikolojinin say\u0131s\u0131z yakla\u015f\u0131m\u0131ndan beslenerek duygular\u0131 hafifleten, i\u00e7 g\u00fcc\u00fcm\u00fcz\u00fc hat\u0131rlatan ve ya\u015fam\u0131n anlam\u0131n\u0131 yeniden d\u00fc\u015f\u00fcnmemizi sa\u011flayan bir ba\u015fa \u00e7\u0131kma rehberi. <\/p>\n","protected":false},"excerpt":{"rendered":"<p>S\u0131tma, c\u00fczam, veba, grip, \u00e7i\u00e7ek hastal\u0131\u011f\u0131, verem, frengi&#8230; Salg\u0131nlar ve hastal\u0131klar insanl\u0131k tarihinde yeni de\u011fil&#8230; Ancak bug\u00fcn 21. y\u00fczy\u0131l insan\u0131 farkl\u0131 bir deneyimden ge\u00e7iyor, etkileri \u00e7ok<span class=\"excerpt-hellip\"> [\u2026]<\/span><\/p>\n","protected":false},"featured_media":0,"template":"","meta":{"_monsterinsights_skip_tracking":false,"_monsterinsights_sitenote_active":false,"_monsterinsights_sitenote_note":"","_monsterinsights_sitenote_category":0},"product_brand":[],"product_cat":[12358,12357],"product_tag":[],"class_list":{"0":"post-724223","1":"product","2":"type-product","3":"status-publish","5":"product_cat-genel-psikoloji","6":"product_cat-psikoloji","7":"pa_cilt-ciltsiz","8":"pa_tur-kitap","9":"pa_yayinevi-destek-yayinlari","10":"pa_yazar-mahir-yesildal-ela-reyhanlioglu","12":"first","13":"instock","14":"sale","15":"shipping-taxable","16":"purchasable","17":"product-type-simple"},"_links":{"self":[{"href":"https:\/\/roveyayinevi.com.tr\/index.php\/wp-json\/wp\/v2\/product\/724223","targetHints":{"allow":["GET"]}}],"collection":[{"href":"https:\/\/roveyayinevi.com.tr\/index.php\/wp-json\/wp\/v2\/product"}],"about":[{"href":"https:\/\/roveyayinevi.com.tr\/index.php\/wp-json\/wp\/v2\/types\/product"}],"wp:attachment":[{"href":"https:\/\/roveyayinevi.com.tr\/index.php\/wp-json\/wp\/v2\/media?parent=724223"}],"wp:term":[{"taxonomy":"product_brand","embeddable":true,"href":"https:\/\/roveyayinevi.com.tr\/index.php\/wp-json\/wp\/v2\/product_brand?post=724223"},{"taxonomy":"product_cat","embeddable":true,"href":"https:\/\/roveyayinevi.com.tr\/index.php\/wp-json\/wp\/v2\/product_cat?post=724223"},{"taxonomy":"product_tag","embeddable":true,"href":"https:\/\/roveyayinevi.com.tr\/index.php\/wp-json\/wp\/v2\/product_tag?post=724223"}],"curies":[{"name":"wp","href":"https:\/\/api.w.org\/{rel}","templated":true}]}}