{"id":724222,"date":"2025-08-27T19:30:58","date_gmt":"2025-08-27T16:30:58","guid":{"rendered":"https:\/\/roveyayinevi.com.tr\/index.php\/urun\/punk-dusun\/"},"modified":"2026-04-16T02:32:15","modified_gmt":"2026-04-15T23:32:15","slug":"punk-dusun","status":"publish","type":"product","link":"https:\/\/roveyayinevi.com.tr\/index.php\/urun\/punk-dusun\/","title":{"rendered":"Punk D\u00fc\u015f\u00fcn"},"content":{"rendered":"<p>Her g\u00fcn, yeniden do\u011fmak i\u00e7in m\u00fckemmel bir g\u00fcn&#8230; Ama hi\u00e7bir g\u00fcn, hayatta kalma m\u00fccadelesi vermek i\u00e7in uygun de\u011fil&#8230;   D\u00fcnyada hi\u00e7bir \u015fey yolunda gitmedi\u011fi halde, her \u015fey yolunda gibi davran\u0131r bazen insan. \u201cBundan daha k\u00f6t\u00fc ne olabilir ki?\u201d diye d\u00fc\u015f\u00fcn\u00fcr. Dikkat edin! Her \u015feyin en k\u00f6t\u00fcs\u00fcne raz\u0131 oldu\u011funuz g\u00fcn, \u00e7ok k\u0131ymetlidir. \u00c7\u00fcnk\u00fc art\u0131k y\u00fckseli\u015f zaman\u0131 gelmi\u015f demektir. Art\u0131k ya hep ya hi\u00e7 vard\u0131r! Cesaretin, g\u00f6z\u00fc pekli\u011fin, g\u00f6z\u00fc karal\u0131\u011f\u0131n ve eylemin tam da s\u0131ras\u0131d\u0131r. Her \u015feyin en k\u00f6t\u00fcs\u00fcne maruz kald\u0131\u011f\u0131n\u0131z o sihirli an, ilham verici yeni geli\u015fmelere gebedir ve sayesinde her t\u00fcrl\u00fc durumla ba\u015fa \u00e7\u0131kmaya yetecek kadar geli\u015fir yarat\u0131c\u0131l\u0131\u011f\u0131n\u0131z. Risk alma becerinizin zirvesindesinizdir art\u0131k&#8230; Yepyeni bir d\u00fc\u015f\u00fcn\u00fc\u015f ve eylem s\u00fcreci ba\u015flar bundan sonra. \u0130\u015f ki bu yeni s\u00fcreci iyi y\u00f6netin. Delilikte s\u0131n\u0131r tan\u0131mayaca\u011f\u0131n\u0131z noktaya geldi\u011finizde bir \u201cPunk\u201d gibi d\u00fc\u015f\u00fcnebilmek \u00e7ok \u00f6nemli&#8230; \u201cPunk D\u00fc\u015f\u00fcnce\u201d t\u00fcm yarat\u0131c\u0131l\u0131\u011f\u0131n\u0131zla etraf\u0131 k\u0131r\u0131p d\u00f6kmeyi bile g\u00f6ze alarak hedefinize odaklanarak yol alabilme halinizdir. K\u0131r\u0131p d\u00f6kmekten korkmay\u0131n, k\u00fcllerinizden do\u011farken her \u015fey yerli yerinde durmayabilir. Gerisini sonra d\u00fc\u015f\u00fcn\u00fcrs\u00fcn\u00fcz. \u00c7ocuklara bak\u0131n mesela! D\u00fcnyan\u0131n en Punk\u00e7\u0131 en devrimci ruhlar\u0131d\u0131r onlar. \u00c7\u0131lg\u0131nl\u0131kta s\u0131n\u0131r tan\u0131mazlar. Hem cesur, hem \u00f6zg\u00fcn hem de s\u0131ra d\u0131\u015f\u0131d\u0131rlar. Meydan okumakta \u00fcstlerine yoktur. Tamamen hedefe odakl\u0131d\u0131rlar ve vazolar\u0131 k\u0131rmak pahas\u0131na o hedefin pe\u015finde ko\u015farlar. PUNK D\u00dc\u015e\u00dcN adl\u0131 bu kitap kendi devriminizi yaparken rehberlik, fikir ve ilham alabilece\u011finiz e\u015fsiz bilgilerle dolu. <\/p>\n","protected":false},"excerpt":{"rendered":"<p>Her g\u00fcn, yeniden do\u011fmak i\u00e7in m\u00fckemmel bir g\u00fcn&#8230; Ama hi\u00e7bir g\u00fcn, hayatta kalma m\u00fccadelesi vermek i\u00e7in uygun de\u011fil&#8230; D\u00fcnyada hi\u00e7bir \u015fey yolunda gitmedi\u011fi halde, her \u015fey<span class=\"excerpt-hellip\"> [\u2026]<\/span><\/p>\n","protected":false},"featured_media":0,"template":"","meta":{"_monsterinsights_skip_tracking":false,"_monsterinsights_sitenote_active":false,"_monsterinsights_sitenote_note":"","_monsterinsights_sitenote_category":0},"product_brand":[],"product_cat":[16038,12388],"product_tag":[],"class_list":{"0":"post-724222","1":"product","2":"type-product","3":"status-publish","5":"product_cat-arastirma-inceleme-referans-felsefe","6":"product_cat-felsefe","7":"pa_cilt-ciltsiz","8":"pa_tur-kitap","9":"pa_yayinevi-destek-yayinlari","10":"pa_yazar-ecequiel-barricart","12":"first","13":"instock","14":"sale","15":"shipping-taxable","16":"purchasable","17":"product-type-simple"},"_links":{"self":[{"href":"https:\/\/roveyayinevi.com.tr\/index.php\/wp-json\/wp\/v2\/product\/724222","targetHints":{"allow":["GET"]}}],"collection":[{"href":"https:\/\/roveyayinevi.com.tr\/index.php\/wp-json\/wp\/v2\/product"}],"about":[{"href":"https:\/\/roveyayinevi.com.tr\/index.php\/wp-json\/wp\/v2\/types\/product"}],"wp:attachment":[{"href":"https:\/\/roveyayinevi.com.tr\/index.php\/wp-json\/wp\/v2\/media?parent=724222"}],"wp:term":[{"taxonomy":"product_brand","embeddable":true,"href":"https:\/\/roveyayinevi.com.tr\/index.php\/wp-json\/wp\/v2\/product_brand?post=724222"},{"taxonomy":"product_cat","embeddable":true,"href":"https:\/\/roveyayinevi.com.tr\/index.php\/wp-json\/wp\/v2\/product_cat?post=724222"},{"taxonomy":"product_tag","embeddable":true,"href":"https:\/\/roveyayinevi.com.tr\/index.php\/wp-json\/wp\/v2\/product_tag?post=724222"}],"curies":[{"name":"wp","href":"https:\/\/api.w.org\/{rel}","templated":true}]}}