{"id":724220,"date":"2025-08-27T19:30:57","date_gmt":"2025-08-27T16:30:57","guid":{"rendered":"https:\/\/roveyayinevi.com.tr\/index.php\/urun\/irade-terbiyesi\/"},"modified":"2026-04-08T02:40:24","modified_gmt":"2026-04-07T23:40:24","slug":"irade-terbiyesi","status":"publish","type":"product","link":"https:\/\/roveyayinevi.com.tr\/index.php\/urun\/irade-terbiyesi\/","title":{"rendered":"\u0130rade Terbiyesi"},"content":{"rendered":"<p>Aix-Marseille \u00dcniversitesi\u2019nin rekt\u00f6rl\u00fc\u011f\u00fcn\u00fc de yapm\u0131\u015f bir e\u011fitim bilimci olan Jules Payot \u201c\u0130rade Terbiyesi\u201d adl\u0131 eserinde y\u00fczy\u0131llard\u0131r de\u011fi\u015fmeyen temel d\u00fcrt\u00fcleri ve e\u011filimleri, insan\u0131n en \u00f6nemli sorunu olan iradenin e\u011fitilebilir bir g\u00fc\u00e7 oldu\u011funu ve bu g\u00fc\u00e7le hem i\u00e7 hem de d\u0131\u015f hayat\u0131n y\u00f6netebilece\u011fini, kendine h\u00e2kim olmay\u0131, \u00e7evreden gelen motivasyonu do\u011fru alg\u0131lamay\u0131, derin d\u00fc\u015f\u00fcnmenin ve harekete ge\u00e7menin \u00f6nemini ve iradenin psikolojisini ele al\u0131yor.Yirminci y\u00fczy\u0131l\u0131n ilk yar\u0131s\u0131nda yaz\u0131lm\u0131\u015f ve zaman\u0131n\u0131n \u00e7ok \u00f6tesine seslenen, \u00f6zellikle gen\u00e7lerin, e\u011fitimcilerin ve anne-babalar\u0131n alt\u0131n\u0131 \u00e7izerek okuyaca\u011f\u0131 bu kitab\u0131 tam metin olarak S\u00fcleyman Do\u011fru\u2019nun \u00f6zenli \u00e7evirisiyle sunuyoruz.<\/p>\n","protected":false},"excerpt":{"rendered":"<p>Aix-Marseille \u00dcniversitesi\u2019nin rekt\u00f6rl\u00fc\u011f\u00fcn\u00fc de yapm\u0131\u015f bir e\u011fitim bilimci olan Jules Payot \u201c\u0130rade Terbiyesi\u201d adl\u0131 eserinde y\u00fczy\u0131llard\u0131r de\u011fi\u015fmeyen temel d\u00fcrt\u00fcleri ve e\u011filimleri, insan\u0131n en \u00f6nemli sorunu olan<span class=\"excerpt-hellip\"> [\u2026]<\/span><\/p>\n","protected":false},"featured_media":0,"template":"","meta":{"_monsterinsights_skip_tracking":false,"_monsterinsights_sitenote_active":false,"_monsterinsights_sitenote_note":"","_monsterinsights_sitenote_category":0},"product_brand":[],"product_cat":[12364,12376],"product_tag":[],"class_list":{"0":"post-724220","1":"product","2":"type-product","3":"status-publish","5":"product_cat-genel-konular","6":"product_cat-kisisel-gelisim","7":"pa_cilt-ciltsiz","8":"pa_tur-kitap","9":"pa_yayinevi-koridor-yayincilik","10":"pa_yazar-jules-payot","12":"first","13":"instock","14":"sale","15":"shipping-taxable","16":"purchasable","17":"product-type-simple"},"_links":{"self":[{"href":"https:\/\/roveyayinevi.com.tr\/index.php\/wp-json\/wp\/v2\/product\/724220","targetHints":{"allow":["GET"]}}],"collection":[{"href":"https:\/\/roveyayinevi.com.tr\/index.php\/wp-json\/wp\/v2\/product"}],"about":[{"href":"https:\/\/roveyayinevi.com.tr\/index.php\/wp-json\/wp\/v2\/types\/product"}],"wp:attachment":[{"href":"https:\/\/roveyayinevi.com.tr\/index.php\/wp-json\/wp\/v2\/media?parent=724220"}],"wp:term":[{"taxonomy":"product_brand","embeddable":true,"href":"https:\/\/roveyayinevi.com.tr\/index.php\/wp-json\/wp\/v2\/product_brand?post=724220"},{"taxonomy":"product_cat","embeddable":true,"href":"https:\/\/roveyayinevi.com.tr\/index.php\/wp-json\/wp\/v2\/product_cat?post=724220"},{"taxonomy":"product_tag","embeddable":true,"href":"https:\/\/roveyayinevi.com.tr\/index.php\/wp-json\/wp\/v2\/product_tag?post=724220"}],"curies":[{"name":"wp","href":"https:\/\/api.w.org\/{rel}","templated":true}]}}