{"id":724218,"date":"2025-08-27T19:30:55","date_gmt":"2025-08-27T16:30:55","guid":{"rendered":"https:\/\/roveyayinevi.com.tr\/index.php\/urun\/ben-degil-cocugum-ne-istiyor\/"},"modified":"2026-04-16T02:32:14","modified_gmt":"2026-04-15T23:32:14","slug":"ben-degil-cocugum-ne-istiyor","status":"publish","type":"product","link":"https:\/\/roveyayinevi.com.tr\/index.php\/urun\/ben-degil-cocugum-ne-istiyor\/","title":{"rendered":"Ben De\u011fil \u00c7ocu\u011fum Ne \u0130stiyor?"},"content":{"rendered":"<p>\u015eu d\u00fcnya \u00fczerinde,S\u0131\u011f\u0131n\u0131lacak bir limand\u0131r evlatKalbinde bir \u0131\u015f\u0131k, y\u00fcre\u011finde s\u00f6nmeyen bir ate\u015ftir evlatK\u00fc\u00e7\u00fck bir ipekb\u00f6ce\u011finin ince ince dokudu\u011fu kozad\u0131r evlatKalbe \u015fifa, cana nefes, y\u00fcze tebess\u00fcmd\u00fcr evlatHer \u015feye ra\u011fmen vazge\u00e7ilemeyen, payla\u015f\u0131lamayan bir tutkudur evlatBir par\u00e7a ses, bir par\u00e7a renk, bir par\u00e7a esintidir evlat\u2026\u00c7ocuklarda, aile bireylerine ve \u00e7evresine sayg\u0131 duyma bilincini geli\u015ftiren, i\u00e7indeki u\u00e7suz bucaks\u0131z d\u00fcnyay\u0131 ke\u015ffetmesini sa\u011flayan, sahip oldu\u011fu potansiyelin fark\u0131na vard\u0131ran, ebeveyn-\u00e7ocuk aras\u0131nda sa\u011fl\u0131kl\u0131 ileti\u015fim kurabilme yolunda ailelere \u0131\u015f\u0131k tutan, \u201cBen de\u011fil \u00e7pcu\u011fum ne istiyor?\u201d kitab\u0131 siz de\u011ferli okurlar\u0131m\u0131za rehber olabilmek, g\u00f6n\u00fcl kap\u0131lar\u0131n\u0131 a\u00e7abilmek, bir nebze de olsa etrafa \u0131\u015f\u0131k tutabilmek \u00fcmidiyle yaz\u0131ld\u0131. K\u00fc\u00e7\u00fck dokunu\u015flarla \u00e7ocuklar\u0131m\u0131z\u0131n hayat\u0131nda pek \u00e7ok \u015feyi de\u011fi\u015ftirebilece\u011fimizi unutmamak gerekir. Nitekim, \u201cEvlat d\u00fcnyada nur, Ahirette s\u00fcrurdur.\u201d<\/p>\n","protected":false},"excerpt":{"rendered":"<p>\u015eu d\u00fcnya \u00fczerinde,S\u0131\u011f\u0131n\u0131lacak bir limand\u0131r evlatKalbinde bir \u0131\u015f\u0131k, y\u00fcre\u011finde s\u00f6nmeyen bir ate\u015ftir evlatK\u00fc\u00e7\u00fck bir ipekb\u00f6ce\u011finin ince ince dokudu\u011fu kozad\u0131r evlatKalbe \u015fifa, cana nefes, y\u00fcze tebess\u00fcmd\u00fcr evlatHer<span class=\"excerpt-hellip\"> [\u2026]<\/span><\/p>\n","protected":false},"featured_media":0,"template":"","meta":{"_monsterinsights_skip_tracking":false,"_monsterinsights_sitenote_active":false,"_monsterinsights_sitenote_note":"","_monsterinsights_sitenote_category":0},"product_brand":[],"product_cat":[12831,12324],"product_tag":[],"class_list":{"0":"post-724218","1":"product","2":"type-product","3":"status-publish","5":"product_cat-aile-ve-cocuk","6":"product_cat-sosyoloji","7":"pa_cilt-ciltsiz","8":"pa_tur-kitap","9":"pa_yayinevi-egiten-kitap","10":"pa_yazar-sevgi-cetin-korkmaz","12":"first","13":"instock","14":"sale","15":"shipping-taxable","16":"purchasable","17":"product-type-simple"},"_links":{"self":[{"href":"https:\/\/roveyayinevi.com.tr\/index.php\/wp-json\/wp\/v2\/product\/724218","targetHints":{"allow":["GET"]}}],"collection":[{"href":"https:\/\/roveyayinevi.com.tr\/index.php\/wp-json\/wp\/v2\/product"}],"about":[{"href":"https:\/\/roveyayinevi.com.tr\/index.php\/wp-json\/wp\/v2\/types\/product"}],"wp:attachment":[{"href":"https:\/\/roveyayinevi.com.tr\/index.php\/wp-json\/wp\/v2\/media?parent=724218"}],"wp:term":[{"taxonomy":"product_brand","embeddable":true,"href":"https:\/\/roveyayinevi.com.tr\/index.php\/wp-json\/wp\/v2\/product_brand?post=724218"},{"taxonomy":"product_cat","embeddable":true,"href":"https:\/\/roveyayinevi.com.tr\/index.php\/wp-json\/wp\/v2\/product_cat?post=724218"},{"taxonomy":"product_tag","embeddable":true,"href":"https:\/\/roveyayinevi.com.tr\/index.php\/wp-json\/wp\/v2\/product_tag?post=724218"}],"curies":[{"name":"wp","href":"https:\/\/api.w.org\/{rel}","templated":true}]}}