{"id":724217,"date":"2025-08-27T19:30:55","date_gmt":"2025-08-27T16:30:55","guid":{"rendered":"https:\/\/roveyayinevi.com.tr\/index.php\/urun\/anlamak-ve-anlasilmak\/"},"modified":"2026-04-16T02:32:14","modified_gmt":"2026-04-15T23:32:14","slug":"anlamak-ve-anlasilmak","status":"publish","type":"product","link":"https:\/\/roveyayinevi.com.tr\/index.php\/urun\/anlamak-ve-anlasilmak\/","title":{"rendered":"Anlamak ve Anla\u015f\u0131lmak"},"content":{"rendered":"<p>\u201c\u0130\u00e7inde ba\u015fkalar\u0131na yer ay\u0131rmayan ki\u015fi, onlar\u0131n halinden anlayamaz ve halden anlamayan biri i\u00e7in de herkes birer yabanc\u0131d\u0131r.\u201d Chuang TzuTeknolojinin h\u0131zla geli\u015fme g\u00f6sterdi\u011fi g\u00fcn\u00fcm\u00fczde, b\u00fcy\u00fck \u015fehirlerde ya\u015faman\u0131n getirdi\u011fi karma\u015fa ve ya\u015fan\u0131lan g\u00fc\u00e7 ko\u015fullar hepimizi birbirimize kar\u015f\u0131 yabanc\u0131la\u015fmaya itiyor. G\u00fcn ge\u00e7tik\u00e7e daha \u00e7ok say\u0131da insan, kar\u015f\u0131l\u0131kl\u0131 ili\u015fkilerde yolunda gitmeyen bir \u015feyler oldu\u011funun fark\u0131na var\u0131yor. Oysa \u00e7o\u011fumuz i\u00e7in toplumsal ili\u015fkiler hayat\u0131n \u00e7ok \u00f6nemli bir par\u00e7as\u0131d\u0131r. Peki \u00f6yleyse, neden sa\u011fl\u0131kl\u0131 ve mutlu ili\u015fkiler geli\u015ftiremiyor, geli\u015ftirmek i\u00e7in yeterince \u00e7aba g\u00f6stermiyoruz? Arnold Toynbee\u2019nin de dedi\u011fi gibi: \u201cEntelekt\u00fcel, bilimsel ve teknolojik alanda inan\u0131lmaz geli\u015fmeler kaydederken, insanlar aras\u0131 ili\u015fkiler baz\u0131nda 5000 y\u0131l \u00f6nceki d\u00fczeyde yerimizde say\u0131yoruz.\u201dErik Blumenthal, \u201c\u0130\u00e7sel \u00d6zg\u00fcrl\u00fc\u011fe Giden Yol\u201d, \u201cKendine \u0130nanmak\u201d ve \u201cE\u015finizle Huzuru Yakalamak\u201d adl\u0131 kitaplar\u0131n\u0131n yan\u0131 s\u0131ra bu kitab\u0131nda da binlerce ki\u015fiyle ger\u00e7ekle\u015ftirdi\u011fi g\u00f6r\u00fc\u015fmelerin; deney gruplar\u0131nda, seminerlerde, derslerde edindi\u011fi yo\u011fun birikim ve psikiyatri alan\u0131ndaki kendine has uygulamalar\u0131n\u0131n sonu\u00e7lar\u0131n\u0131 aktar\u0131yor. B\u00f6ylelikle birbirimizi anlayabilmek ve anla\u015f\u0131lmak i\u00e7in gerekenler hakk\u0131nda birtak\u0131m ipu\u00e7lar\u0131n\u0131 maddeler halinde bu kitapta bulacaks\u0131n\u0131z.<\/p>\n","protected":false},"excerpt":{"rendered":"<p>\u201c\u0130\u00e7inde ba\u015fkalar\u0131na yer ay\u0131rmayan ki\u015fi, onlar\u0131n halinden anlayamaz ve halden anlamayan biri i\u00e7in de herkes birer yabanc\u0131d\u0131r.\u201d Chuang TzuTeknolojinin h\u0131zla geli\u015fme g\u00f6sterdi\u011fi g\u00fcn\u00fcm\u00fczde, b\u00fcy\u00fck \u015fehirlerde ya\u015faman\u0131n<span class=\"excerpt-hellip\"> [\u2026]<\/span><\/p>\n","protected":false},"featured_media":0,"template":"","meta":{"_monsterinsights_skip_tracking":false,"_monsterinsights_sitenote_active":false,"_monsterinsights_sitenote_note":"","_monsterinsights_sitenote_category":0},"product_brand":[],"product_cat":[12358,12357],"product_tag":[],"class_list":{"0":"post-724217","1":"product","2":"type-product","3":"status-publish","5":"product_cat-genel-psikoloji","6":"product_cat-psikoloji","7":"pa_cilt-ciltsiz","8":"pa_tur-kitap","9":"pa_yayinevi-totem-yayinlari","10":"pa_yazar-erik-blumenthal","12":"first","13":"instock","14":"sale","15":"shipping-taxable","16":"purchasable","17":"product-type-simple"},"_links":{"self":[{"href":"https:\/\/roveyayinevi.com.tr\/index.php\/wp-json\/wp\/v2\/product\/724217","targetHints":{"allow":["GET"]}}],"collection":[{"href":"https:\/\/roveyayinevi.com.tr\/index.php\/wp-json\/wp\/v2\/product"}],"about":[{"href":"https:\/\/roveyayinevi.com.tr\/index.php\/wp-json\/wp\/v2\/types\/product"}],"wp:attachment":[{"href":"https:\/\/roveyayinevi.com.tr\/index.php\/wp-json\/wp\/v2\/media?parent=724217"}],"wp:term":[{"taxonomy":"product_brand","embeddable":true,"href":"https:\/\/roveyayinevi.com.tr\/index.php\/wp-json\/wp\/v2\/product_brand?post=724217"},{"taxonomy":"product_cat","embeddable":true,"href":"https:\/\/roveyayinevi.com.tr\/index.php\/wp-json\/wp\/v2\/product_cat?post=724217"},{"taxonomy":"product_tag","embeddable":true,"href":"https:\/\/roveyayinevi.com.tr\/index.php\/wp-json\/wp\/v2\/product_tag?post=724217"}],"curies":[{"name":"wp","href":"https:\/\/api.w.org\/{rel}","templated":true}]}}