{"id":724214,"date":"2025-08-27T19:30:53","date_gmt":"2025-08-27T16:30:53","guid":{"rendered":"https:\/\/roveyayinevi.com.tr\/index.php\/urun\/kesin-bir-bilim-olarak-felsefe\/"},"modified":"2026-04-16T02:32:14","modified_gmt":"2026-04-15T23:32:14","slug":"kesin-bir-bilim-olarak-felsefe","status":"publish","type":"product","link":"https:\/\/roveyayinevi.com.tr\/index.php\/urun\/kesin-bir-bilim-olarak-felsefe\/","title":{"rendered":"Kesin Bir Bilim Olarak Felsefe"},"content":{"rendered":"<p>Husserl bu kitapta, do\u011falc\u0131l\u0131k ve tarihselcilikle, \u00f6zellikle de onlar\u0131n arkas\u0131ndaki pozitivizm ve skeptisizmle hesapla\u015f\u0131yor. Husserl&#8217;e g\u00f6re ara\u015ft\u0131rma d\u00fcrt\u00fcs\u00fc felsefelerden de\u011fil, \u015feylerden ve problemlerden yola \u00e7\u0131kmal\u0131d\u0131r. At\u0131lmas\u0131 gereken \u00f6nemli ad\u0131m, fenomenolojik nelik kavray\u0131\u015f\u0131yla, sonsuz bir \u00e7al\u0131\u015fma alan\u0131n\u0131n a\u00e7\u0131ld\u0131\u011f\u0131n\u0131n ve t\u00fcm dolayl\u0131 sembolle\u015ftiren ve matematikselle\u015ftiren y\u00f6ntemler olmadan da kesin ve gelecekteki t\u00fcm felsefe i\u00e7in belirleyici olan bilgilerin ortaya konabilece\u011finin fark\u0131na var\u0131lmas\u0131d\u0131r.<\/p>\n","protected":false},"excerpt":{"rendered":"<p>Husserl bu kitapta, do\u011falc\u0131l\u0131k ve tarihselcilikle, \u00f6zellikle de onlar\u0131n arkas\u0131ndaki pozitivizm ve skeptisizmle hesapla\u015f\u0131yor. Husserl&#8217;e g\u00f6re ara\u015ft\u0131rma d\u00fcrt\u00fcs\u00fc felsefelerden de\u011fil, \u015feylerden ve problemlerden yola \u00e7\u0131kmal\u0131d\u0131r. At\u0131lmas\u0131<span class=\"excerpt-hellip\"> [\u2026]<\/span><\/p>\n","protected":false},"featured_media":0,"template":"","meta":{"_monsterinsights_skip_tracking":false,"_monsterinsights_sitenote_active":false,"_monsterinsights_sitenote_note":"","_monsterinsights_sitenote_category":0},"product_brand":[],"product_cat":[12389,12388],"product_tag":[],"class_list":{"0":"post-724214","1":"product","2":"type-product","3":"status-publish","5":"product_cat-diger-felsefe","6":"product_cat-felsefe","7":"pa_cilt-ciltsiz","8":"pa_tur-kitap","9":"pa_yayinevi-yapi-kredi-yayinlari","10":"pa_yazar-edmund-husserl","12":"first","13":"instock","14":"sale","15":"shipping-taxable","16":"purchasable","17":"product-type-simple"},"_links":{"self":[{"href":"https:\/\/roveyayinevi.com.tr\/index.php\/wp-json\/wp\/v2\/product\/724214","targetHints":{"allow":["GET"]}}],"collection":[{"href":"https:\/\/roveyayinevi.com.tr\/index.php\/wp-json\/wp\/v2\/product"}],"about":[{"href":"https:\/\/roveyayinevi.com.tr\/index.php\/wp-json\/wp\/v2\/types\/product"}],"wp:attachment":[{"href":"https:\/\/roveyayinevi.com.tr\/index.php\/wp-json\/wp\/v2\/media?parent=724214"}],"wp:term":[{"taxonomy":"product_brand","embeddable":true,"href":"https:\/\/roveyayinevi.com.tr\/index.php\/wp-json\/wp\/v2\/product_brand?post=724214"},{"taxonomy":"product_cat","embeddable":true,"href":"https:\/\/roveyayinevi.com.tr\/index.php\/wp-json\/wp\/v2\/product_cat?post=724214"},{"taxonomy":"product_tag","embeddable":true,"href":"https:\/\/roveyayinevi.com.tr\/index.php\/wp-json\/wp\/v2\/product_tag?post=724214"}],"curies":[{"name":"wp","href":"https:\/\/api.w.org\/{rel}","templated":true}]}}