{"id":724208,"date":"2025-08-27T19:30:48","date_gmt":"2025-08-27T16:30:48","guid":{"rendered":"https:\/\/roveyayinevi.com.tr\/index.php\/urun\/bati-cumhuriyetciligi-ve-sark-hukumdari\/"},"modified":"2026-04-16T02:32:14","modified_gmt":"2026-04-15T23:32:14","slug":"bati-cumhuriyetciligi-ve-sark-hukumdari","status":"publish","type":"product","link":"https:\/\/roveyayinevi.com.tr\/index.php\/urun\/bati-cumhuriyetciligi-ve-sark-hukumdari\/","title":{"rendered":"Bat\u0131 Cumhuriyet\u00e7ili\u011fi ve \u015eark H\u00fck\u00fcmdar\u0131"},"content":{"rendered":"<p>Bat\u0131 kavram\u0131 nas\u0131l olu\u015ftu? \u015earkiyat\u00e7\u0131l\u0131\u011f\u0131n k\u00f6kenleri nereye dayan\u0131r? Do\u011fu ile Bat\u0131 aras\u0131ndaki bir zamanlar belli belirsiz olan siyasi s\u0131n\u0131r ne zaman ve neden belirgin hale geldi? Demokrasi Bat\u0131\u2019ya, despotluksa \u015eark\u2019a ait olgular olarak nas\u0131l kodland\u0131? Bat\u0131, siyasal ve k\u00fclt\u00fcrel kimli\u011fi, nas\u0131l oldu da siyasal \u00f6zg\u00fcrl\u00fck, vatanda\u015fl\u0131k ve demokrasi ile e\u015fanlaml\u0131 hale geldi? Antik Yunan\u2019dan R\u00f6nesans\u2019a kadar uzanan d\u00f6neme odaklanarak siyasal d\u00fc\u015f\u00fcndeki Bat\u0131l\u0131 temel metinlere yeni bir bak\u0131\u015f a\u00e7\u0131s\u0131yla yakla\u015fan Springborg, geleneksel siyaset kuram\u0131 y\u00f6ntemlerini Bat\u0131 kimli\u011finin temellerini sorgulamadan benimsemeyi reddediyor ve tarihin \u00e7arp\u0131t\u0131lmas\u0131 olarak g\u00f6rd\u00fc\u011f\u00fc pratikleri ters y\u00fcz ediyor. Tarihi revizyonist bir bak\u0131\u015fla sorgulayarak bizi Yunan polis\u2019ini Bat\u0131\u2019n\u0131n be\u015fi\u011fi olarak de\u011fil, Do\u011fu\u2019nun bir mahsul\u00fc olarak d\u00fc\u015f\u00fcnmeye davet ediyor. Sav\u0131n\u0131 desteklemek \u00fczere farkl\u0131 akademik disiplinlerden yararlanan Springborg, Bat\u0131 siyaset tarihinin merkezine \u015fehir devletlerini de\u011fil, krall\u0131\u011f\u0131; antik Yunan ve Roma\u2019y\u0131 de\u011fil, M\u0131s\u0131r ve Mezopotamya\u2019y\u0131 koyuyor. Kitap, bug\u00fcnk\u00fc T\u00fcrkiye siyasetine de bi\u00e7im veren k\u00fclt\u00fcrel sava\u015f alan\u0131n\u0131n tarihsel koordinatlar\u0131n\u0131 kusursuz bi\u00e7imde g\u00f6zler \u00f6n\u00fcne seriyor. \u0130\u00e7erideki ve d\u0131\u015far\u0131daki tart\u0131\u015fmalar \u00fclkeyi ya Bat\u0131 siyasal ve k\u00fclt\u00fcrel cumhuriyet\u00e7ili\u011finin ya da \u015earki despotluk gelene\u011finin miras\u00e7\u0131s\u0131 olarak konumland\u0131r\u0131yor. Springborg, okuru bu seslerden ayr\u0131lmaya, s\u00f6z konusu ayr\u0131m\u0131 y\u00fczeysel olarak ele almamaya ve bu ayr\u0131m\u0131n dolamba\u00e7l\u0131 tarihsel yap\u0131lanmas\u0131n\u0131 anlamaya \u00e7a\u011f\u0131r\u0131yor. Patricia Springborg, the HumboldtUniversit\u00e4t zu Berlin\u2019in, disiplinleraras\u0131 alanda ara\u015ft\u0131rmalar yapan enstit\u00fcs\u00fc Centre for British Studies\u2019de siyaset kuram\u0131 profes\u00f6r\u00fc. <\/p>\n","protected":false},"excerpt":{"rendered":"<p>Bat\u0131 kavram\u0131 nas\u0131l olu\u015ftu? \u015earkiyat\u00e7\u0131l\u0131\u011f\u0131n k\u00f6kenleri nereye dayan\u0131r? Do\u011fu ile Bat\u0131 aras\u0131ndaki bir zamanlar belli belirsiz olan siyasi s\u0131n\u0131r ne zaman ve neden belirgin hale geldi?<span class=\"excerpt-hellip\"> [\u2026]<\/span><\/p>\n","protected":false},"featured_media":0,"template":"","meta":{"_monsterinsights_skip_tracking":false,"_monsterinsights_sitenote_active":false,"_monsterinsights_sitenote_note":"","_monsterinsights_sitenote_category":0},"product_brand":[],"product_cat":[12370,12304],"product_tag":[],"class_list":{"0":"post-724208","1":"product","2":"type-product","3":"status-publish","5":"product_cat-arastirma-inceleme","6":"product_cat-tarih","7":"pa_cilt-ciltsiz","8":"pa_tur-kitap","9":"pa_yayinevi-koc-universitesi-yayinlari","10":"pa_yazar-patricia-springborg","12":"first","13":"instock","14":"sale","15":"shipping-taxable","16":"purchasable","17":"product-type-simple"},"_links":{"self":[{"href":"https:\/\/roveyayinevi.com.tr\/index.php\/wp-json\/wp\/v2\/product\/724208","targetHints":{"allow":["GET"]}}],"collection":[{"href":"https:\/\/roveyayinevi.com.tr\/index.php\/wp-json\/wp\/v2\/product"}],"about":[{"href":"https:\/\/roveyayinevi.com.tr\/index.php\/wp-json\/wp\/v2\/types\/product"}],"wp:attachment":[{"href":"https:\/\/roveyayinevi.com.tr\/index.php\/wp-json\/wp\/v2\/media?parent=724208"}],"wp:term":[{"taxonomy":"product_brand","embeddable":true,"href":"https:\/\/roveyayinevi.com.tr\/index.php\/wp-json\/wp\/v2\/product_brand?post=724208"},{"taxonomy":"product_cat","embeddable":true,"href":"https:\/\/roveyayinevi.com.tr\/index.php\/wp-json\/wp\/v2\/product_cat?post=724208"},{"taxonomy":"product_tag","embeddable":true,"href":"https:\/\/roveyayinevi.com.tr\/index.php\/wp-json\/wp\/v2\/product_tag?post=724208"}],"curies":[{"name":"wp","href":"https:\/\/api.w.org\/{rel}","templated":true}]}}