{"id":724207,"date":"2025-08-27T19:30:48","date_gmt":"2025-08-27T16:30:48","guid":{"rendered":"https:\/\/roveyayinevi.com.tr\/index.php\/urun\/psikanaliz-defterleri-4-cocuk-ve-ergen-calismalari-cocuk-ve-ergen-cinselligi\/"},"modified":"2026-04-16T02:32:14","modified_gmt":"2026-04-15T23:32:14","slug":"psikanaliz-defterleri-4-cocuk-ve-ergen-calismalari-cocuk-ve-ergen-cinselligi","status":"publish","type":"product","link":"https:\/\/roveyayinevi.com.tr\/index.php\/urun\/psikanaliz-defterleri-4-cocuk-ve-ergen-calismalari-cocuk-ve-ergen-cinselligi\/","title":{"rendered":"Psikanaliz Defterleri 4 \u2013 \u00c7ocuk Ve Ergen \u00c7al\u0131\u015fmalar\u0131  \u00c7ocuk Ve Ergen Cinselli\u011fi"},"content":{"rendered":"<p>Psikanaliz Defterleri: \u00c7ocuk ve Ergen \u00c7al\u0131\u015fmalar\u0131\u2019n\u0131n d\u00f6rd\u00fcnc\u00fc kitab\u0131n\u0131n temas\u0131 cinsellik olarak belirlenmi\u015ftir. Cinsellik konusu ele al\u0131n\u0131rken cinsiyet, cinsel kimlik meselelerine de de\u011finmemek m\u00fcmk\u00fcn de\u011fil. Bu nedenle, kitaptaki yaz\u0131lar\u0131n bu konular\u0131 birlikte i\u015fledi\u011fini fark edeceksiniz. Yine bu say\u0131da yazar\u0131n ve yay\u0131na haz\u0131rlayanlar\u0131n farkl\u0131 tercihleri sonucu Jouissance kavram\u0131n\u0131n iki farkl\u0131 yaz\u0131m\u0131yla kar\u015f\u0131la\u015facaks\u0131n\u0131z.   Ayr\u0131ca derginin, yine T\u00fcrk ve yabanc\u0131 psikanalistlerin katk\u0131lar\u0131yla yay\u0131mlanan bu say\u0131s\u0131nda \u00e7ocuk ve ergen cinselli\u011finin olu\u015fumu, dinamikleri, toplumsal cinsiyet ve cinsel kimlik sorunlar\u0131 ele al\u0131n\u0131yor.Bir ba\u015fka dikkat \u00e7eken konu da, toplumumuzda da s\u0131k rastlanan anoreksiya gibi ergenlik \u00e7a\u011f\u0131 psikolojik sorunlar\u0131. Teknoloji ve sosyal medyan\u0131n bask\u0131n oldu\u011fu bu \u00e7a\u011fda \u00f6zellikle ergenlerin bunlara maruziyeti ka\u00e7\u0131n\u0131lmaz. Bu maruz kalman\u0131n cinsel kimli\u011fe yapt\u0131\u011f\u0131 etkiler de de\u011finilen bir ba\u015fka ilgin\u00e7 konu. Kerime Camadan Fare Adam ve K\u00fc\u00e7\u00fck Hans  Lacanc\u0131 Bir Bak\u0131\u015f   Nicole Minazio Cinsellik ve Toplumsal Cinsiyet   Sezai Halifeo\u011flu D\u00fcrt\u00fc ve \u0130\u00e7g\u00fcd\u00fc Olarak Cinsellik     Talat Parman Cinsellik Nas\u0131l Ba\u015flar?  \u00c7ocuksu Cinselli\u011fin Geli\u015fiminde Eri\u015fkinin Rol\u00fc   O\u011fuzhan Nacak Psikanaliz ve Cinsel Kimlik   Neslihan Zabc\u0131 Babalar ve K\u0131zlar\u0131: Bir Bak\u0131\u015f\u0131n \u00d6yk\u00fcs\u00fc   Alper \u015eahin \u00c2\u015f\u0131\u011f\u0131n Sans\u00fcr\u00fc: Bu Sefer Baba    Jean Philippe Gu\u00e9guen Reddetme   Fran\u00e7ois Richard Ergenlik \u00c7a\u011f\u0131 Biseks\u00fcellikleri Metapsikolojisi   \u015eeyda Postac\u0131 AnneBabalar \u0130\u00e7in Oidipus Rehberi   Ebru Baykoca Ergenlik D\u00f6neminde Yeni Cinsel Kimlikler   Fiona Faraci K\u0131z \u00c7ocu\u011fu, D\u00fcrt\u00fc ve Kad\u0131ns\u0131l\u0131k <\/p>\n","protected":false},"excerpt":{"rendered":"<p>Psikanaliz Defterleri: \u00c7ocuk ve Ergen \u00c7al\u0131\u015fmalar\u0131\u2019n\u0131n d\u00f6rd\u00fcnc\u00fc kitab\u0131n\u0131n temas\u0131 cinsellik olarak belirlenmi\u015ftir. Cinsellik konusu ele al\u0131n\u0131rken cinsiyet, cinsel kimlik meselelerine de de\u011finmemek m\u00fcmk\u00fcn de\u011fil. Bu nedenle,<span class=\"excerpt-hellip\"> [\u2026]<\/span><\/p>\n","protected":false},"featured_media":0,"template":"","meta":{"_monsterinsights_skip_tracking":false,"_monsterinsights_sitenote_active":false,"_monsterinsights_sitenote_note":"","_monsterinsights_sitenote_category":0},"product_brand":[],"product_cat":[12358,12357],"product_tag":[],"class_list":{"0":"post-724207","1":"product","2":"type-product","3":"status-publish","5":"product_cat-genel-psikoloji","6":"product_cat-psikoloji","7":"pa_cilt-ciltsiz","8":"pa_tur-kitap","9":"pa_yayinevi-yapi-kredi-yayinlari","10":"pa_yazar-kolektif","12":"first","13":"instock","14":"sale","15":"shipping-taxable","16":"purchasable","17":"product-type-simple"},"_links":{"self":[{"href":"https:\/\/roveyayinevi.com.tr\/index.php\/wp-json\/wp\/v2\/product\/724207","targetHints":{"allow":["GET"]}}],"collection":[{"href":"https:\/\/roveyayinevi.com.tr\/index.php\/wp-json\/wp\/v2\/product"}],"about":[{"href":"https:\/\/roveyayinevi.com.tr\/index.php\/wp-json\/wp\/v2\/types\/product"}],"wp:attachment":[{"href":"https:\/\/roveyayinevi.com.tr\/index.php\/wp-json\/wp\/v2\/media?parent=724207"}],"wp:term":[{"taxonomy":"product_brand","embeddable":true,"href":"https:\/\/roveyayinevi.com.tr\/index.php\/wp-json\/wp\/v2\/product_brand?post=724207"},{"taxonomy":"product_cat","embeddable":true,"href":"https:\/\/roveyayinevi.com.tr\/index.php\/wp-json\/wp\/v2\/product_cat?post=724207"},{"taxonomy":"product_tag","embeddable":true,"href":"https:\/\/roveyayinevi.com.tr\/index.php\/wp-json\/wp\/v2\/product_tag?post=724207"}],"curies":[{"name":"wp","href":"https:\/\/api.w.org\/{rel}","templated":true}]}}