{"id":724203,"date":"2025-08-27T19:30:45","date_gmt":"2025-08-27T16:30:45","guid":{"rendered":"https:\/\/roveyayinevi.com.tr\/index.php\/urun\/zavallilar\/"},"modified":"2026-04-16T02:32:14","modified_gmt":"2026-04-15T23:32:14","slug":"zavallilar","status":"publish","type":"product","link":"https:\/\/roveyayinevi.com.tr\/index.php\/urun\/zavallilar\/","title":{"rendered":"Zavall\u0131lar"},"content":{"rendered":"<p>Y\u0131lmaz G\u00fcney&#8217;in, \u00fcretimin d\u0131\u015f\u0131na itilenleri ve hayata kar\u0131\u015fmas\u0131 imk\u00e2ns\u0131zla\u015ft\u0131r\u0131lanlar\u0131 mercek alt\u0131na ald\u0131\u011f\u0131 Zavall\u0131lar, g\u00f6sterime girdi\u011fi tarihte b\u00fcy\u00fck yank\u0131 uyand\u0131rm\u0131\u015f ve \u00e7e\u015fitli bask\u0131larla kar\u015f\u0131 kar\u015f\u0131ya kalm\u0131\u015ft\u0131. Ete kemi\u011fe b\u00fcr\u00fcnm\u00fc\u015f karakterleri, derinlikli hik\u00e2yesi ve etkileyici kurgusuyla mutlaka okumas\u0131 gereken bir eser. \u0130nsan\u0131n toplumdan soyutlanmas\u0131n\u0131n sebeplerini olan\u0131 s\u00fcsleyip abartmadan, toplumsal ger\u00e7ek\u00e7i sanat\u0131n imk\u00e2nlar\u0131ndan sonuna kadar yararlanarak veriyor Y\u0131lmaz G\u00fcney. <\/p>\n","protected":false},"excerpt":{"rendered":"<p>Y\u0131lmaz G\u00fcney&#8217;in, \u00fcretimin d\u0131\u015f\u0131na itilenleri ve hayata kar\u0131\u015fmas\u0131 imk\u00e2ns\u0131zla\u015ft\u0131r\u0131lanlar\u0131 mercek alt\u0131na ald\u0131\u011f\u0131 Zavall\u0131lar, g\u00f6sterime girdi\u011fi tarihte b\u00fcy\u00fck yank\u0131 uyand\u0131rm\u0131\u015f ve \u00e7e\u015fitli bask\u0131larla kar\u015f\u0131 kar\u015f\u0131ya kalm\u0131\u015ft\u0131. Ete<span class=\"excerpt-hellip\"> [\u2026]<\/span><\/p>\n","protected":false},"featured_media":0,"template":"","meta":{"_monsterinsights_skip_tracking":false,"_monsterinsights_sitenote_active":false,"_monsterinsights_sitenote_note":"","_monsterinsights_sitenote_category":0},"product_brand":[],"product_cat":[12291,12332],"product_tag":[],"class_list":{"0":"post-724203","1":"product","2":"type-product","3":"status-publish","5":"product_cat-edebiyat","6":"product_cat-senaryo","7":"pa_cilt-ciltsiz","8":"pa_tur-kitap","9":"pa_yayinevi-ithaki-yayinlari","10":"pa_yazar-yilmaz-guney","12":"first","13":"instock","14":"sale","15":"shipping-taxable","16":"purchasable","17":"product-type-simple"},"_links":{"self":[{"href":"https:\/\/roveyayinevi.com.tr\/index.php\/wp-json\/wp\/v2\/product\/724203","targetHints":{"allow":["GET"]}}],"collection":[{"href":"https:\/\/roveyayinevi.com.tr\/index.php\/wp-json\/wp\/v2\/product"}],"about":[{"href":"https:\/\/roveyayinevi.com.tr\/index.php\/wp-json\/wp\/v2\/types\/product"}],"wp:attachment":[{"href":"https:\/\/roveyayinevi.com.tr\/index.php\/wp-json\/wp\/v2\/media?parent=724203"}],"wp:term":[{"taxonomy":"product_brand","embeddable":true,"href":"https:\/\/roveyayinevi.com.tr\/index.php\/wp-json\/wp\/v2\/product_brand?post=724203"},{"taxonomy":"product_cat","embeddable":true,"href":"https:\/\/roveyayinevi.com.tr\/index.php\/wp-json\/wp\/v2\/product_cat?post=724203"},{"taxonomy":"product_tag","embeddable":true,"href":"https:\/\/roveyayinevi.com.tr\/index.php\/wp-json\/wp\/v2\/product_tag?post=724203"}],"curies":[{"name":"wp","href":"https:\/\/api.w.org\/{rel}","templated":true}]}}