{"id":724201,"date":"2025-08-27T19:30:43","date_gmt":"2025-08-27T16:30:43","guid":{"rendered":"https:\/\/roveyayinevi.com.tr\/index.php\/urun\/muamma-2\/"},"modified":"2026-04-16T02:32:14","modified_gmt":"2026-04-15T23:32:14","slug":"muamma-2","status":"publish","type":"product","link":"https:\/\/roveyayinevi.com.tr\/index.php\/urun\/muamma-2\/","title":{"rendered":"Muamma"},"content":{"rendered":"<p>Mezarl\u0131\u011fa her geli\u015flerinde kimileri i\u00e7in kasvetli olan bu mek\u00e2na kar\u015f\u0131 yabanc\u0131l\u0131klar\u0131 giderek azal\u0131yor, mezar ta\u015flar\u0131 \u00fczerindeki isimler ya da a\u011fa\u00e7lar tan\u0131d\u0131k hale gelmeye ba\u015fl\u0131yordu. Ancak birka\u00e7 seferden sonra her toplant\u0131 bir usanm\u0131\u015fl\u0131\u011f\u0131 da beraberinde getiriyordu. Hafta sonu ya\u015fananlar herkese a\u011f\u0131r geldi\u011finden, ilk i\u015fareti bulmalar\u0131na ra\u011fmen kimsenin eski hevesine sahip olmad\u0131\u011f\u0131 anla\u015f\u0131l\u0131yordu. Yola \u00e7\u0131kt\u0131klar\u0131 bu s\u00fcre\u00e7, baz\u0131 risklerin g\u00f6ze al\u0131nmas\u0131ndan \u00f6te en \u00f6nemlisi sab\u0131rl\u0131 olmay\u0131 gerektiriyordu. Hem definenin heyecan\u0131n\u0131 ve zaman zaman korkusunu ya\u015farken hem de bu konudan hi\u00e7 kimseye bahsedememek gruptakilerin daha fazla bask\u0131 hissetmelerine neden oluyordu. Bu sabr\u0131 da gruptaki herkesin ayn\u0131 \u00f6l\u00e7\u00fcde g\u00f6steremeyece\u011fi yak\u0131nda anla\u015f\u0131lacakt\u0131.<\/p>\n","protected":false},"excerpt":{"rendered":"<p>Mezarl\u0131\u011fa her geli\u015flerinde kimileri i\u00e7in kasvetli olan bu mek\u00e2na kar\u015f\u0131 yabanc\u0131l\u0131klar\u0131 giderek azal\u0131yor, mezar ta\u015flar\u0131 \u00fczerindeki isimler ya da a\u011fa\u00e7lar tan\u0131d\u0131k hale gelmeye ba\u015fl\u0131yordu. Ancak birka\u00e7<span class=\"excerpt-hellip\"> [\u2026]<\/span><\/p>\n","protected":false},"featured_media":0,"template":"","meta":{"_monsterinsights_skip_tracking":false,"_monsterinsights_sitenote_active":false,"_monsterinsights_sitenote_note":"","_monsterinsights_sitenote_category":0},"product_brand":[],"product_cat":[12291,14777],"product_tag":[],"class_list":{"0":"post-724201","1":"product","2":"type-product","3":"status-publish","5":"product_cat-edebiyat","6":"product_cat-fantastik","7":"pa_cilt-ciltsiz","8":"pa_tur-kitap","9":"pa_yayinevi-perseus","10":"pa_yazar-tugay-zehir","12":"first","13":"instock","14":"sale","15":"shipping-taxable","16":"purchasable","17":"product-type-simple"},"_links":{"self":[{"href":"https:\/\/roveyayinevi.com.tr\/index.php\/wp-json\/wp\/v2\/product\/724201","targetHints":{"allow":["GET"]}}],"collection":[{"href":"https:\/\/roveyayinevi.com.tr\/index.php\/wp-json\/wp\/v2\/product"}],"about":[{"href":"https:\/\/roveyayinevi.com.tr\/index.php\/wp-json\/wp\/v2\/types\/product"}],"wp:attachment":[{"href":"https:\/\/roveyayinevi.com.tr\/index.php\/wp-json\/wp\/v2\/media?parent=724201"}],"wp:term":[{"taxonomy":"product_brand","embeddable":true,"href":"https:\/\/roveyayinevi.com.tr\/index.php\/wp-json\/wp\/v2\/product_brand?post=724201"},{"taxonomy":"product_cat","embeddable":true,"href":"https:\/\/roveyayinevi.com.tr\/index.php\/wp-json\/wp\/v2\/product_cat?post=724201"},{"taxonomy":"product_tag","embeddable":true,"href":"https:\/\/roveyayinevi.com.tr\/index.php\/wp-json\/wp\/v2\/product_tag?post=724201"}],"curies":[{"name":"wp","href":"https:\/\/api.w.org\/{rel}","templated":true}]}}