{"id":724199,"date":"2025-08-27T19:30:41","date_gmt":"2025-08-27T16:30:41","guid":{"rendered":"https:\/\/roveyayinevi.com.tr\/index.php\/urun\/ikinci-hayat\/"},"modified":"2026-04-16T02:32:14","modified_gmt":"2026-04-15T23:32:14","slug":"ikinci-hayat","status":"publish","type":"product","link":"https:\/\/roveyayinevi.com.tr\/index.php\/urun\/ikinci-hayat\/","title":{"rendered":"\u0130kinci Hayat"},"content":{"rendered":"<p>\u201cHer yazar\u0131n i\u00e7inde az ya da \u00e7ok bir yer yaratma, b\u00fct\u00fcn yerleri geride b\u0131rak\u0131p yaz\u0131ya yerle\u015fme iste\u011fi vard\u0131r. Bir yaz\u0131nsal vatan: Bu ta\u015fl\u0131 topra\u011f\u0131 ben yaratt\u0131m, bu geni\u015f bozk\u0131r\u0131, bu ye\u015fil tepeleri, bu zirveleri karla kapl\u0131 da\u011f\u0131 ben yaratt\u0131m. Da\u011fda yanan ate\u015f, ate\u015fin ba\u015f\u0131nda toplanm\u0131\u015f insanlar, insanlar\u0131n dinledi\u011fi hik\u00e2yeler benim eserim. Ama sadece bir yaz\u0131 olana\u011f\u0131ndan de\u011fil, bir ya\u015fam olana\u011f\u0131ndan da s\u00f6z eden bir yazar\u0131n yaz\u0131nsal yurda rahat\u00e7a yerle\u015fmesini beklemek safdillik olurdu.\u201d   \u0130kinci Hayat\u2019ta \u201cyer duygusu\u201d \u00fczerine d\u00fc\u015f\u00fcn\u00fcyor Nurdan G\u00fcrbilek. Bir yandan \u201cyer\u201de, \u201cyurt\u201da, \u201cev\u201de edebiyat\u0131n, bazen sineman\u0131n a\u00e7t\u0131\u011f\u0131 kap\u0131lardan giriyor; k\u00f6kenlere ve ba\u015flang\u0131\u00e7lara, ka\u00e7anlara ve d\u00f6nenlere, eve ve s\u0131rlar\u0131na yak\u0131ndan bak\u0131yor. Di\u011fer yandan anlat\u0131, \u00fcslup ve dili bu ana eksen etraf\u0131nda de\u011ferlendiriyor; \u201cdilsel vatan\u201d ve s\u0131n\u0131rlar\u0131 \u00fczerine d\u00fc\u015f\u00fcn\u00fcyor. Baz\u0131 sorular e\u015fli\u011finde: Kap\u0131s\u0131n\u0131 ba\u015fkalar\u0131na s\u0131ms\u0131k\u0131 kapatm\u0131\u015f bir kompartmana, bir \u00f6zel s\u0131\u011f\u0131na\u011fa, bir ki\u015fisel h\u00fccreye mi d\u00f6n\u00fc\u015fecek ev, yoksa o koruyucu h\u00fccreyi geni\u015f bir ortakl\u0131k zemininde yeniden tan\u0131mlayabilecek miyiz? Etraf\u0131na kal\u0131n duvarlar \u00e7ekmi\u015f bir \u201cco\u011frafya kaderdir\u201de mi s\u00fcr\u00fckleniyoruz, yoksa daha geni\u015f bir yurt tan\u0131m\u0131na ula\u015fabilecek miyiz?  Bug\u00fcn evin hayat\u0131m\u0131z\u0131n merkezine oturdu\u011fu bir d\u00fcnyada bizi evin ger\u00e7ek ve mecazi, olumlu ve olumsuz anlamlar\u0131 \u00fczerine d\u00fc\u015f\u00fcnmeye \u00e7a\u011f\u0131ran deneme ve fragmanlardan olu\u015fuyor \u0130kinci Hayat. <\/p>\n","protected":false},"excerpt":{"rendered":"<p>\u201cHer yazar\u0131n i\u00e7inde az ya da \u00e7ok bir yer yaratma, b\u00fct\u00fcn yerleri geride b\u0131rak\u0131p yaz\u0131ya yerle\u015fme iste\u011fi vard\u0131r. Bir yaz\u0131nsal vatan: Bu ta\u015fl\u0131 topra\u011f\u0131 ben yaratt\u0131m,<span class=\"excerpt-hellip\"> [\u2026]<\/span><\/p>\n","protected":false},"featured_media":0,"template":"","meta":{"_monsterinsights_skip_tracking":false,"_monsterinsights_sitenote_active":false,"_monsterinsights_sitenote_note":"","_monsterinsights_sitenote_category":0},"product_brand":[],"product_cat":[12777,12291],"product_tag":[],"class_list":{"0":"post-724199","1":"product","2":"type-product","3":"status-publish","5":"product_cat-deneme","6":"product_cat-edebiyat","7":"pa_cilt-ciltsiz","8":"pa_tur-kitap","9":"pa_yayinevi-metis-yayinlari","10":"pa_yazar-nurdan-gurbilek","12":"first","13":"instock","14":"sale","15":"shipping-taxable","16":"purchasable","17":"product-type-simple"},"_links":{"self":[{"href":"https:\/\/roveyayinevi.com.tr\/index.php\/wp-json\/wp\/v2\/product\/724199","targetHints":{"allow":["GET"]}}],"collection":[{"href":"https:\/\/roveyayinevi.com.tr\/index.php\/wp-json\/wp\/v2\/product"}],"about":[{"href":"https:\/\/roveyayinevi.com.tr\/index.php\/wp-json\/wp\/v2\/types\/product"}],"wp:attachment":[{"href":"https:\/\/roveyayinevi.com.tr\/index.php\/wp-json\/wp\/v2\/media?parent=724199"}],"wp:term":[{"taxonomy":"product_brand","embeddable":true,"href":"https:\/\/roveyayinevi.com.tr\/index.php\/wp-json\/wp\/v2\/product_brand?post=724199"},{"taxonomy":"product_cat","embeddable":true,"href":"https:\/\/roveyayinevi.com.tr\/index.php\/wp-json\/wp\/v2\/product_cat?post=724199"},{"taxonomy":"product_tag","embeddable":true,"href":"https:\/\/roveyayinevi.com.tr\/index.php\/wp-json\/wp\/v2\/product_tag?post=724199"}],"curies":[{"name":"wp","href":"https:\/\/api.w.org\/{rel}","templated":true}]}}