{"id":724198,"date":"2025-08-27T19:30:40","date_gmt":"2025-08-27T16:30:40","guid":{"rendered":"https:\/\/roveyayinevi.com.tr\/index.php\/urun\/icimdeki-buhranlar\/"},"modified":"2026-04-16T02:32:14","modified_gmt":"2026-04-15T23:32:14","slug":"icimdeki-buhranlar","status":"publish","type":"product","link":"https:\/\/roveyayinevi.com.tr\/index.php\/urun\/icimdeki-buhranlar\/","title":{"rendered":"\u0130\u00e7imdeki Buhranlar"},"content":{"rendered":"<p>\u0130\u00e7indeki buhranlara kafa tutmay\u0131 bilenlerin yeni ba\u015fucu kitab\u0131!\u0130ll\u00fcstrasyon \u00e7al\u0131\u015fmalar\u0131ndan tan\u0131d\u0131\u011f\u0131m\u0131z G\u00f6k\u00e7e Yava\u015f \u00d6nal&#8217;\u0131n ya\u015fam\u0131ndan komik &#8221;an&#8221;lar payla\u015fan \u0130\u00e7imdeki Buhranlar, d\u00fcnya ger\u00e7ekli\u011fini f\u0131r\u00e7an\u0131n ucunda g\u00f6ren bir sanat\u00e7\u0131n\u0131n an\u0131lar\u0131na odaklan\u0131yor.Bir kad\u0131n ve anne olarak i\u00e7inde istemsizce ye\u015fertip b\u00fcy\u00fctt\u00fc\u011f\u00fc gerginlikler, korkular, paranoyalar, \u015fa\u015fk\u0131nl\u0131klar ve endi\u015felerin e\u011flenceli bir d\u0131\u015favurumu olan bu nefis \u00e7izgi \u00f6yk\u00fc, hepimizin ortak buhranlar\u0131na temas ediyor.   \u00c7ocuklu hayat\u0131n zor ve komik yanlar\u0131, kent i\u00e7i ula\u015f\u0131mda toplu ta\u015f\u0131ma &#8221;rit\u00fcellerine&#8221; uyum, toplumun dayatt\u0131\u011f\u0131 kad\u0131nl\u0131k h\u00e2llerine kar\u015f\u0131 direni\u015f, evden \u00e7al\u0131\u015fman\u0131n yaratt\u0131\u011f\u0131 ruhsal tahribat, ailecek \u00e7\u0131k\u0131lan tatillerin olu\u015fturdu\u011fu kaos, e\u015ften beklenen romantizmin ucundaki ka\u00e7\u0131n\u0131lmaz h\u00fcsran gibi herkesin k\u0131y\u0131s\u0131ndan k\u00f6\u015fesinden kendini bulaca\u011f\u0131 durumlara tan\u0131kl\u0131k ettiren \u0130\u00e7imdeki Buhranlar hem f\u00fctursuzca g\u00fcld\u00fcr\u00fcyor hem de \u015fapkam\u0131z\u0131 elimize al\u0131p d\u00fc\u015f\u00fcnd\u00fcr\u00fcyor.   Zaman zaman hayat\u0131n kendisini dahi veto edebilecek dirayetteki cesur bir kad\u0131n\u0131n duygusal ini\u015f \u00e7\u0131k\u0131\u015flar\u0131n\u0131 sayfalar\u0131na ta\u015f\u0131yan bu matrak kitap, her t\u00fcrl\u00fc dayatmaya, zorlamaya, \u00f6nyarg\u0131ya ve kli\u015feye hakl\u0131 ve inand\u0131r\u0131c\u0131 bir yan\u0131t\u0131 olan \u00f6zg\u00fcr bir ruhun ve minik k\u0131z\u0131n\u0131n manifestosuna d\u00f6n\u00fc\u015f\u00fcyor.   2020 y\u0131l\u0131n\u0131n ikinci \u00e7eyre\u011fini esir alan Kovid-19 vir\u00fcs\u00fcn\u00fcn, topluma zoraki dayatt\u0131\u011f\u0131 sosyal mesafelendirme ve karantina g\u00fcnlerine de tad\u0131ml\u0131k dokunu\u015flarla yer veren \u0130\u00e7imdeki Buhranlar, g\u00fcndemi ve g\u00fcnceli yakalayarak hayat\u0131n nabz\u0131n\u0131 tutuyor.    Evet, yaln\u0131z de\u011filiz, de\u011filsiniz. Buhranlar hepimizin!<\/p>\n","protected":false},"excerpt":{"rendered":"<p>\u0130\u00e7indeki buhranlara kafa tutmay\u0131 bilenlerin yeni ba\u015fucu kitab\u0131!\u0130ll\u00fcstrasyon \u00e7al\u0131\u015fmalar\u0131ndan tan\u0131d\u0131\u011f\u0131m\u0131z G\u00f6k\u00e7e Yava\u015f \u00d6nal&#8217;\u0131n ya\u015fam\u0131ndan komik &#8221;an&#8221;lar payla\u015fan \u0130\u00e7imdeki Buhranlar, d\u00fcnya ger\u00e7ekli\u011fini f\u0131r\u00e7an\u0131n ucunda g\u00f6ren bir sanat\u00e7\u0131n\u0131n<span class=\"excerpt-hellip\"> [\u2026]<\/span><\/p>\n","protected":false},"featured_media":0,"template":"","meta":{"_monsterinsights_skip_tracking":false,"_monsterinsights_sitenote_active":false,"_monsterinsights_sitenote_note":"","_monsterinsights_sitenote_category":0},"product_brand":[],"product_cat":[12291,49405],"product_tag":[],"class_list":{"0":"post-724198","1":"product","2":"type-product","3":"status-publish","5":"product_cat-edebiyat","6":"product_cat-karikatur","7":"pa_cilt-ciltsiz","8":"pa_tur-kitap","9":"pa_yayinevi-desen-yayinlari","10":"pa_yazar-gokce-yavas-onal","12":"first","13":"instock","14":"sale","15":"shipping-taxable","16":"purchasable","17":"product-type-simple"},"_links":{"self":[{"href":"https:\/\/roveyayinevi.com.tr\/index.php\/wp-json\/wp\/v2\/product\/724198","targetHints":{"allow":["GET"]}}],"collection":[{"href":"https:\/\/roveyayinevi.com.tr\/index.php\/wp-json\/wp\/v2\/product"}],"about":[{"href":"https:\/\/roveyayinevi.com.tr\/index.php\/wp-json\/wp\/v2\/types\/product"}],"wp:attachment":[{"href":"https:\/\/roveyayinevi.com.tr\/index.php\/wp-json\/wp\/v2\/media?parent=724198"}],"wp:term":[{"taxonomy":"product_brand","embeddable":true,"href":"https:\/\/roveyayinevi.com.tr\/index.php\/wp-json\/wp\/v2\/product_brand?post=724198"},{"taxonomy":"product_cat","embeddable":true,"href":"https:\/\/roveyayinevi.com.tr\/index.php\/wp-json\/wp\/v2\/product_cat?post=724198"},{"taxonomy":"product_tag","embeddable":true,"href":"https:\/\/roveyayinevi.com.tr\/index.php\/wp-json\/wp\/v2\/product_tag?post=724198"}],"curies":[{"name":"wp","href":"https:\/\/api.w.org\/{rel}","templated":true}]}}