{"id":724196,"date":"2025-08-27T19:30:39","date_gmt":"2025-08-27T16:30:39","guid":{"rendered":"https:\/\/roveyayinevi.com.tr\/index.php\/urun\/halkci-ecevit\/"},"modified":"2026-04-16T02:32:14","modified_gmt":"2026-04-15T23:32:14","slug":"halkci-ecevit","status":"publish","type":"product","link":"https:\/\/roveyayinevi.com.tr\/index.php\/urun\/halkci-ecevit\/","title":{"rendered":"Halk\u00e7\u0131 Ecevit"},"content":{"rendered":"<p>\u0130\u015f\u00e7i s\u0131n\u0131f\u0131n\u0131n siyaset sahnesine \u00e7\u0131kt\u0131\u011f\u0131, \u00f6\u011frenci hareketinin y\u00fckseldi\u011fi, toplumun farkl\u0131 kesimlerinin y\u00fcz\u00fcn\u00fc sola d\u00f6nd\u00fc\u011f\u00fc 1960\u2019lar T\u00fcrkiye\u2019si, ayn\u0131 zamanda CHP\u2019nin kendisine bir y\u00f6n arad\u0131\u011f\u0131 y\u0131llard\u0131. \u201cOrtan\u0131n solu\u201d bu aray\u0131\u015f\u0131n bir sonucu olarak do\u011fdu ve ilk kez \u0130smet \u0130n\u00f6n\u00fc taraf\u0131ndan dile getirildi. Bu kavrama teorik bir \u00e7er\u00e7eve \u00e7izen ve onu b\u00fct\u00fcnl\u00fckl\u00fc bir doktrin haline getiren ise B\u00fclent Ecevit oldu. Ecevit \u201cteorisyen\u201d rol\u00fcn\u00fcn de \u00f6tesine ge\u00e7erek \u00f6nce CHP Genel Ba\u015fkanl\u0131\u011f\u0131 koltu\u011funa oturacak, ard\u0131ndan da \u201cHalk\u00e7\u0131 Ecevit\u201d slogan\u0131yla CHP\u2019yi 1973 ve 1977 se\u00e7imlerinden birinci parti olarak \u00e7\u0131karmay\u0131 ba\u015faracakt\u0131. Peki, \u201cortan\u0131n solu\u201d tam olarak neydi? Sol pop\u00fclizmle sosyal demokrasinin T\u00fcrkiye \u015fartlar\u0131na uyarlanm\u0131\u015f bir sentezi mi? Sa\u011fdaki muar\u0131zlar\u0131n\u0131n iddia etti\u011fi gibi sosyalizme ge\u00e7i\u015f i\u00e7in \u00f6ng\u00f6r\u00fclen bir a\u015fama m\u0131? Devlet\u00e7i politikalarla h\u0131zl\u0131 bir kalk\u0131nma, \u201chalk\u00e7\u0131\u201d politikalarla gelirin yeniden da\u011f\u0131t\u0131lmas\u0131 ve sosyal adalet sayesinde s\u0131n\u0131flar aras\u0131nda g\u00f6rece uyumun tesis edilmesi mi? Fatih Ya\u015fl\u0131\u2019n\u0131n yeni \u00e7al\u0131\u015fmas\u0131, bu sorulara yan\u0131t ararken, \u201cortan\u0131n solu\u201dnun esas ideolojik-politik kavgas\u0131n\u0131 sosyalizmle ve T\u00fcrkiye sosyalist hareketiyle verdi\u011fine dikkat \u00e7ekiyor. Ancak bu haliyle bile T\u00fcrkiye y\u00f6netici s\u0131n\u0131f\u0131 taraf\u0131ndan bir tehdit unsuru olarak g\u00f6r\u00fcld\u00fc\u011f\u00fcn\u00fc, sola y\u00f6nelik siyasal \u015fiddet stratejisinden pay\u0131na d\u00fc\u015feni ald\u0131\u011f\u0131n\u0131,1960\u2019dan 1980\u2019e uzanan s\u00fcre\u00e7te \u00f6rnekleriyle anlat\u0131yor.  T\u00fcrk sa\u011f\u0131 \u00fczerine yapt\u0131\u011f\u0131 \u00e7al\u0131\u015fmalarla tan\u0131d\u0131\u011f\u0131m\u0131z Ya\u015fl\u0131, bu sefer \u00e7al\u0131\u015fmas\u0131n\u0131n oda\u011f\u0131na \u201cortan\u0131n solu\u201dnu, CHP\u2019yi ve Ecevit\u2019i yerle\u015ftirirken yirmi y\u0131ll\u0131k bir d\u00f6nemin iktisadi, siyasal ve toplumsal geli\u015fmelerini de ayr\u0131nt\u0131lar\u0131yla sergiliyor. Yak\u0131n tarihle, CHP tarihiyle ve Ecevit\u2019le ilgili mevcut literat\u00fcre yap\u0131lm\u0131\u015f \u00f6zg\u00fcn ve kapsaml\u0131 bir katk\u0131 olan kitab\u0131n, benzer \u015fekilde T\u00fcrkiye\u2019de sol siyasetin bug\u00fcn\u00fc ve yar\u0131n\u0131 \u00fczerine yap\u0131lacak tart\u0131\u015fmalara da anlaml\u0131 bir katk\u0131 sa\u011flayaca\u011f\u0131na inan\u0131yoruz.  <\/p>\n","protected":false},"excerpt":{"rendered":"<p>\u0130\u015f\u00e7i s\u0131n\u0131f\u0131n\u0131n siyaset sahnesine \u00e7\u0131kt\u0131\u011f\u0131, \u00f6\u011frenci hareketinin y\u00fckseldi\u011fi, toplumun farkl\u0131 kesimlerinin y\u00fcz\u00fcn\u00fc sola d\u00f6nd\u00fc\u011f\u00fc 1960\u2019lar T\u00fcrkiye\u2019si, ayn\u0131 zamanda CHP\u2019nin kendisine bir y\u00f6n arad\u0131\u011f\u0131 y\u0131llard\u0131. \u201cOrtan\u0131n solu\u201d<span class=\"excerpt-hellip\"> [\u2026]<\/span><\/p>\n","protected":false},"featured_media":0,"template":"","meta":{"_monsterinsights_skip_tracking":false,"_monsterinsights_sitenote_active":false,"_monsterinsights_sitenote_note":"","_monsterinsights_sitenote_category":0},"product_brand":[],"product_cat":[13590,12337],"product_tag":[],"class_list":{"0":"post-724196","1":"product","2":"type-product","3":"status-publish","5":"product_cat-arastirma-inceleme-politika-siyaset","6":"product_cat-politika-siyaset","7":"pa_cilt-ciltsiz","8":"pa_tur-kitap","9":"pa_yayinevi-yordam-kitap","10":"pa_yazar-fatih-yasli","12":"first","13":"instock","14":"sale","15":"shipping-taxable","16":"purchasable","17":"product-type-simple"},"_links":{"self":[{"href":"https:\/\/roveyayinevi.com.tr\/index.php\/wp-json\/wp\/v2\/product\/724196","targetHints":{"allow":["GET"]}}],"collection":[{"href":"https:\/\/roveyayinevi.com.tr\/index.php\/wp-json\/wp\/v2\/product"}],"about":[{"href":"https:\/\/roveyayinevi.com.tr\/index.php\/wp-json\/wp\/v2\/types\/product"}],"wp:attachment":[{"href":"https:\/\/roveyayinevi.com.tr\/index.php\/wp-json\/wp\/v2\/media?parent=724196"}],"wp:term":[{"taxonomy":"product_brand","embeddable":true,"href":"https:\/\/roveyayinevi.com.tr\/index.php\/wp-json\/wp\/v2\/product_brand?post=724196"},{"taxonomy":"product_cat","embeddable":true,"href":"https:\/\/roveyayinevi.com.tr\/index.php\/wp-json\/wp\/v2\/product_cat?post=724196"},{"taxonomy":"product_tag","embeddable":true,"href":"https:\/\/roveyayinevi.com.tr\/index.php\/wp-json\/wp\/v2\/product_tag?post=724196"}],"curies":[{"name":"wp","href":"https:\/\/api.w.org\/{rel}","templated":true}]}}