{"id":724195,"date":"2025-08-27T19:30:38","date_gmt":"2025-08-27T16:30:38","guid":{"rendered":"https:\/\/roveyayinevi.com.tr\/index.php\/urun\/populizm-dalgasi-sivil-darbeler-ve-osmanli-hulyasi\/"},"modified":"2026-04-16T02:32:14","modified_gmt":"2026-04-15T23:32:14","slug":"populizm-dalgasi-sivil-darbeler-ve-osmanli-hulyasi","status":"publish","type":"product","link":"https:\/\/roveyayinevi.com.tr\/index.php\/urun\/populizm-dalgasi-sivil-darbeler-ve-osmanli-hulyasi\/","title":{"rendered":"Pop\u00fclizm Dalgas\u0131, Sivil Darbeler ve Osmanl\u0131 H\u00fclyas\u0131"},"content":{"rendered":"<p>Pop\u00fclizm Dalgas\u0131, Sivil Darbeler ve Osmanl\u0131 H\u00fclyas\u0131, d\u00fcnyada ve T\u00fcrkiye\u2019de ya\u015fanan kritik geli\u015fmelere dair Taner Timur\u2019un son d\u00f6nem yaz\u0131lar\u0131n\u0131 bir araya getiriyor. Taner Timur, 2016-2020 y\u0131llar\u0131 aras\u0131nda ya\u015fanan olaylar\u0131 d\u00fcnya d\u00fczeninde bir d\u00f6n\u00fc\u015f\u00fcm\u00fcn sinyalleri olarak  yorumlamakta. Bu belirtiler, insanl\u0131k a\u00e7\u0131s\u0131ndan hi\u00e7 de \u00f6zg\u00fcrl\u00fck, e\u015fitlik ve refah y\u00f6n\u00fcnde bir ilerleme gibi g\u00f6r\u00fcnm\u00fcyor olsa da bu yaz\u0131larda karamsarl\u0131\u011fa yer yok. \u00c7\u00fcnk\u00fc \u201chayat da devam ediyor, kavga da!\u201d Taner Timur, engin teorik bilgisi, berrak dili ve ufuk a\u00e7\u0131c\u0131 siyasal analizleriyle yolumuzu ayd\u0131nlatmaya devam ediyor. Pop\u00fclizm Dalgas\u0131, Sivil Darbeler ve Osmanl\u0131 H\u00fclyas\u0131, g\u00fcncel olan\u0131n tarih topra\u011f\u0131nda nas\u0131l boy verdi\u011fini \u00e7\u00f6z\u00fcmleyen o benzersiz kitaplardan biri&#8230; Son y\u0131llarda d\u00fcnyada dalga dalga yay\u0131lan pop\u00fclist ak\u0131mlar ve fa\u015fizan geli\u015fmeler 2008\u2019de patlak veren ve h\u00e2l\u00e2 kontrol alt\u0131na al\u0131namam\u0131\u015f olan uluslararas\u0131 kapitalizmin kriziyle yak\u0131ndan ilgilidir. B\u00f6yle k\u00fcresel krizler genellikle finans sekt\u00f6r\u00fcnde, banka iflaslar\u0131yla ba\u015flar; sonra reel ekonomi sars\u0131l\u0131r, i\u015fsizlik artar ve ortaya \u00e7\u0131kan iktisadi kriz de giderek sosyal krize d\u00f6n\u00fc\u015f\u00fcr. Nihayet son a\u015famada da siyasi kriz patlak verir ve mevcut rejimler sars\u0131lmaya ba\u015flar (&#8230;) Gelinen noktada, hen\u00fcz dikta rejimlerine teslim olmam\u0131\u015f her \u00fclkede, t\u00fcm demokratlar art\u0131k \u201cpop\u00fclist\u201d demagoglar\u0131n \u00f6zg\u00fcrl\u00fckleri tehdit eden sald\u0131r\u0131lar\u0131na direnmeye \u00e7al\u0131\u015f\u0131yorlar. Bu son d\u00f6nemde sivil darbeler yer yer asker\u00ee darbelerin yerini ald\u0131 ve bu ba\u011flamda burjuva demokrasilerinin geleneksel parti sistemleri de \u00e7\u00f6kmeye ba\u015flad\u0131. Art\u0131k ABD, Fransa, \u0130talya gibi \u00fclkelerde \u201cpartilerin liderleri\u201d de\u011fil, \u201cliderlerin partileri\u201d var. <\/p>\n","protected":false},"excerpt":{"rendered":"<p>Pop\u00fclizm Dalgas\u0131, Sivil Darbeler ve Osmanl\u0131 H\u00fclyas\u0131, d\u00fcnyada ve T\u00fcrkiye\u2019de ya\u015fanan kritik geli\u015fmelere dair Taner Timur\u2019un son d\u00f6nem yaz\u0131lar\u0131n\u0131 bir araya getiriyor. Taner Timur, 2016-2020 y\u0131llar\u0131<span class=\"excerpt-hellip\"> [\u2026]<\/span><\/p>\n","protected":false},"featured_media":0,"template":"","meta":{"_monsterinsights_skip_tracking":false,"_monsterinsights_sitenote_active":false,"_monsterinsights_sitenote_note":"","_monsterinsights_sitenote_category":0},"product_brand":[],"product_cat":[13590,12337],"product_tag":[],"class_list":{"0":"post-724195","1":"product","2":"type-product","3":"status-publish","5":"product_cat-arastirma-inceleme-politika-siyaset","6":"product_cat-politika-siyaset","7":"pa_cilt-ciltsiz","8":"pa_tur-kitap","9":"pa_yayinevi-yordam-kitap","10":"pa_yazar-taner-timur","12":"first","13":"instock","14":"sale","15":"shipping-taxable","16":"purchasable","17":"product-type-simple"},"_links":{"self":[{"href":"https:\/\/roveyayinevi.com.tr\/index.php\/wp-json\/wp\/v2\/product\/724195","targetHints":{"allow":["GET"]}}],"collection":[{"href":"https:\/\/roveyayinevi.com.tr\/index.php\/wp-json\/wp\/v2\/product"}],"about":[{"href":"https:\/\/roveyayinevi.com.tr\/index.php\/wp-json\/wp\/v2\/types\/product"}],"wp:attachment":[{"href":"https:\/\/roveyayinevi.com.tr\/index.php\/wp-json\/wp\/v2\/media?parent=724195"}],"wp:term":[{"taxonomy":"product_brand","embeddable":true,"href":"https:\/\/roveyayinevi.com.tr\/index.php\/wp-json\/wp\/v2\/product_brand?post=724195"},{"taxonomy":"product_cat","embeddable":true,"href":"https:\/\/roveyayinevi.com.tr\/index.php\/wp-json\/wp\/v2\/product_cat?post=724195"},{"taxonomy":"product_tag","embeddable":true,"href":"https:\/\/roveyayinevi.com.tr\/index.php\/wp-json\/wp\/v2\/product_tag?post=724195"}],"curies":[{"name":"wp","href":"https:\/\/api.w.org\/{rel}","templated":true}]}}