{"id":724194,"date":"2025-08-27T19:30:37","date_gmt":"2025-08-27T16:30:37","guid":{"rendered":"https:\/\/roveyayinevi.com.tr\/index.php\/urun\/tecelli-ettin-suya\/"},"modified":"2026-04-16T02:32:14","modified_gmt":"2026-04-15T23:32:14","slug":"tecelli-ettin-suya","status":"publish","type":"product","link":"https:\/\/roveyayinevi.com.tr\/index.php\/urun\/tecelli-ettin-suya\/","title":{"rendered":"Tecelli Ettin Suya"},"content":{"rendered":"<p>\u015eiir, kelimelerin \u015fairin dilinde dans etmesidir. \u015eiir, s\u00f6z\u00fcn sanata d\u00f6n\u00fc\u015fmesidir. \u015eiir, \u015fairin i\u00e7 d\u00fcnyas\u0131n\u0131n sanatsal kelimelerle d\u0131\u015fa yans\u0131mas\u0131d\u0131r. \u015eiir, lisan\u0131n mucizevi bir \u015fekilde farkl\u0131 terenn\u00fcmlerle kendini belli etmesidir. \u015eiir; g\u00f6n\u00fcllere ve ruhlara hitapla insan\u0131n farkl\u0131 mecralarda gezintiye \u00e7\u0131kmas\u0131d\u0131r. \u015eair Abdulkadir Do\u011fan\u2019\u0131n \u201cTecelli Ettin Suya\u201d ad\u0131yla kitapla\u015ft\u0131rd\u0131\u011f\u0131 \u015fiirleri ile yerle g\u00f6k aras\u0131nda bir gezintiye \u00e7\u0131kmaya ne dersiniz? \u201cAyn\u0131 kutup y\u00fcz\u00fcnden \u00c7ekenim yok ki benim. Yerle g\u00f6k aras\u0131nda U\u00e7urumlar kaderim.\u201d <\/p>\n","protected":false},"excerpt":{"rendered":"<p>\u015eiir, kelimelerin \u015fairin dilinde dans etmesidir. \u015eiir, s\u00f6z\u00fcn sanata d\u00f6n\u00fc\u015fmesidir. \u015eiir, \u015fairin i\u00e7 d\u00fcnyas\u0131n\u0131n sanatsal kelimelerle d\u0131\u015fa yans\u0131mas\u0131d\u0131r. \u015eiir, lisan\u0131n mucizevi bir \u015fekilde farkl\u0131 terenn\u00fcmlerle kendini<span class=\"excerpt-hellip\"> [\u2026]<\/span><\/p>\n","protected":false},"featured_media":0,"template":"","meta":{"_monsterinsights_skip_tracking":false,"_monsterinsights_sitenote_active":false,"_monsterinsights_sitenote_note":"","_monsterinsights_sitenote_category":0},"product_brand":[],"product_cat":[12291,12509],"product_tag":[],"class_list":{"0":"post-724194","1":"product","2":"type-product","3":"status-publish","5":"product_cat-edebiyat","6":"product_cat-siir","7":"pa_cilt-ciltsiz","8":"pa_tur-kitap","9":"pa_yayinevi-meric-yayinlari","10":"pa_yazar-abdulkadir-dogan","12":"first","13":"instock","14":"sale","15":"shipping-taxable","16":"purchasable","17":"product-type-simple"},"_links":{"self":[{"href":"https:\/\/roveyayinevi.com.tr\/index.php\/wp-json\/wp\/v2\/product\/724194","targetHints":{"allow":["GET"]}}],"collection":[{"href":"https:\/\/roveyayinevi.com.tr\/index.php\/wp-json\/wp\/v2\/product"}],"about":[{"href":"https:\/\/roveyayinevi.com.tr\/index.php\/wp-json\/wp\/v2\/types\/product"}],"wp:attachment":[{"href":"https:\/\/roveyayinevi.com.tr\/index.php\/wp-json\/wp\/v2\/media?parent=724194"}],"wp:term":[{"taxonomy":"product_brand","embeddable":true,"href":"https:\/\/roveyayinevi.com.tr\/index.php\/wp-json\/wp\/v2\/product_brand?post=724194"},{"taxonomy":"product_cat","embeddable":true,"href":"https:\/\/roveyayinevi.com.tr\/index.php\/wp-json\/wp\/v2\/product_cat?post=724194"},{"taxonomy":"product_tag","embeddable":true,"href":"https:\/\/roveyayinevi.com.tr\/index.php\/wp-json\/wp\/v2\/product_tag?post=724194"}],"curies":[{"name":"wp","href":"https:\/\/api.w.org\/{rel}","templated":true}]}}