{"id":724193,"date":"2025-08-27T19:30:36","date_gmt":"2025-08-27T16:30:36","guid":{"rendered":"https:\/\/roveyayinevi.com.tr\/index.php\/urun\/ben-sana-yetisemedim\/"},"modified":"2026-04-13T02:38:57","modified_gmt":"2026-04-12T23:38:57","slug":"ben-sana-yetisemedim","status":"publish","type":"product","link":"https:\/\/roveyayinevi.com.tr\/index.php\/urun\/ben-sana-yetisemedim\/","title":{"rendered":"Ben Sana Yeti\u015femedim"},"content":{"rendered":"<p>Ben g\u00f6zlerimi kapatt\u0131m, Sen de bana sol yan\u0131n\u0131&#8230; Ne yapt\u0131ysam, Bir t\u00fcrl\u00fc sana eri\u015femedim. A\u015fk kimine g\u00f6re ka\u00e7mak, Kimine g\u00f6re de kovalamakt\u0131. Fakat sen ka\u00e7may\u0131 tercih ettin. Ve BEN SANA H\u0130\u00c7 YET\u0130\u015eEMED\u0130M. <\/p>\n","protected":false},"excerpt":{"rendered":"<p>Ben g\u00f6zlerimi kapatt\u0131m, Sen de bana sol yan\u0131n\u0131&#8230; Ne yapt\u0131ysam, Bir t\u00fcrl\u00fc sana eri\u015femedim. A\u015fk kimine g\u00f6re ka\u00e7mak, Kimine g\u00f6re de kovalamakt\u0131. Fakat sen ka\u00e7may\u0131 tercih<span class=\"excerpt-hellip\"> [\u2026]<\/span><\/p>\n","protected":false},"featured_media":0,"template":"","meta":{"_monsterinsights_skip_tracking":false,"_monsterinsights_sitenote_active":false,"_monsterinsights_sitenote_note":"","_monsterinsights_sitenote_category":0},"product_brand":[],"product_cat":[12291,12509],"product_tag":[],"class_list":{"0":"post-724193","1":"product","2":"type-product","3":"status-publish","5":"product_cat-edebiyat","6":"product_cat-siir","7":"pa_cilt-ciltsiz","8":"pa_tur-kitap","9":"pa_yayinevi-cinaralti-yayinlari","10":"pa_yazar-ahmet-yakut","12":"first","13":"instock","14":"sale","15":"shipping-taxable","16":"purchasable","17":"product-type-simple"},"_links":{"self":[{"href":"https:\/\/roveyayinevi.com.tr\/index.php\/wp-json\/wp\/v2\/product\/724193","targetHints":{"allow":["GET"]}}],"collection":[{"href":"https:\/\/roveyayinevi.com.tr\/index.php\/wp-json\/wp\/v2\/product"}],"about":[{"href":"https:\/\/roveyayinevi.com.tr\/index.php\/wp-json\/wp\/v2\/types\/product"}],"wp:attachment":[{"href":"https:\/\/roveyayinevi.com.tr\/index.php\/wp-json\/wp\/v2\/media?parent=724193"}],"wp:term":[{"taxonomy":"product_brand","embeddable":true,"href":"https:\/\/roveyayinevi.com.tr\/index.php\/wp-json\/wp\/v2\/product_brand?post=724193"},{"taxonomy":"product_cat","embeddable":true,"href":"https:\/\/roveyayinevi.com.tr\/index.php\/wp-json\/wp\/v2\/product_cat?post=724193"},{"taxonomy":"product_tag","embeddable":true,"href":"https:\/\/roveyayinevi.com.tr\/index.php\/wp-json\/wp\/v2\/product_tag?post=724193"}],"curies":[{"name":"wp","href":"https:\/\/api.w.org\/{rel}","templated":true}]}}