{"id":724192,"date":"2025-08-27T19:30:36","date_gmt":"2025-08-27T16:30:36","guid":{"rendered":"https:\/\/roveyayinevi.com.tr\/index.php\/urun\/kimlik-4\/"},"modified":"2026-04-16T02:32:14","modified_gmt":"2026-04-15T23:32:14","slug":"kimlik-4","status":"publish","type":"product","link":"https:\/\/roveyayinevi.com.tr\/index.php\/urun\/kimlik-4\/","title":{"rendered":"Kimlik"},"content":{"rendered":"<p>A\u015fktaki murad\u0131m hududu a\u015ft\u0131, Erdim maksuduma d\u00f6nemem art\u0131k. Sevgin bir \u00e7a\u011flayan, sel oldu ta\u015ft\u0131, K\u00fc\u00e7\u00fck derelere giremem art\u0131k. Sevgiyi g\u00f6nl\u00fcmde ye\u015ferten kudret, Nefsine hakim ol, g\u00fczelce sabret, Kalmad\u0131 y\u00fcrekte ne kin, ne nefret, Hepsinden s\u0131yr\u0131l\u0131p, ar\u0131nd\u0131m art\u0131k.   \u0130rem ba\u011flar\u0131ndan g\u00fcl desteledim, Itri\u2019den, Baki\u2019den y\u0131r besteledim, Yunus ile Mevlana\u2019ya seslendim, N\u00e2 hak yere Hak\u2019tan olamam art\u0131k. <\/p>\n","protected":false},"excerpt":{"rendered":"<p>A\u015fktaki murad\u0131m hududu a\u015ft\u0131, Erdim maksuduma d\u00f6nemem art\u0131k. Sevgin bir \u00e7a\u011flayan, sel oldu ta\u015ft\u0131, K\u00fc\u00e7\u00fck derelere giremem art\u0131k. Sevgiyi g\u00f6nl\u00fcmde ye\u015ferten kudret, Nefsine hakim ol, g\u00fczelce<span class=\"excerpt-hellip\"> [\u2026]<\/span><\/p>\n","protected":false},"featured_media":0,"template":"","meta":{"_monsterinsights_skip_tracking":false,"_monsterinsights_sitenote_active":false,"_monsterinsights_sitenote_note":"","_monsterinsights_sitenote_category":0},"product_brand":[],"product_cat":[12291,12509],"product_tag":[],"class_list":{"0":"post-724192","1":"product","2":"type-product","3":"status-publish","5":"product_cat-edebiyat","6":"product_cat-siir","7":"pa_cilt-ciltsiz","8":"pa_tur-kitap","9":"pa_yayinevi-cinaralti-yayinlari","10":"pa_yazar-mustafa-duman","12":"first","13":"instock","14":"sale","15":"shipping-taxable","16":"purchasable","17":"product-type-simple"},"_links":{"self":[{"href":"https:\/\/roveyayinevi.com.tr\/index.php\/wp-json\/wp\/v2\/product\/724192","targetHints":{"allow":["GET"]}}],"collection":[{"href":"https:\/\/roveyayinevi.com.tr\/index.php\/wp-json\/wp\/v2\/product"}],"about":[{"href":"https:\/\/roveyayinevi.com.tr\/index.php\/wp-json\/wp\/v2\/types\/product"}],"wp:attachment":[{"href":"https:\/\/roveyayinevi.com.tr\/index.php\/wp-json\/wp\/v2\/media?parent=724192"}],"wp:term":[{"taxonomy":"product_brand","embeddable":true,"href":"https:\/\/roveyayinevi.com.tr\/index.php\/wp-json\/wp\/v2\/product_brand?post=724192"},{"taxonomy":"product_cat","embeddable":true,"href":"https:\/\/roveyayinevi.com.tr\/index.php\/wp-json\/wp\/v2\/product_cat?post=724192"},{"taxonomy":"product_tag","embeddable":true,"href":"https:\/\/roveyayinevi.com.tr\/index.php\/wp-json\/wp\/v2\/product_tag?post=724192"}],"curies":[{"name":"wp","href":"https:\/\/api.w.org\/{rel}","templated":true}]}}