{"id":724191,"date":"2025-08-27T19:30:35","date_gmt":"2025-08-27T16:30:35","guid":{"rendered":"https:\/\/roveyayinevi.com.tr\/index.php\/urun\/velhasil-2\/"},"modified":"2026-04-16T02:32:14","modified_gmt":"2026-04-15T23:32:14","slug":"velhasil-2","status":"publish","type":"product","link":"https:\/\/roveyayinevi.com.tr\/index.php\/urun\/velhasil-2\/","title":{"rendered":"Velhas\u0131l"},"content":{"rendered":"<p>\u201c\u0130ki par\u00e7a e\u015fyamla gitsem ba\u015fka takvimlere, El sabahlar\u0131n \u015eubat\u2019\u0131nda \u00fc\u015f\u00fcy\u00fcp, Kar giydirsem kafa tutup A\u011fustosu\u2019na\u2026\u201d Okuduklar\u0131, ya\u015fad\u0131klar\u0131 ve meslek hayat\u0131 i\u00e7indeki g\u00f6zlemleri ile elde etti\u011fi fark\u0131ndal\u0131klar\u0131, \u201cben\u201dden \u201cbiz\u201de aktararak hayat\u0131 dev\u015firmeye \u00e7al\u0131\u015fan bir hukuk insan\u0131n\u0131n, kendi sesini bulmu\u015f ve daha g\u00fczelini arayan \u015fiirlerinin e\u015fli\u011finde bir yolculu\u011fa ne dersiniz? <\/p>\n","protected":false},"excerpt":{"rendered":"<p>\u201c\u0130ki par\u00e7a e\u015fyamla gitsem ba\u015fka takvimlere, El sabahlar\u0131n \u015eubat\u2019\u0131nda \u00fc\u015f\u00fcy\u00fcp, Kar giydirsem kafa tutup A\u011fustosu\u2019na\u2026\u201d Okuduklar\u0131, ya\u015fad\u0131klar\u0131 ve meslek hayat\u0131 i\u00e7indeki g\u00f6zlemleri ile elde etti\u011fi fark\u0131ndal\u0131klar\u0131,<span class=\"excerpt-hellip\"> [\u2026]<\/span><\/p>\n","protected":false},"featured_media":0,"template":"","meta":{"_monsterinsights_skip_tracking":false,"_monsterinsights_sitenote_active":false,"_monsterinsights_sitenote_note":"","_monsterinsights_sitenote_category":0},"product_brand":[],"product_cat":[12291,12509],"product_tag":[],"class_list":{"0":"post-724191","1":"product","2":"type-product","3":"status-publish","5":"product_cat-edebiyat","6":"product_cat-siir","7":"pa_cilt-ciltsiz","8":"pa_tur-kitap","9":"pa_yayinevi-cinaralti-yayinlari","10":"pa_yazar-hacer-saglam","12":"first","13":"instock","14":"sale","15":"shipping-taxable","16":"purchasable","17":"product-type-simple"},"_links":{"self":[{"href":"https:\/\/roveyayinevi.com.tr\/index.php\/wp-json\/wp\/v2\/product\/724191","targetHints":{"allow":["GET"]}}],"collection":[{"href":"https:\/\/roveyayinevi.com.tr\/index.php\/wp-json\/wp\/v2\/product"}],"about":[{"href":"https:\/\/roveyayinevi.com.tr\/index.php\/wp-json\/wp\/v2\/types\/product"}],"wp:attachment":[{"href":"https:\/\/roveyayinevi.com.tr\/index.php\/wp-json\/wp\/v2\/media?parent=724191"}],"wp:term":[{"taxonomy":"product_brand","embeddable":true,"href":"https:\/\/roveyayinevi.com.tr\/index.php\/wp-json\/wp\/v2\/product_brand?post=724191"},{"taxonomy":"product_cat","embeddable":true,"href":"https:\/\/roveyayinevi.com.tr\/index.php\/wp-json\/wp\/v2\/product_cat?post=724191"},{"taxonomy":"product_tag","embeddable":true,"href":"https:\/\/roveyayinevi.com.tr\/index.php\/wp-json\/wp\/v2\/product_tag?post=724191"}],"curies":[{"name":"wp","href":"https:\/\/api.w.org\/{rel}","templated":true}]}}