{"id":724188,"date":"2025-08-27T19:30:33","date_gmt":"2025-08-27T16:30:33","guid":{"rendered":"https:\/\/roveyayinevi.com.tr\/index.php\/urun\/hayvanlar-alemine-yolculuk\/"},"modified":"2026-04-16T02:32:14","modified_gmt":"2026-04-15T23:32:14","slug":"hayvanlar-alemine-yolculuk","status":"publish","type":"product","link":"https:\/\/roveyayinevi.com.tr\/index.php\/urun\/hayvanlar-alemine-yolculuk\/","title":{"rendered":"Hayvanlar Alemine Yolculuk"},"content":{"rendered":"<p>Haydi, al\u0131n elinize boya kalemlerini ve renklerle hayvanlar \u00e2leminde unutulmaz bir yolculu\u011fa \u00e7\u0131k\u0131n. Birbirinden g\u00fczel motivasyon c\u00fcmleleri ile umudu, sevgiyi, ho\u015fg\u00f6r\u00fcy\u00fc yeniden hat\u0131rlarken, mandalalar\u0131n sizi stres, depresyon ve kayg\u0131dan uzakla\u015ft\u0131rmas\u0131na izin verin. \u00dcstelik birbirinden g\u00fczel tasar\u0131mlar\u0131, kaliteli bask\u0131s\u0131 ve perforaj detay\u0131yla dilerseniz eserlerinizle duvarlar\u0131n\u0131z\u0131 kolayca s\u00fcsleyebilirsiniz.<\/p>\n","protected":false},"excerpt":{"rendered":"<p>Haydi, al\u0131n elinize boya kalemlerini ve renklerle hayvanlar \u00e2leminde unutulmaz bir yolculu\u011fa \u00e7\u0131k\u0131n. Birbirinden g\u00fczel motivasyon c\u00fcmleleri ile umudu, sevgiyi, ho\u015fg\u00f6r\u00fcy\u00fc yeniden hat\u0131rlarken, mandalalar\u0131n sizi stres,<span class=\"excerpt-hellip\"> [\u2026]<\/span><\/p>\n","protected":false},"featured_media":0,"template":"","meta":{"_monsterinsights_skip_tracking":false,"_monsterinsights_sitenote_active":false,"_monsterinsights_sitenote_note":"","_monsterinsights_sitenote_category":0},"product_brand":[],"product_cat":[38511,15563],"product_tag":[],"class_list":{"0":"post-724188","1":"product","2":"type-product","3":"status-publish","5":"product_cat-buyukler-icin-boyama-mandala","6":"product_cat-hobi","7":"pa_cilt-ciltsiz","8":"pa_tur-kitap","9":"pa_yayinevi-arkadya-yayinlari","10":"pa_yazar-kolektif","12":"first","13":"instock","14":"sale","15":"shipping-taxable","16":"purchasable","17":"product-type-simple"},"_links":{"self":[{"href":"https:\/\/roveyayinevi.com.tr\/index.php\/wp-json\/wp\/v2\/product\/724188","targetHints":{"allow":["GET"]}}],"collection":[{"href":"https:\/\/roveyayinevi.com.tr\/index.php\/wp-json\/wp\/v2\/product"}],"about":[{"href":"https:\/\/roveyayinevi.com.tr\/index.php\/wp-json\/wp\/v2\/types\/product"}],"wp:attachment":[{"href":"https:\/\/roveyayinevi.com.tr\/index.php\/wp-json\/wp\/v2\/media?parent=724188"}],"wp:term":[{"taxonomy":"product_brand","embeddable":true,"href":"https:\/\/roveyayinevi.com.tr\/index.php\/wp-json\/wp\/v2\/product_brand?post=724188"},{"taxonomy":"product_cat","embeddable":true,"href":"https:\/\/roveyayinevi.com.tr\/index.php\/wp-json\/wp\/v2\/product_cat?post=724188"},{"taxonomy":"product_tag","embeddable":true,"href":"https:\/\/roveyayinevi.com.tr\/index.php\/wp-json\/wp\/v2\/product_tag?post=724188"}],"curies":[{"name":"wp","href":"https:\/\/api.w.org\/{rel}","templated":true}]}}