{"id":724187,"date":"2025-08-27T19:30:32","date_gmt":"2025-08-27T16:30:32","guid":{"rendered":"https:\/\/roveyayinevi.com.tr\/index.php\/urun\/mustakil-eylem\/"},"modified":"2026-04-16T02:32:14","modified_gmt":"2026-04-15T23:32:14","slug":"mustakil-eylem","status":"publish","type":"product","link":"https:\/\/roveyayinevi.com.tr\/index.php\/urun\/mustakil-eylem\/","title":{"rendered":"M\u00fcstakil Eylem"},"content":{"rendered":"<p>Uykuyla g\u00f6r\u00fcr\u00fcz. Uykuyla d\u00fc\u015fleriz. Uykuyla okur, gezer, yazar\u0131z. \u015eiirin insan\u0131n anayurdu olmas\u0131 gibi uyku da insan\u0131n \u00e7ocuklu\u011fudur. Soka\u011f\u0131, okulu, arkada\u015f\u0131, a\u015fk\u0131- d\u0131r. Anne gibi anlay\u0131\u015fl\u0131, \u015fiir gibi kavray\u0131\u015fl\u0131 ve masal kadar yat\u0131\u015ft\u0131r\u0131c\u0131d\u0131r. Uykuyu g\u00f6ze almal\u0131, uykuyla insan kendi seyrine bakmal\u0131, hep \u015fiirle kal\u0131nmaz ya, gelince hi\u00e7 ikiletmeden biraz da uykuyla kalmal\u0131, uyuyakalmal\u0131. Harfler de, dizeler de, yaz\u0131 da. Varl\u0131k uykunun olmal\u0131.\u201d -Haydar Erg\u00fclen   Uyku&#8230; Hayat\u0131m\u0131zdan \u00e7alan bir d\u00fc\u015fman m\u0131 yoksa ger\u00e7ekten kendimiz olabildi\u011fimiz, kendimizle olabildi\u011fimiz tek zaman m\u0131? Bazen davetsiz bir misafir bazen \u00e7a\u011fr\u0131lsa da gelmeyen&#8230; Bazen d\u00fc\u015f\u00fclen bazen kal\u0131nan&#8230; Herkesin uykuya ve uyumaya dair deneyimi biricik. Bu kitapta uykunun her halini bulacaks\u0131n\u0131z. S\u00fcmer Kral Destanlar\u0131\u2019ndaki uyku ile ilgili b\u00f6l\u00fcmler, 24 edebi deneme ve 3 \u00f6yk\u00fcy\u00fc bir araya getiren M\u00fcstakil Eylem, okuru uyku \u00fczerine biraz daha d\u00fc\u015f\u00fcnmeye ve konu\u015fmaya davet ediyor. <\/p>\n","protected":false},"excerpt":{"rendered":"<p>Uykuyla g\u00f6r\u00fcr\u00fcz. Uykuyla d\u00fc\u015fleriz. Uykuyla okur, gezer, yazar\u0131z. \u015eiirin insan\u0131n anayurdu olmas\u0131 gibi uyku da insan\u0131n \u00e7ocuklu\u011fudur. Soka\u011f\u0131, okulu, arkada\u015f\u0131, a\u015fk\u0131- d\u0131r. Anne gibi anlay\u0131\u015fl\u0131, \u015fiir<span class=\"excerpt-hellip\"> [\u2026]<\/span><\/p>\n","protected":false},"featured_media":0,"template":"","meta":{"_monsterinsights_skip_tracking":false,"_monsterinsights_sitenote_active":false,"_monsterinsights_sitenote_note":"","_monsterinsights_sitenote_category":0},"product_brand":[],"product_cat":[12291,12711],"product_tag":[],"class_list":{"0":"post-724187","1":"product","2":"type-product","3":"status-publish","5":"product_cat-edebiyat","6":"product_cat-roman-oyku","7":"pa_cilt-ciltsiz","8":"pa_tur-kitap","9":"pa_yayinevi-kara-karga-yayinlari","10":"pa_yazar-kolektif","12":"first","13":"instock","14":"sale","15":"shipping-taxable","16":"purchasable","17":"product-type-simple"},"_links":{"self":[{"href":"https:\/\/roveyayinevi.com.tr\/index.php\/wp-json\/wp\/v2\/product\/724187","targetHints":{"allow":["GET"]}}],"collection":[{"href":"https:\/\/roveyayinevi.com.tr\/index.php\/wp-json\/wp\/v2\/product"}],"about":[{"href":"https:\/\/roveyayinevi.com.tr\/index.php\/wp-json\/wp\/v2\/types\/product"}],"wp:attachment":[{"href":"https:\/\/roveyayinevi.com.tr\/index.php\/wp-json\/wp\/v2\/media?parent=724187"}],"wp:term":[{"taxonomy":"product_brand","embeddable":true,"href":"https:\/\/roveyayinevi.com.tr\/index.php\/wp-json\/wp\/v2\/product_brand?post=724187"},{"taxonomy":"product_cat","embeddable":true,"href":"https:\/\/roveyayinevi.com.tr\/index.php\/wp-json\/wp\/v2\/product_cat?post=724187"},{"taxonomy":"product_tag","embeddable":true,"href":"https:\/\/roveyayinevi.com.tr\/index.php\/wp-json\/wp\/v2\/product_tag?post=724187"}],"curies":[{"name":"wp","href":"https:\/\/api.w.org\/{rel}","templated":true}]}}