{"id":724186,"date":"2025-08-27T19:30:31","date_gmt":"2025-08-27T16:30:31","guid":{"rendered":"https:\/\/roveyayinevi.com.tr\/index.php\/urun\/ece-6\/"},"modified":"2026-04-16T02:32:14","modified_gmt":"2026-04-15T23:32:14","slug":"ece-6","status":"publish","type":"product","link":"https:\/\/roveyayinevi.com.tr\/index.php\/urun\/ece-6\/","title":{"rendered":"Ece 6"},"content":{"rendered":"<p>G\u00fczel, cevval, asi, zeki, komik, enerjik&#8230; Bas\u0131n koridorlar\u0131nda ve sokaklarda; erkek kalabal\u0131\u011f\u0131yla ku\u015fat\u0131lm\u0131\u015f bir d\u00fcnyada ya\u015fayan bir kad\u0131n gazeteci. H\u00fcrriyet gazetesinde her pazar yay\u0131mlanan maceralar\u0131yla \u00e7izgi roman ve bas\u0131n d\u00fcnyam\u0131zda kendine \u00f6zel bir yer edinen Ece, b\u00fct\u00fcn maceralar\u0131n\u0131n yer ald\u0131\u011f\u0131 bu serinin 6. kitab\u0131yla huzurlar\u0131n\u0131zda. <\/p>\n","protected":false},"excerpt":{"rendered":"<p>G\u00fczel, cevval, asi, zeki, komik, enerjik&#8230; Bas\u0131n koridorlar\u0131nda ve sokaklarda; erkek kalabal\u0131\u011f\u0131yla ku\u015fat\u0131lm\u0131\u015f bir d\u00fcnyada ya\u015fayan bir kad\u0131n gazeteci. H\u00fcrriyet gazetesinde her pazar yay\u0131mlanan maceralar\u0131yla \u00e7izgi<span class=\"excerpt-hellip\"> [\u2026]<\/span><\/p>\n","protected":false},"featured_media":0,"template":"","meta":{"_monsterinsights_skip_tracking":false,"_monsterinsights_sitenote_active":false,"_monsterinsights_sitenote_note":"","_monsterinsights_sitenote_category":0},"product_brand":[],"product_cat":[12416,12291],"product_tag":[],"class_list":{"0":"post-724186","1":"product","2":"type-product","3":"status-publish","5":"product_cat-cizgi-roman","6":"product_cat-edebiyat","7":"pa_cilt-ciltsiz","8":"pa_tur-kitap","9":"pa_yayinevi-kara-karga-yayinlari","10":"pa_yazar-m-k-perker","12":"first","13":"instock","14":"sale","15":"shipping-taxable","16":"purchasable","17":"product-type-simple"},"_links":{"self":[{"href":"https:\/\/roveyayinevi.com.tr\/index.php\/wp-json\/wp\/v2\/product\/724186","targetHints":{"allow":["GET"]}}],"collection":[{"href":"https:\/\/roveyayinevi.com.tr\/index.php\/wp-json\/wp\/v2\/product"}],"about":[{"href":"https:\/\/roveyayinevi.com.tr\/index.php\/wp-json\/wp\/v2\/types\/product"}],"wp:attachment":[{"href":"https:\/\/roveyayinevi.com.tr\/index.php\/wp-json\/wp\/v2\/media?parent=724186"}],"wp:term":[{"taxonomy":"product_brand","embeddable":true,"href":"https:\/\/roveyayinevi.com.tr\/index.php\/wp-json\/wp\/v2\/product_brand?post=724186"},{"taxonomy":"product_cat","embeddable":true,"href":"https:\/\/roveyayinevi.com.tr\/index.php\/wp-json\/wp\/v2\/product_cat?post=724186"},{"taxonomy":"product_tag","embeddable":true,"href":"https:\/\/roveyayinevi.com.tr\/index.php\/wp-json\/wp\/v2\/product_tag?post=724186"}],"curies":[{"name":"wp","href":"https:\/\/api.w.org\/{rel}","templated":true}]}}