{"id":724184,"date":"2025-08-27T19:30:30","date_gmt":"2025-08-27T16:30:30","guid":{"rendered":"https:\/\/roveyayinevi.com.tr\/index.php\/urun\/hacker-cocuk\/"},"modified":"2025-11-06T05:59:43","modified_gmt":"2025-11-06T02:59:43","slug":"hacker-cocuk","status":"publish","type":"product","link":"https:\/\/roveyayinevi.com.tr\/index.php\/urun\/hacker-cocuk\/","title":{"rendered":"Hacker \u00c7ocuk"},"content":{"rendered":"<p>\u015eu hayatta akl\u0131n\u0131za gelen en \u00e7\u0131lg\u0131nca \u015fey ne olabilir? Bir delilik yapsan\u0131z, mesela herkesin reddetti\u011fi, toplumun d\u0131\u015flad\u0131\u011f\u0131 bir \u015fey\u2026 Ne dersiniz? Hackerl\u0131k m\u0131? \u015eaka yap\u0131yor olmal\u0131s\u0131n\u0131z! Birileri sizi fena halde yan\u0131ltm\u0131\u015f. \u00c7\u00fcnk\u00fc \u201cHackerlik\u201d \u00f6yle herkesin s\u00f6yledi\u011fi gibi yasad\u0131\u015f\u0131 ve k\u00f6t\u00fc bir \u015fey de\u011fil. Tam aksine, hacker olmal\u0131 ve bir hacker gibi d\u00fc\u015f\u00fcnmelisiniz. Hacker olmaktan kast\u0131m\u0131z, bilgisayar sistemlerini \u00e7ok iyi bilen, \u00fcst d\u00fczey programlama bilgisine sahip birisi ya da \u015fifreleri k\u0131ran, hesaplara s\u0131zan birisi de\u011fil. \u00c7evresini ve \u00e7evresinde \u00e7al\u0131\u015fan cihazlar\u0131 iyi tan\u0131yan ve gerekti\u011finde bu sistemlerin eksik yanlar\u0131n\u0131 d\u00fczelten ve onlar\u0131 de\u011fi\u015ftiren yani hackleyen birisi. Tam da bu noktada kahraman\u0131m\u0131z \u201cHacker \u00c7ocuk\u201d Berk, bu kitaptaki hik\u00e2yesiyle hacker olma yolunda ba\u015f\u0131na neler geldi\u011fini anlat\u0131yor ve macera dolu hayat \u00f6yk\u00fcs\u00fcyle herkesin ilgisini \u00e7ekiyor. Ayr\u0131ca Berk, bilgisayar d\u00fcnyas\u0131, \u015fifreler, g\u00fcvenlik \u00f6nlemleri, programlama dilleri ve daha bir\u00e7ok konu hakk\u0131nda hepimize \u00f6nemli bilgiler sunuyor.Bilgisayar d\u00fcnyas\u0131n\u0131 seven her \u00e7ocu\u011fun yan\u0131ndan ay\u0131ramayaca\u011f\u0131 kitap olma yolunda Hacker \u00c7ocuk!<\/p>\n","protected":false},"excerpt":{"rendered":"<p>\u015eu hayatta akl\u0131n\u0131za gelen en \u00e7\u0131lg\u0131nca \u015fey ne olabilir? Bir delilik yapsan\u0131z, mesela herkesin reddetti\u011fi, toplumun d\u0131\u015flad\u0131\u011f\u0131 bir \u015fey\u2026 Ne dersiniz? Hackerl\u0131k m\u0131? \u015eaka yap\u0131yor olmal\u0131s\u0131n\u0131z!<span class=\"excerpt-hellip\"> [\u2026]<\/span><\/p>\n","protected":false},"featured_media":0,"template":"","meta":{"_monsterinsights_skip_tracking":false,"_monsterinsights_sitenote_active":false,"_monsterinsights_sitenote_note":"","_monsterinsights_sitenote_category":0},"product_brand":[],"product_cat":[12274,12284],"product_tag":[],"class_list":{"0":"post-724184","1":"product","2":"type-product","3":"status-publish","5":"product_cat-cocuk-ve-genclik-kitaplari","6":"product_cat-hikayeler","7":"pa_cilt-ciltsiz","8":"pa_tur-kitap","9":"pa_yayinevi-abakus-kitap","10":"pa_yazar-mahmut-bora-karakus","12":"first","13":"instock","14":"sale","15":"shipping-taxable","16":"purchasable","17":"product-type-simple"},"_links":{"self":[{"href":"https:\/\/roveyayinevi.com.tr\/index.php\/wp-json\/wp\/v2\/product\/724184","targetHints":{"allow":["GET"]}}],"collection":[{"href":"https:\/\/roveyayinevi.com.tr\/index.php\/wp-json\/wp\/v2\/product"}],"about":[{"href":"https:\/\/roveyayinevi.com.tr\/index.php\/wp-json\/wp\/v2\/types\/product"}],"wp:attachment":[{"href":"https:\/\/roveyayinevi.com.tr\/index.php\/wp-json\/wp\/v2\/media?parent=724184"}],"wp:term":[{"taxonomy":"product_brand","embeddable":true,"href":"https:\/\/roveyayinevi.com.tr\/index.php\/wp-json\/wp\/v2\/product_brand?post=724184"},{"taxonomy":"product_cat","embeddable":true,"href":"https:\/\/roveyayinevi.com.tr\/index.php\/wp-json\/wp\/v2\/product_cat?post=724184"},{"taxonomy":"product_tag","embeddable":true,"href":"https:\/\/roveyayinevi.com.tr\/index.php\/wp-json\/wp\/v2\/product_tag?post=724184"}],"curies":[{"name":"wp","href":"https:\/\/api.w.org\/{rel}","templated":true}]}}