{"id":724182,"date":"2025-08-27T19:30:28","date_gmt":"2025-08-27T16:30:28","guid":{"rendered":"https:\/\/roveyayinevi.com.tr\/index.php\/urun\/golgelerin-efendisi-14-son-duello\/"},"modified":"2026-04-16T02:32:14","modified_gmt":"2026-04-15T23:32:14","slug":"golgelerin-efendisi-14-son-duello","status":"publish","type":"product","link":"https:\/\/roveyayinevi.com.tr\/index.php\/urun\/golgelerin-efendisi-14-son-duello\/","title":{"rendered":"G\u00f6lgelerin Efendisi 14 &#8211; Son D\u00fcello"},"content":{"rendered":"<p>Son y\u0131llarda pek \u00e7ok fantastik kitap yay\u0131mland\u0131 ama pek az\u0131 bu \u00f6zg\u00fcn \u00f6yk\u00fcn\u00fcn \u00e7ekicili\u011fine eri\u015febildi.BooklistY\u00fcz\u00fcklerin Efendisi ve Harry Potter serilerinin tad\u0131n\u0131 ta\u015f\u0131yan, soluksuz bir macera.LimelightMacera devam ediyor&#8230;Kral Duncan ve Prenses Cassandra, Araluen \u015eatosu\u2019nun g\u00fcney kulesinde, K\u0131z\u0131l Tilki Klan\u0131\u2019n\u0131n ku\u015fatmas\u0131 alt\u0131ndad\u0131r. S\u00f6r Horace ve Orman Muhaf\u0131zlar\u0131n\u0131n Komutan\u0131 Gilan, eski bir tepe kalesinde d\u00fc\u015fmanla \u00e7evrilmi\u015ftir. Ve onlar\u0131 kurtarabilecek tek ki\u015fi, Orman Muhaf\u0131z\u0131 e\u011fitimini hen\u00fcz tamamlamam\u0131\u015f olan Maddie\u2019dir. Maddie, Karde\u015flik Sava\u015f\u00e7\u0131lar\u0131\u2019n\u0131n yard\u0131m\u0131yla \u00f6nce babas\u0131n\u0131, Gilan\u2019\u0131 ve adamlar\u0131n\u0131  kurtarmaya karar verir. Peki Kral Duncan ile Prenses Cassandra, K\u0131z\u0131l Tilki Klan\u0131 taraf\u0131ndan \u00f6ld\u00fcr\u00fclmeden \u015fatoya ula\u015fabilecekler midir?<\/p>\n","protected":false},"excerpt":{"rendered":"<p>Son y\u0131llarda pek \u00e7ok fantastik kitap yay\u0131mland\u0131 ama pek az\u0131 bu \u00f6zg\u00fcn \u00f6yk\u00fcn\u00fcn \u00e7ekicili\u011fine eri\u015febildi.BooklistY\u00fcz\u00fcklerin Efendisi ve Harry Potter serilerinin tad\u0131n\u0131 ta\u015f\u0131yan, soluksuz bir macera.LimelightMacera devam<span class=\"excerpt-hellip\"> [\u2026]<\/span><\/p>\n","protected":false},"featured_media":0,"template":"","meta":{"_monsterinsights_skip_tracking":false,"_monsterinsights_sitenote_active":false,"_monsterinsights_sitenote_note":"","_monsterinsights_sitenote_category":0},"product_brand":[],"product_cat":[12291,15117],"product_tag":[],"class_list":{"0":"post-724182","1":"product","2":"type-product","3":"status-publish","5":"product_cat-edebiyat","6":"product_cat-genclik-edebiyati","7":"pa_cilt-ciltsiz","8":"pa_tur-kitap","9":"pa_yayinevi-beyaz-balina-yayinlari","10":"pa_yazar-john-flanagan","12":"first","13":"instock","14":"sale","15":"shipping-taxable","16":"purchasable","17":"product-type-simple"},"_links":{"self":[{"href":"https:\/\/roveyayinevi.com.tr\/index.php\/wp-json\/wp\/v2\/product\/724182","targetHints":{"allow":["GET"]}}],"collection":[{"href":"https:\/\/roveyayinevi.com.tr\/index.php\/wp-json\/wp\/v2\/product"}],"about":[{"href":"https:\/\/roveyayinevi.com.tr\/index.php\/wp-json\/wp\/v2\/types\/product"}],"wp:attachment":[{"href":"https:\/\/roveyayinevi.com.tr\/index.php\/wp-json\/wp\/v2\/media?parent=724182"}],"wp:term":[{"taxonomy":"product_brand","embeddable":true,"href":"https:\/\/roveyayinevi.com.tr\/index.php\/wp-json\/wp\/v2\/product_brand?post=724182"},{"taxonomy":"product_cat","embeddable":true,"href":"https:\/\/roveyayinevi.com.tr\/index.php\/wp-json\/wp\/v2\/product_cat?post=724182"},{"taxonomy":"product_tag","embeddable":true,"href":"https:\/\/roveyayinevi.com.tr\/index.php\/wp-json\/wp\/v2\/product_tag?post=724182"}],"curies":[{"name":"wp","href":"https:\/\/api.w.org\/{rel}","templated":true}]}}