{"id":724180,"date":"2025-08-27T19:30:27","date_gmt":"2025-08-27T16:30:27","guid":{"rendered":"https:\/\/roveyayinevi.com.tr\/index.php\/urun\/yunan-mitleri-kutulu-2-cilt\/"},"modified":"2026-04-16T02:32:14","modified_gmt":"2026-04-15T23:32:14","slug":"yunan-mitleri-kutulu-2-cilt","status":"publish","type":"product","link":"https:\/\/roveyayinevi.com.tr\/index.php\/urun\/yunan-mitleri-kutulu-2-cilt\/","title":{"rendered":"Yunan Mitleri (Kutulu, 2 Cilt)"},"content":{"rendered":"<p>Anadolu, Girit, Mezopotamya, Fenike ve M\u0131s\u0131r\u2019daki s\u00f6zl\u00fc geleneklerin \u00fcr\u00fcn\u00fc Yunan mitleri tarih boyunca hi\u00e7 durmadan konu edilip i\u015flenmi\u015f, i\u015flendik\u00e7e de\u011fi\u015fmi\u015f, de\u011fi\u015ftirilmi\u015f, yeni bi\u00e7imlere d\u00f6n\u00fc\u015fm\u00fc\u015f ve b\u00fct\u00fcn d\u00fcnyada sanat\u0131, edebiyat\u0131, masallar\u0131, toplumsal yap\u0131lar\u0131 ve gelenekleri etkilemi\u015ftir. Bu yolla tekrar tekrar kar\u015f\u0131m\u0131za \u00e7\u0131kan mitolojik karakterlerin, tanr\u0131lar\u0131n, kahramanlar\u0131n; Zeus, \u0130karos, Metis, Kirke, Artemis ve bunun gibi y\u00fczlercesinin as\u0131l hik\u00e2yesi nedir? \u0130nsana, tanr\u0131lar\u0131n d\u00fcnyas\u0131nda d\u00fcnyevi olana dair ne s\u00f6ylerler?   Robert Graves muazzam bir kaynak yelpazesinden faydalanarak tamamlad\u0131\u011f\u0131 bu kapsaml\u0131 \u00e7al\u0131\u015fmas\u0131nda Yunan mitlerinin tamam\u0131n\u0131 basit bir anlat\u0131 formunda, maddeler halinde bir araya getiriyor, onlar\u0131 tarihteki \u00e7e\u015fitli mit yazarlar\u0131n\u0131n farkl\u0131 anlat\u0131mlar\u0131yla ve farkl\u0131 k\u00fclt\u00fcrlerin mitolojileriyle ili\u015fkilendirerek aktar\u0131yor. Her bir maddeye d\u00fc\u015ft\u00fc\u011f\u00fc kendi ayr\u0131nt\u0131l\u0131 notlar\u0131nda, mitlerin yorum sorunlar\u0131n\u0131, zaman i\u00e7inde u\u011frad\u0131klar\u0131 de\u011fi\u015fimleri tarihsel, politik ve antropolojik a\u00e7\u0131lardan ve \u00e7a\u011fda\u015f ara\u015ft\u0131rmalar \u0131\u015f\u0131\u011f\u0131nda ele\u015ftirel bir incelemeye tabi tutuyor.   Yunan mitolojisini konu alan ilk modern ansiklopedik \u00e7al\u0131\u015fma olarak kabul edilen iki ciltlik Yunan Mitleri ilk yay\u0131mland\u0131\u011f\u0131 tarihten bu yana \u00e7evrildi\u011fi yirmiye yak\u0131n dilde alan\u0131n uzmanlar\u0131 kadar mitolojiye ilgi duyan okurlar i\u00e7in de klasikle\u015fmi\u015f bir kaynak haline gelmi\u015ftir. Robert Graves\u2019in Yunan Mitleri T\u00fcrk\u00e7ede ilk kez 2004 y\u0131l\u0131nda Say Yay\u0131nlar\u0131 taraf\u0131ndan U\u011fur Akpur\u2019un \u00e7evirisiyle yay\u0131mlanm\u0131\u015ft\u0131r. Bu yeni bask\u0131s\u0131n\u0131n haz\u0131rl\u0131k a\u015famas\u0131nda mevcut \u00e7eviride \u00f6nemli miktarda edit\u00f6ryal de\u011fi\u015fiklik ve d\u00fczelti yap\u0131lm\u0131\u015ft\u0131r. Yirmiye yak\u0131n dile \u00e7evrilmi\u015f, Yunan mitlerinin \u00f6l\u00fcms\u00fcz hik\u00e2yelerini eksiksiz bir araya getiren bu klasikle\u015fmi\u015f \u00e7al\u0131\u015fmay\u0131 yenilenmi\u015f bask\u0131s\u0131yla okurlarla bulu\u015fturmaktan mutluluk duyuyoruz.<\/p>\n","protected":false},"excerpt":{"rendered":"<p>Anadolu, Girit, Mezopotamya, Fenike ve M\u0131s\u0131r\u2019daki s\u00f6zl\u00fc geleneklerin \u00fcr\u00fcn\u00fc Yunan mitleri tarih boyunca hi\u00e7 durmadan konu edilip i\u015flenmi\u015f, i\u015flendik\u00e7e de\u011fi\u015fmi\u015f, de\u011fi\u015ftirilmi\u015f, yeni bi\u00e7imlere d\u00f6n\u00fc\u015fm\u00fc\u015f ve b\u00fct\u00fcn<span class=\"excerpt-hellip\"> [\u2026]<\/span><\/p>\n","protected":false},"featured_media":0,"template":"","meta":{"_monsterinsights_skip_tracking":false,"_monsterinsights_sitenote_active":false,"_monsterinsights_sitenote_note":"","_monsterinsights_sitenote_category":0},"product_brand":[],"product_cat":[12718,12858],"product_tag":[],"class_list":{"0":"post-724180","1":"product","2":"type-product","3":"status-publish","5":"product_cat-din","6":"product_cat-mitolojiler","7":"pa_cilt-takim","8":"pa_tur-kitap","9":"pa_yayinevi-kolektif-ozel-prestij","10":"pa_yazar-robert-graves","12":"first","13":"instock","14":"sale","15":"shipping-taxable","16":"purchasable","17":"product-type-simple"},"_links":{"self":[{"href":"https:\/\/roveyayinevi.com.tr\/index.php\/wp-json\/wp\/v2\/product\/724180","targetHints":{"allow":["GET"]}}],"collection":[{"href":"https:\/\/roveyayinevi.com.tr\/index.php\/wp-json\/wp\/v2\/product"}],"about":[{"href":"https:\/\/roveyayinevi.com.tr\/index.php\/wp-json\/wp\/v2\/types\/product"}],"wp:attachment":[{"href":"https:\/\/roveyayinevi.com.tr\/index.php\/wp-json\/wp\/v2\/media?parent=724180"}],"wp:term":[{"taxonomy":"product_brand","embeddable":true,"href":"https:\/\/roveyayinevi.com.tr\/index.php\/wp-json\/wp\/v2\/product_brand?post=724180"},{"taxonomy":"product_cat","embeddable":true,"href":"https:\/\/roveyayinevi.com.tr\/index.php\/wp-json\/wp\/v2\/product_cat?post=724180"},{"taxonomy":"product_tag","embeddable":true,"href":"https:\/\/roveyayinevi.com.tr\/index.php\/wp-json\/wp\/v2\/product_tag?post=724180"}],"curies":[{"name":"wp","href":"https:\/\/api.w.org\/{rel}","templated":true}]}}