{"id":724179,"date":"2025-08-27T19:30:26","date_gmt":"2025-08-27T16:30:26","guid":{"rendered":"https:\/\/roveyayinevi.com.tr\/index.php\/urun\/bebegimin-ilk-hayvan-kartlari-2-yas\/"},"modified":"2026-04-16T02:32:14","modified_gmt":"2026-04-15T23:32:14","slug":"bebegimin-ilk-hayvan-kartlari-2-yas","status":"publish","type":"product","link":"https:\/\/roveyayinevi.com.tr\/index.php\/urun\/bebegimin-ilk-hayvan-kartlari-2-yas\/","title":{"rendered":"Bebe\u011fimin \u0130lk Hayvan Kartlar\u0131 2 Ya\u015f"},"content":{"rendered":"<p>Ara\u015ft\u0131rmalara g\u00f6re insanlar g\u00f6r\u00fcp, duyup, s\u00f6ylediklerinin %80\u2019ini hat\u0131rlamaktad\u0131r. Bu kartlar \u00e7ocu\u011fun g\u00fcndelik ya\u015famda kullanaca\u011f\u0131 kelimelerin daha fazla hat\u0131rlanmas\u0131n\u0131 sa\u011flar. Bunun yan\u0131nda dil geli\u015fimini, g\u00f6rsel alg\u0131s\u0131n\u0131, hayvanlar\u0131 tan\u0131mas\u0131n\u0131 ve kelime hazinesini g\u00fc\u00e7lendirir.Bakteri \u00fcretmeyen, do\u011fayla dost, geri d\u00f6n\u00fc\u015f\u00fcml\u00fc, esnek ve sa\u011fl\u0131kl\u0131 bir malzeme olan EVA ile \u00fcretilmi\u015f olan \u201cBebe\u011fimin \u0130lk Hayvan Kartlar\u0131\u201dn\u0131 2 ya\u015f ve \u00fczeri t\u00fcm \u00e7ocuklar i\u00e7in tavsiye ederim.B\u00fc\u015fra B\u00fcrc\u00fcPsikolog<\/p>\n","protected":false},"excerpt":{"rendered":"<p>Ara\u015ft\u0131rmalara g\u00f6re insanlar g\u00f6r\u00fcp, duyup, s\u00f6ylediklerinin %80\u2019ini hat\u0131rlamaktad\u0131r. Bu kartlar \u00e7ocu\u011fun g\u00fcndelik ya\u015famda kullanaca\u011f\u0131 kelimelerin daha fazla hat\u0131rlanmas\u0131n\u0131 sa\u011flar. Bunun yan\u0131nda dil geli\u015fimini, g\u00f6rsel alg\u0131s\u0131n\u0131, hayvanlar\u0131<span class=\"excerpt-hellip\"> [\u2026]<\/span><\/p>\n","protected":false},"featured_media":0,"template":"","meta":{"_monsterinsights_skip_tracking":false,"_monsterinsights_sitenote_active":false,"_monsterinsights_sitenote_note":"","_monsterinsights_sitenote_category":0},"product_brand":[],"product_cat":[12274,24599],"product_tag":[],"class_list":{"0":"post-724179","1":"product","2":"type-product","3":"status-publish","5":"product_cat-cocuk-ve-genclik-kitaplari","6":"product_cat-zeka-gelisimi","7":"pa_cilt-ciltsiz","8":"pa_tur-kitap20","9":"pa_yayinevi-parilti-yayinlari","10":"pa_yazar-kolektif","12":"first","13":"instock","14":"sale","15":"shipping-taxable","16":"purchasable","17":"product-type-simple"},"_links":{"self":[{"href":"https:\/\/roveyayinevi.com.tr\/index.php\/wp-json\/wp\/v2\/product\/724179","targetHints":{"allow":["GET"]}}],"collection":[{"href":"https:\/\/roveyayinevi.com.tr\/index.php\/wp-json\/wp\/v2\/product"}],"about":[{"href":"https:\/\/roveyayinevi.com.tr\/index.php\/wp-json\/wp\/v2\/types\/product"}],"wp:attachment":[{"href":"https:\/\/roveyayinevi.com.tr\/index.php\/wp-json\/wp\/v2\/media?parent=724179"}],"wp:term":[{"taxonomy":"product_brand","embeddable":true,"href":"https:\/\/roveyayinevi.com.tr\/index.php\/wp-json\/wp\/v2\/product_brand?post=724179"},{"taxonomy":"product_cat","embeddable":true,"href":"https:\/\/roveyayinevi.com.tr\/index.php\/wp-json\/wp\/v2\/product_cat?post=724179"},{"taxonomy":"product_tag","embeddable":true,"href":"https:\/\/roveyayinevi.com.tr\/index.php\/wp-json\/wp\/v2\/product_tag?post=724179"}],"curies":[{"name":"wp","href":"https:\/\/api.w.org\/{rel}","templated":true}]}}